{"id":1072,"date":"2020-08-04T13:18:34","date_gmt":"2020-08-04T13:18:34","guid":{"rendered":"https:\/\/conpleks.com\/innovation\/?page_id=1072"},"modified":"2020-08-05T13:41:48","modified_gmt":"2020-08-05T13:41:48","slug":"software","status":"publish","type":"page","link":"https:\/\/conpleks.com\/innovation\/innovation\/software\/","title":{"rendered":"Software"},"content":{"rendered":"<div class=\"entry_content clear\">\n<p>Hos Conpleks Innovation anvender vi moderne og fleksible udviklingsmilj\u00f8er, som underst\u00f8tter vores innovative og kreative softwarel\u00f8sninger. Vi udvikler prim\u00e6rt embedded software til udend\u00f8rs, mobile robotter og som supplement dertil, har vi udviklet funktionelle app- og cloudl\u00f8sninger. <a href=\"https:\/\/conpleks.com\/robotech\/produkter\/clara-app-platform\/\" target=\"_blank\" rel=\"noopener noreferrer\">Conpleks Clara App<\/a> sikrer en hurtig implementering af alle relevante styringsfunktioner, mens <a href=\"https:\/\/conpleks.com\/robotech\/produkter\/clara-cloud\/\" target=\"_blank\" rel=\"noopener noreferrer\">Conpleks Clara Cloud<\/a> tracker robotternes positioner og aktiviteter.<\/p>\n<p><strong>Embedded softwaresystemer<\/strong><br \/>\n\u2022 C, C++, MISRA C og Python<br \/>\n\u2022 Forskellige RTOS-operativsystemer<br \/>\n\u2022 Frameworks s\u00e5som ROS og Ubuntu<br \/>\n\u2022 SysML-baseret design med automatisk genereret design og kodedokumentation<\/p>\n<p><strong>App- og cloudplatforme<\/strong><br \/>\n\u2022 JavaScript frontend med AngularJS<br \/>\n\u2022 JavaScript backend med NodeJS<br \/>\n\u2022 Java til Android<br \/>\n\u2022 MySQL- og MongoDB-databaser<\/p>\n<p><strong>Moderne og agile udviklingsmilj\u00f8er<\/strong><br \/>\n\u2022 Jira-baseret opgaveh\u00e5ndtering<br \/>\n\u2022 Bitbucket-baseret versionskontrol af sourcekoden<br \/>\n\u2022 Automatiske Jenkins-buildsystemer<\/p>\n<p>&nbsp;<\/p>\n<p><img loading=\"lazy\" decoding=\"async\" class=\"alignnone wp-image-1100\" src=\"https:\/\/conpleks.com\/innovation\/wp-content\/uploads\/sites\/3\/2020\/08\/Clara-1024x512-1.png\" alt=\"Conpleks Clara App - a flexible app platform\" width=\"380\" height=\"190\" srcset=\"https:\/\/conpleks.com\/innovation\/wp-content\/uploads\/sites\/3\/2020\/08\/Clara-1024x512-1.png 1024w, https:\/\/conpleks.com\/innovation\/wp-content\/uploads\/sites\/3\/2020\/08\/Clara-1024x512-1-300x150.png 300w, https:\/\/conpleks.com\/innovation\/wp-content\/uploads\/sites\/3\/2020\/08\/Clara-1024x512-1-768x384.png 768w, https:\/\/conpleks.com\/innovation\/wp-content\/uploads\/sites\/3\/2020\/08\/Clara-1024x512-1-700x350.png 700w\" sizes=\"(max-width: 380px) 100vw, 380px\" \/> <img loading=\"lazy\" decoding=\"async\" class=\"alignnone wp-image-1105\" src=\"https:\/\/conpleks.com\/innovation\/wp-content\/uploads\/sites\/3\/2020\/08\/Activity-tracking_screen.png\" alt=\"Clara Cloud - Asset and activity tracking\" width=\"242\" height=\"185\" srcset=\"https:\/\/conpleks.com\/innovation\/wp-content\/uploads\/sites\/3\/2020\/08\/Activity-tracking_screen.png 532w, https:\/\/conpleks.com\/innovation\/wp-content\/uploads\/sites\/3\/2020\/08\/Activity-tracking_screen-300x229.png 300w\" sizes=\"(max-width: 242px) 100vw, 242px\" \/><\/div>\n","protected":false},"excerpt":{"rendered":"<p>Hos Conpleks Innovation anvender vi moderne og fleksible udviklingsmilj\u00f8er, som underst\u00f8tter vores innovative og kreative softwarel\u00f8sninger. Vi udvikler prim\u00e6rt embedded software til udend\u00f8rs, mobile robotter og som supplement dertil, har vi udviklet funktionelle app- og cloudl\u00f8sninger. Conpleks Clara App sikrer en hurtig implementering af alle relevante styringsfunktioner, mens Conpleks Clara Cloud tracker robotternes positioner og [&hellip;]<\/p>\n","protected":false},"author":4,"featured_media":0,"parent":30,"menu_order":0,"comment_status":"closed","ping_status":"closed","template":"","meta":{"footnotes":""},"class_list":["post-1072","page","type-page","status-publish","hentry"],"yoast_head":"<!-- This site is optimized with the Yoast SEO plugin v23.2 - https:\/\/yoast.com\/wordpress\/plugins\/seo\/ -->\n<title>Software - Innovation<\/title>\n<meta name=\"robots\" content=\"index, follow, max-snippet:-1, max-image-preview:large, max-video-preview:-1\" \/>\n<link rel=\"canonical\" href=\"https:\/\/conpleks.com\/innovation\/innovation\/software\/\" \/>\n<meta property=\"og:locale\" content=\"da_DK\" \/>\n<meta property=\"og:type\" content=\"article\" \/>\n<meta property=\"og:title\" content=\"Software - Innovation\" \/>\n<meta property=\"og:description\" content=\"Hos Conpleks Innovation anvender vi moderne og fleksible udviklingsmilj\u00f8er, som underst\u00f8tter vores innovative og kreative softwarel\u00f8sninger. Vi udvikler prim\u00e6rt embedded software til udend\u00f8rs, mobile robotter og som supplement dertil, har vi udviklet funktionelle app- og cloudl\u00f8sninger. Conpleks Clara App sikrer en hurtig implementering af alle relevante styringsfunktioner, mens Conpleks Clara Cloud tracker robotternes positioner og [&hellip;]\" \/>\n<meta property=\"og:url\" content=\"https:\/\/conpleks.com\/innovation\/innovation\/software\/\" \/>\n<meta property=\"og:site_name\" content=\"Innovation\" \/>\n<meta property=\"article:modified_time\" content=\"2020-08-05T13:41:48+00:00\" \/>\n<meta property=\"og:image\" content=\"https:\/\/conpleks.com\/innovation\/wp-content\/uploads\/sites\/3\/2020\/08\/Clara-1024x512-1.png\" \/>\n<meta name=\"twitter:card\" content=\"summary_large_image\" \/>\n<meta name=\"twitter:label1\" content=\"Est. reading time\" \/>\n\t<meta name=\"twitter:data1\" content=\"1 minut\" \/>\n<script type=\"application\/ld+json\" class=\"yoast-schema-graph\">{\"@context\":\"https:\/\/schema.org\",\"@graph\":[{\"@type\":\"WebPage\",\"@id\":\"https:\/\/conpleks.com\/innovation\/innovation\/software\/\",\"url\":\"https:\/\/conpleks.com\/innovation\/innovation\/software\/\",\"name\":\"Software - Innovation\",\"isPartOf\":{\"@id\":\"https:\/\/conpleks.com\/innovation\/?lang=en\/#website\"},\"primaryImageOfPage\":{\"@id\":\"https:\/\/conpleks.com\/innovation\/innovation\/software\/#primaryimage\"},\"image\":{\"@id\":\"https:\/\/conpleks.com\/innovation\/innovation\/software\/#primaryimage\"},\"thumbnailUrl\":\"https:\/\/conpleks.com\/innovation\/wp-content\/uploads\/sites\/3\/2020\/08\/Clara-1024x512-1.png\",\"datePublished\":\"2020-08-04T13:18:34+00:00\",\"dateModified\":\"2020-08-05T13:41:48+00:00\",\"breadcrumb\":{\"@id\":\"https:\/\/conpleks.com\/innovation\/innovation\/software\/#breadcrumb\"},\"inLanguage\":\"da-DK\",\"potentialAction\":[{\"@type\":\"ReadAction\",\"target\":[\"https:\/\/conpleks.com\/innovation\/innovation\/software\/\"]}]},{\"@type\":\"ImageObject\",\"inLanguage\":\"da-DK\",\"@id\":\"https:\/\/conpleks.com\/innovation\/innovation\/software\/#primaryimage\",\"url\":\"https:\/\/conpleks.com\/innovation\/wp-content\/uploads\/sites\/3\/2020\/08\/Clara-1024x512-1.png\",\"contentUrl\":\"https:\/\/conpleks.com\/innovation\/wp-content\/uploads\/sites\/3\/2020\/08\/Clara-1024x512-1.png\",\"width\":1024,\"height\":512,\"caption\":\"Conpleks Clara App - a flexible app platform\"},{\"@type\":\"BreadcrumbList\",\"@id\":\"https:\/\/conpleks.com\/innovation\/innovation\/software\/#breadcrumb\",\"itemListElement\":[{\"@type\":\"ListItem\",\"position\":1,\"name\":\"Home\",\"item\":\"https:\/\/conpleks.com\/innovation\/\"},{\"@type\":\"ListItem\",\"position\":2,\"name\":\"Innovation\",\"item\":\"https:\/\/conpleks.com\/innovation\/innovation\/\"},{\"@type\":\"ListItem\",\"position\":3,\"name\":\"Software\"}]},{\"@type\":\"WebSite\",\"@id\":\"https:\/\/conpleks.com\/innovation\/?lang=en\/#website\",\"url\":\"https:\/\/conpleks.com\/innovation\/?lang=en\/\",\"name\":\"Innovation\",\"description\":\"Outdoor Mobile Robots\",\"potentialAction\":[{\"@type\":\"SearchAction\",\"target\":{\"@type\":\"EntryPoint\",\"urlTemplate\":\"https:\/\/conpleks.com\/innovation\/?lang=en\/?s={search_term_string}\"},\"query-input\":\"required name=search_term_string\"}],\"inLanguage\":\"da-DK\"}]}<\/script>\n<!-- \/ Yoast SEO plugin. -->","yoast_head_json":{"title":"Software - Innovation","robots":{"index":"index","follow":"follow","max-snippet":"max-snippet:-1","max-image-preview":"max-image-preview:large","max-video-preview":"max-video-preview:-1"},"canonical":"https:\/\/conpleks.com\/innovation\/innovation\/software\/","og_locale":"da_DK","og_type":"article","og_title":"Software - Innovation","og_description":"Hos Conpleks Innovation anvender vi moderne og fleksible udviklingsmilj\u00f8er, som underst\u00f8tter vores innovative og kreative softwarel\u00f8sninger. Vi udvikler prim\u00e6rt embedded software til udend\u00f8rs, mobile robotter og som supplement dertil, har vi udviklet funktionelle app- og cloudl\u00f8sninger. Conpleks Clara App sikrer en hurtig implementering af alle relevante styringsfunktioner, mens Conpleks Clara Cloud tracker robotternes positioner og [&hellip;]","og_url":"https:\/\/conpleks.com\/innovation\/innovation\/software\/","og_site_name":"Innovation","article_modified_time":"2020-08-05T13:41:48+00:00","og_image":[{"url":"https:\/\/conpleks.com\/innovation\/wp-content\/uploads\/sites\/3\/2020\/08\/Clara-1024x512-1.png"}],"twitter_card":"summary_large_image","twitter_misc":{"Est. reading time":"1 minut"},"schema":{"@context":"https:\/\/schema.org","@graph":[{"@type":"WebPage","@id":"https:\/\/conpleks.com\/innovation\/innovation\/software\/","url":"https:\/\/conpleks.com\/innovation\/innovation\/software\/","name":"Software - Innovation","isPartOf":{"@id":"https:\/\/conpleks.com\/innovation\/?lang=en\/#website"},"primaryImageOfPage":{"@id":"https:\/\/conpleks.com\/innovation\/innovation\/software\/#primaryimage"},"image":{"@id":"https:\/\/conpleks.com\/innovation\/innovation\/software\/#primaryimage"},"thumbnailUrl":"https:\/\/conpleks.com\/innovation\/wp-content\/uploads\/sites\/3\/2020\/08\/Clara-1024x512-1.png","datePublished":"2020-08-04T13:18:34+00:00","dateModified":"2020-08-05T13:41:48+00:00","breadcrumb":{"@id":"https:\/\/conpleks.com\/innovation\/innovation\/software\/#breadcrumb"},"inLanguage":"da-DK","potentialAction":[{"@type":"ReadAction","target":["https:\/\/conpleks.com\/innovation\/innovation\/software\/"]}]},{"@type":"ImageObject","inLanguage":"da-DK","@id":"https:\/\/conpleks.com\/innovation\/innovation\/software\/#primaryimage","url":"https:\/\/conpleks.com\/innovation\/wp-content\/uploads\/sites\/3\/2020\/08\/Clara-1024x512-1.png","contentUrl":"https:\/\/conpleks.com\/innovation\/wp-content\/uploads\/sites\/3\/2020\/08\/Clara-1024x512-1.png","width":1024,"height":512,"caption":"Conpleks Clara App - a flexible app platform"},{"@type":"BreadcrumbList","@id":"https:\/\/conpleks.com\/innovation\/innovation\/software\/#breadcrumb","itemListElement":[{"@type":"ListItem","position":1,"name":"Home","item":"https:\/\/conpleks.com\/innovation\/"},{"@type":"ListItem","position":2,"name":"Innovation","item":"https:\/\/conpleks.com\/innovation\/innovation\/"},{"@type":"ListItem","position":3,"name":"Software"}]},{"@type":"WebSite","@id":"https:\/\/conpleks.com\/innovation\/?lang=en\/#website","url":"https:\/\/conpleks.com\/innovation\/?lang=en\/","name":"Innovation","description":"Outdoor Mobile Robots","potentialAction":[{"@type":"SearchAction","target":{"@type":"EntryPoint","urlTemplate":"https:\/\/conpleks.com\/innovation\/?lang=en\/?s={search_term_string}"},"query-input":"required name=search_term_string"}],"inLanguage":"da-DK"}]}},"_links":{"self":[{"href":"https:\/\/conpleks.com\/innovation\/wp-json\/wp\/v2\/pages\/1072"}],"collection":[{"href":"https:\/\/conpleks.com\/innovation\/wp-json\/wp\/v2\/pages"}],"about":[{"href":"https:\/\/conpleks.com\/innovation\/wp-json\/wp\/v2\/types\/page"}],"author":[{"embeddable":true,"href":"https:\/\/conpleks.com\/innovation\/wp-json\/wp\/v2\/users\/4"}],"replies":[{"embeddable":true,"href":"https:\/\/conpleks.com\/innovation\/wp-json\/wp\/v2\/comments?post=1072"}],"version-history":[{"count":8,"href":"https:\/\/conpleks.com\/innovation\/wp-json\/wp\/v2\/pages\/1072\/revisions"}],"predecessor-version":[{"id":1108,"href":"https:\/\/conpleks.com\/innovation\/wp-json\/wp\/v2\/pages\/1072\/revisions\/1108"}],"up":[{"embeddable":true,"href":"https:\/\/conpleks.com\/innovation\/wp-json\/wp\/v2\/pages\/30"}],"wp:attachment":[{"href":"https:\/\/conpleks.com\/innovation\/wp-json\/wp\/v2\/media?parent=1072"}],"curies":[{"name":"wp","href":"https:\/\/api.w.org\/{rel}","templated":true}]}}