{"id":1610,"date":"2022-05-04T13:22:02","date_gmt":"2022-05-04T13:22:02","guid":{"rendered":"https:\/\/conpleks.com\/innovation\/?page_id=1610"},"modified":"2022-05-04T13:25:20","modified_gmt":"2022-05-04T13:25:20","slug":"fasterholt","status":"publish","type":"page","link":"https:\/\/conpleks.com\/innovation\/innovation\/referencer\/fasterholt\/","title":{"rendered":"Fasterholt"},"content":{"rendered":"<div class=\"entry_content clear\">\n<h3><strong>Optimering af markvanding med controllerkoncept fra Conpleks<\/strong><\/h3>\n<p style=\"text-align: center;\"><em><br \/>\n\u201dVores erfaringer siger, at n\u00e5r man har med landm\u00e6nd at g\u00f8re, skal tingene virke f\u00f8rste gang. Man f\u00e5r ingen second chance. S\u00e5 intentionen var at lave en styring, der er lige s\u00e5 simpel som maskinen, og det har vi f\u00e5et.\u201d<\/em><\/p>\n<p style=\"text-align: center;\">&#8211; Danny Hansen, Fabrikschef hos Fasterholt<\/p>\n<h4><strong>Ny styring sikrer simpel, fleksibel og justerbar markvanding<\/strong><\/h4>\n<p>For at opn\u00e5 den mest optimale markvanding er det n\u00f8dvendigt at kunne tilpasse vandm\u00e6ngden til specifikke omr\u00e5der p\u00e5 hver enkelt mark ud fra vandingsbehov og topografi, hvilket ogs\u00e5 kaldes zonevanding. Med den nye controllerl\u00f8sning fra Conpleks kan Fasterholt tilbyde en ny og unik m\u00e5de at styre zonevandingen p\u00e5. Det skyldes blandt andet, at zonerne nu oprettes l\u00f8bende i en tilh\u00f8rende app, mens landmanden k\u00f8rer i marken.<\/p>\n<p>Et af Fasterholts overordnede form\u00e5l er at tilbyde fl\u00e5destyring via appen, idet l\u00f8sningen rummer fjernbetjening af indstillingerne og overv\u00e5gning af vandingsmaskinerne. Conpleks har p\u00e5 den baggrund lavet en r\u00e6kke features, som sparer landmanden for mange k\u00f8reture ud i marken. Eksempelvis kan landmanden nu starte og stoppe pumperne og indstille et s\u00e5kaldt tidligt stop i appen. Desuden er det muligt at gemme vandingstr\u00e6k med tidsforbrug fra de enkelte marker, s\u00e5 fremtidige vandinger og dermed arbejdsdagen kan planl\u00e6gges helt n\u00f8jagtigt. En anden tidsbesparende feature er muligheden for at se, om maskinen er f\u00e6rdig med at vande, og hvor den er placeret via GPS-positionering.<\/p>\n<p>&#8211; Det har overrasket mig, hvor omfattende processen har v\u00e6ret, n\u00e5r l\u00f8sningen er s\u00e5 simpel. Men for at f\u00e5 s\u00e5 enkel en l\u00f8sning, ligger der et k\u00e6mpe arbejde bag, og jeg er meget tilfreds. S\u00e5 tilfreds, at jeg vil have mere. Nu har vi udviklet en app, som klarer selve styringen, mens den optimale overv\u00e5gning kommer med cloudl\u00f8sningen, som er p\u00e5 vej, fort\u00e6ller Danny Hansen.<\/p>\n<h4><strong>Fremtidssikret l\u00f8sning<\/strong><\/h4>\n<p>Controllerkonceptet, som er ROS-baseret, bygger p\u00e5 Conpleks\u2019 softwareplatform og dermed den robotteknologi, virksomheden har udviklet gennem det sidste \u00e5rti. Der er dermed tale om en distribueret, CAN-baseret og fremtidssikret l\u00f8sning, som kan tilpasses efter de behov og \u00f8nsker, Fasterholt m\u00e5tte f\u00e5 i fremtiden. Samtidig forbinder controlleren vandingsmaskinen til appen og clouden via mobildata og Wi-Fi.<\/p>\n<p>Den nye controller monteres p\u00e5 de maskiner, der klarg\u00f8res til s\u00e6sonen 2023, og bliver dermed en standardkomponent p\u00e5 alle Fasterholts vandingsmaskiner.<\/p>\n<p><a href=\"https:\/\/conpleks.com\/innovation\/fasterholt-revolutionerer-markvanding-med-ny-controller-fra-conpleks\/\" target=\"_blank\" rel=\"noopener noreferrer\"><img loading=\"lazy\" decoding=\"async\" class=\"alignnone wp-image-1512 alignleft\" src=\"https:\/\/conpleks.com\/innovation\/wp-content\/uploads\/sites\/3\/2021\/12\/The-new-Fasterholt-controller-concept-includes-an-app-made-by-Conpleks-1024x938.jpg\" alt=\"Conpleks devloped an app for managing irrigators\" width=\"288\" height=\"264\" srcset=\"https:\/\/conpleks.com\/innovation\/wp-content\/uploads\/sites\/3\/2021\/12\/The-new-Fasterholt-controller-concept-includes-an-app-made-by-Conpleks-1024x938.jpg 1024w, https:\/\/conpleks.com\/innovation\/wp-content\/uploads\/sites\/3\/2021\/12\/The-new-Fasterholt-controller-concept-includes-an-app-made-by-Conpleks-300x275.jpg 300w, https:\/\/conpleks.com\/innovation\/wp-content\/uploads\/sites\/3\/2021\/12\/The-new-Fasterholt-controller-concept-includes-an-app-made-by-Conpleks-768x703.jpg 768w, https:\/\/conpleks.com\/innovation\/wp-content\/uploads\/sites\/3\/2021\/12\/The-new-Fasterholt-controller-concept-includes-an-app-made-by-Conpleks-1536x1406.jpg 1536w, https:\/\/conpleks.com\/innovation\/wp-content\/uploads\/sites\/3\/2021\/12\/The-new-Fasterholt-controller-concept-includes-an-app-made-by-Conpleks-2048x1875.jpg 2048w, https:\/\/conpleks.com\/innovation\/wp-content\/uploads\/sites\/3\/2021\/12\/The-new-Fasterholt-controller-concept-includes-an-app-made-by-Conpleks-700x641.jpg 700w\" sizes=\"(max-width: 288px) 100vw, 288px\" \/><\/a> <a href=\"https:\/\/www.fasterholt.dk\/da\/\" target=\"_blank\" rel=\"noopener noreferrer\"><img loading=\"lazy\" decoding=\"async\" class=\"alignnone wp-image-1510 alignleft\" src=\"https:\/\/conpleks.com\/innovation\/wp-content\/uploads\/sites\/3\/2021\/12\/Fasterholt-irrigator-with-the-new-controller-developed-by-Conpleks-768x1024.jpg\" alt=\"Fasterholt irrigator with Conpleks controller\" width=\"198\" height=\"264\" srcset=\"https:\/\/conpleks.com\/innovation\/wp-content\/uploads\/sites\/3\/2021\/12\/Fasterholt-irrigator-with-the-new-controller-developed-by-Conpleks-768x1024.jpg 768w, https:\/\/conpleks.com\/innovation\/wp-content\/uploads\/sites\/3\/2021\/12\/Fasterholt-irrigator-with-the-new-controller-developed-by-Conpleks-225x300.jpg 225w, https:\/\/conpleks.com\/innovation\/wp-content\/uploads\/sites\/3\/2021\/12\/Fasterholt-irrigator-with-the-new-controller-developed-by-Conpleks-1152x1536.jpg 1152w, https:\/\/conpleks.com\/innovation\/wp-content\/uploads\/sites\/3\/2021\/12\/Fasterholt-irrigator-with-the-new-controller-developed-by-Conpleks-1536x2048.jpg 1536w, https:\/\/conpleks.com\/innovation\/wp-content\/uploads\/sites\/3\/2021\/12\/Fasterholt-irrigator-with-the-new-controller-developed-by-Conpleks-700x933.jpg 700w, https:\/\/conpleks.com\/innovation\/wp-content\/uploads\/sites\/3\/2021\/12\/Fasterholt-irrigator-with-the-new-controller-developed-by-Conpleks-150x200.jpg 150w, https:\/\/conpleks.com\/innovation\/wp-content\/uploads\/sites\/3\/2021\/12\/Fasterholt-irrigator-with-the-new-controller-developed-by-Conpleks-scaled.jpg 1920w\" sizes=\"(max-width: 198px) 100vw, 198px\" \/><\/a><\/p>\n<p>&nbsp;<\/p>\n<p>Klik p\u00e5 billedet til venstre for at f\u00e5 flere informationer om den nye controller fra Conpleks og om, hvordan optimal ressourceudnyttelse gavner b\u00e5de milj\u00f8, ergonomi og udbytte. Klik p\u00e5 billedet til h\u00f8jre for flere informationer om Fasterholt.<\/p><\/div>\n","protected":false},"excerpt":{"rendered":"<p>Optimering af markvanding med controllerkoncept fra Conpleks \u201dVores erfaringer siger, at n\u00e5r man har med landm\u00e6nd at g\u00f8re, skal tingene virke f\u00f8rste gang. Man f\u00e5r ingen second chance. S\u00e5 intentionen var at lave en styring, der er lige s\u00e5 simpel som maskinen, og det har vi f\u00e5et.\u201d &#8211; Danny Hansen, Fabrikschef hos Fasterholt Ny styring [&hellip;]<\/p>\n","protected":false},"author":4,"featured_media":0,"parent":81,"menu_order":0,"comment_status":"closed","ping_status":"closed","template":"","meta":{"footnotes":""},"class_list":["post-1610","page","type-page","status-publish","hentry"],"yoast_head":"<!-- This site is optimized with the Yoast SEO plugin v23.2 - https:\/\/yoast.com\/wordpress\/plugins\/seo\/ -->\n<title>Controllerkoncept fra Conpleks revolutionerer markvanding<\/title>\n<meta name=\"description\" content=\"Fasterholt og Conpleks arbejder sammen om en intuitiv og simpel controller- og appl\u00f8sning til vandingsmaskiner\" \/>\n<meta name=\"robots\" content=\"index, follow, max-snippet:-1, max-image-preview:large, max-video-preview:-1\" \/>\n<link rel=\"canonical\" href=\"https:\/\/conpleks.com\/innovation\/innovation\/referencer\/fasterholt\/\" \/>\n<meta property=\"og:locale\" content=\"da_DK\" \/>\n<meta property=\"og:type\" content=\"article\" \/>\n<meta property=\"og:title\" content=\"Controllerkoncept fra Conpleks revolutionerer markvanding\" \/>\n<meta property=\"og:description\" content=\"Fasterholt og Conpleks arbejder sammen om en intuitiv og simpel controller- og appl\u00f8sning til vandingsmaskiner\" \/>\n<meta property=\"og:url\" content=\"https:\/\/conpleks.com\/innovation\/innovation\/referencer\/fasterholt\/\" \/>\n<meta property=\"og:site_name\" content=\"Innovation\" \/>\n<meta property=\"article:modified_time\" content=\"2022-05-04T13:25:20+00:00\" \/>\n<meta property=\"og:image\" content=\"https:\/\/conpleks.com\/innovation\/wp-content\/uploads\/sites\/3\/2021\/12\/The-new-Fasterholt-controller-concept-includes-an-app-made-by-Conpleks-1024x938.jpg\" \/>\n<meta name=\"twitter:card\" content=\"summary_large_image\" \/>\n<meta name=\"twitter:label1\" content=\"Est. reading time\" \/>\n\t<meta name=\"twitter:data1\" content=\"3 minutter\" \/>\n<script type=\"application\/ld+json\" class=\"yoast-schema-graph\">{\"@context\":\"https:\/\/schema.org\",\"@graph\":[{\"@type\":\"WebPage\",\"@id\":\"https:\/\/conpleks.com\/innovation\/innovation\/referencer\/fasterholt\/\",\"url\":\"https:\/\/conpleks.com\/innovation\/innovation\/referencer\/fasterholt\/\",\"name\":\"Controllerkoncept fra Conpleks revolutionerer markvanding\",\"isPartOf\":{\"@id\":\"https:\/\/conpleks.com\/innovation\/?lang=en\/#website\"},\"primaryImageOfPage\":{\"@id\":\"https:\/\/conpleks.com\/innovation\/innovation\/referencer\/fasterholt\/#primaryimage\"},\"image\":{\"@id\":\"https:\/\/conpleks.com\/innovation\/innovation\/referencer\/fasterholt\/#primaryimage\"},\"thumbnailUrl\":\"https:\/\/conpleks.com\/innovation\/wp-content\/uploads\/sites\/3\/2021\/12\/The-new-Fasterholt-controller-concept-includes-an-app-made-by-Conpleks-1024x938.jpg\",\"datePublished\":\"2022-05-04T13:22:02+00:00\",\"dateModified\":\"2022-05-04T13:25:20+00:00\",\"description\":\"Fasterholt og Conpleks arbejder sammen om en intuitiv og simpel controller- og appl\u00f8sning til vandingsmaskiner\",\"breadcrumb\":{\"@id\":\"https:\/\/conpleks.com\/innovation\/innovation\/referencer\/fasterholt\/#breadcrumb\"},\"inLanguage\":\"da-DK\",\"potentialAction\":[{\"@type\":\"ReadAction\",\"target\":[\"https:\/\/conpleks.com\/innovation\/innovation\/referencer\/fasterholt\/\"]}]},{\"@type\":\"ImageObject\",\"inLanguage\":\"da-DK\",\"@id\":\"https:\/\/conpleks.com\/innovation\/innovation\/referencer\/fasterholt\/#primaryimage\",\"url\":\"https:\/\/conpleks.com\/innovation\/wp-content\/uploads\/sites\/3\/2021\/12\/The-new-Fasterholt-controller-concept-includes-an-app-made-by-Conpleks.jpg\",\"contentUrl\":\"https:\/\/conpleks.com\/innovation\/wp-content\/uploads\/sites\/3\/2021\/12\/The-new-Fasterholt-controller-concept-includes-an-app-made-by-Conpleks.jpg\",\"width\":2538,\"height\":2324,\"caption\":\"By using the new controller concept, the farmer can manage the irrigator from the app and among other things see, when the machine is done irrigating. This reduces pointless trips to the field.\"},{\"@type\":\"BreadcrumbList\",\"@id\":\"https:\/\/conpleks.com\/innovation\/innovation\/referencer\/fasterholt\/#breadcrumb\",\"itemListElement\":[{\"@type\":\"ListItem\",\"position\":1,\"name\":\"Home\",\"item\":\"https:\/\/conpleks.com\/innovation\/\"},{\"@type\":\"ListItem\",\"position\":2,\"name\":\"Innovation\",\"item\":\"https:\/\/conpleks.com\/innovation\/innovation\/\"},{\"@type\":\"ListItem\",\"position\":3,\"name\":\"Referencer\",\"item\":\"https:\/\/conpleks.com\/innovation\/innovation\/referencer\/\"},{\"@type\":\"ListItem\",\"position\":4,\"name\":\"Fasterholt\"}]},{\"@type\":\"WebSite\",\"@id\":\"https:\/\/conpleks.com\/innovation\/?lang=en\/#website\",\"url\":\"https:\/\/conpleks.com\/innovation\/?lang=en\/\",\"name\":\"Innovation\",\"description\":\"Outdoor Mobile Robots\",\"potentialAction\":[{\"@type\":\"SearchAction\",\"target\":{\"@type\":\"EntryPoint\",\"urlTemplate\":\"https:\/\/conpleks.com\/innovation\/?lang=en\/?s={search_term_string}\"},\"query-input\":\"required name=search_term_string\"}],\"inLanguage\":\"da-DK\"}]}<\/script>\n<!-- \/ Yoast SEO plugin. -->","yoast_head_json":{"title":"Controllerkoncept fra Conpleks revolutionerer markvanding","description":"Fasterholt og Conpleks arbejder sammen om en intuitiv og simpel controller- og appl\u00f8sning til vandingsmaskiner","robots":{"index":"index","follow":"follow","max-snippet":"max-snippet:-1","max-image-preview":"max-image-preview:large","max-video-preview":"max-video-preview:-1"},"canonical":"https:\/\/conpleks.com\/innovation\/innovation\/referencer\/fasterholt\/","og_locale":"da_DK","og_type":"article","og_title":"Controllerkoncept fra Conpleks revolutionerer markvanding","og_description":"Fasterholt og Conpleks arbejder sammen om en intuitiv og simpel controller- og appl\u00f8sning til vandingsmaskiner","og_url":"https:\/\/conpleks.com\/innovation\/innovation\/referencer\/fasterholt\/","og_site_name":"Innovation","article_modified_time":"2022-05-04T13:25:20+00:00","og_image":[{"url":"https:\/\/conpleks.com\/innovation\/wp-content\/uploads\/sites\/3\/2021\/12\/The-new-Fasterholt-controller-concept-includes-an-app-made-by-Conpleks-1024x938.jpg"}],"twitter_card":"summary_large_image","twitter_misc":{"Est. reading time":"3 minutter"},"schema":{"@context":"https:\/\/schema.org","@graph":[{"@type":"WebPage","@id":"https:\/\/conpleks.com\/innovation\/innovation\/referencer\/fasterholt\/","url":"https:\/\/conpleks.com\/innovation\/innovation\/referencer\/fasterholt\/","name":"Controllerkoncept fra Conpleks revolutionerer markvanding","isPartOf":{"@id":"https:\/\/conpleks.com\/innovation\/?lang=en\/#website"},"primaryImageOfPage":{"@id":"https:\/\/conpleks.com\/innovation\/innovation\/referencer\/fasterholt\/#primaryimage"},"image":{"@id":"https:\/\/conpleks.com\/innovation\/innovation\/referencer\/fasterholt\/#primaryimage"},"thumbnailUrl":"https:\/\/conpleks.com\/innovation\/wp-content\/uploads\/sites\/3\/2021\/12\/The-new-Fasterholt-controller-concept-includes-an-app-made-by-Conpleks-1024x938.jpg","datePublished":"2022-05-04T13:22:02+00:00","dateModified":"2022-05-04T13:25:20+00:00","description":"Fasterholt og Conpleks arbejder sammen om en intuitiv og simpel controller- og appl\u00f8sning til vandingsmaskiner","breadcrumb":{"@id":"https:\/\/conpleks.com\/innovation\/innovation\/referencer\/fasterholt\/#breadcrumb"},"inLanguage":"da-DK","potentialAction":[{"@type":"ReadAction","target":["https:\/\/conpleks.com\/innovation\/innovation\/referencer\/fasterholt\/"]}]},{"@type":"ImageObject","inLanguage":"da-DK","@id":"https:\/\/conpleks.com\/innovation\/innovation\/referencer\/fasterholt\/#primaryimage","url":"https:\/\/conpleks.com\/innovation\/wp-content\/uploads\/sites\/3\/2021\/12\/The-new-Fasterholt-controller-concept-includes-an-app-made-by-Conpleks.jpg","contentUrl":"https:\/\/conpleks.com\/innovation\/wp-content\/uploads\/sites\/3\/2021\/12\/The-new-Fasterholt-controller-concept-includes-an-app-made-by-Conpleks.jpg","width":2538,"height":2324,"caption":"By using the new controller concept, the farmer can manage the irrigator from the app and among other things see, when the machine is done irrigating. This reduces pointless trips to the field."},{"@type":"BreadcrumbList","@id":"https:\/\/conpleks.com\/innovation\/innovation\/referencer\/fasterholt\/#breadcrumb","itemListElement":[{"@type":"ListItem","position":1,"name":"Home","item":"https:\/\/conpleks.com\/innovation\/"},{"@type":"ListItem","position":2,"name":"Innovation","item":"https:\/\/conpleks.com\/innovation\/innovation\/"},{"@type":"ListItem","position":3,"name":"Referencer","item":"https:\/\/conpleks.com\/innovation\/innovation\/referencer\/"},{"@type":"ListItem","position":4,"name":"Fasterholt"}]},{"@type":"WebSite","@id":"https:\/\/conpleks.com\/innovation\/?lang=en\/#website","url":"https:\/\/conpleks.com\/innovation\/?lang=en\/","name":"Innovation","description":"Outdoor Mobile Robots","potentialAction":[{"@type":"SearchAction","target":{"@type":"EntryPoint","urlTemplate":"https:\/\/conpleks.com\/innovation\/?lang=en\/?s={search_term_string}"},"query-input":"required name=search_term_string"}],"inLanguage":"da-DK"}]}},"_links":{"self":[{"href":"https:\/\/conpleks.com\/innovation\/wp-json\/wp\/v2\/pages\/1610"}],"collection":[{"href":"https:\/\/conpleks.com\/innovation\/wp-json\/wp\/v2\/pages"}],"about":[{"href":"https:\/\/conpleks.com\/innovation\/wp-json\/wp\/v2\/types\/page"}],"author":[{"embeddable":true,"href":"https:\/\/conpleks.com\/innovation\/wp-json\/wp\/v2\/users\/4"}],"replies":[{"embeddable":true,"href":"https:\/\/conpleks.com\/innovation\/wp-json\/wp\/v2\/comments?post=1610"}],"version-history":[{"count":2,"href":"https:\/\/conpleks.com\/innovation\/wp-json\/wp\/v2\/pages\/1610\/revisions"}],"predecessor-version":[{"id":1615,"href":"https:\/\/conpleks.com\/innovation\/wp-json\/wp\/v2\/pages\/1610\/revisions\/1615"}],"up":[{"embeddable":true,"href":"https:\/\/conpleks.com\/innovation\/wp-json\/wp\/v2\/pages\/81"}],"wp:attachment":[{"href":"https:\/\/conpleks.com\/innovation\/wp-json\/wp\/v2\/media?parent=1610"}],"curies":[{"name":"wp","href":"https:\/\/api.w.org\/{rel}","templated":true}]}}