{"id":32,"date":"2016-08-24T09:21:40","date_gmt":"2016-08-24T09:21:40","guid":{"rendered":"https:\/\/conpleks.com\/innovation\/?page_id=32"},"modified":"2016-08-24T09:26:00","modified_gmt":"2016-08-24T09:26:00","slug":"telecom","status":"publish","type":"page","link":"https:\/\/conpleks.com\/innovation\/telecom\/","title":{"rendered":"TELECOM"},"content":{"rendered":"<div class=\"entry_content clear\">\n<p>Hos Conpleks bliver telekommunikation til st\u00e6rke l\u00f8sninger til gl\u00e6de for kunde og slutbruger.<\/p>\n<p>Vi besidder know how og mange \u00e5rs erfaring indenfor udvikling af telekommunikation\u00a0 og er s\u00e5ledes en betroet R&amp;D partner for en af markedets f\u00f8rende akt\u00f8rer indenfor omr\u00e5det.<\/p>\n<p>Vi arbejder fx med:<\/p>\n<ul>\n<li>Bredb\u00e5nds-transmissions l\u00f8sninger, der baserer sig p\u00e5 VDSL2, Vectoring DSM3, Ethernet og IP, b\u00e5de kobber-baseret og optisk transmission.<\/li>\n<li>Kravspecifikationer og teknologistyring<\/li>\n<li>Embedded SW design, Application SW design og bruger-interface design<\/li>\n<li>Temperatur- og milj\u00f8h\u00e6rdet elektronik og mekanik<\/li>\n<\/ul>\n<p>N\u00e5r vi udvikler foreg\u00e5r det i fortrolighed og t\u00e6t dialog med vores kunde, s\u00e5 vi sammen sikrer det bedste resultat.<\/p>\n<p>Kontakt os for en uforpligtende snak om, hvad vi kan tilbyde jer.<\/p><\/div>\n","protected":false},"excerpt":{"rendered":"<p>Hos Conpleks bliver telekommunikation til st\u00e6rke l\u00f8sninger til gl\u00e6de for kunde og slutbruger. Vi besidder know how og mange \u00e5rs erfaring indenfor udvikling af telekommunikation\u00a0 og er s\u00e5ledes en betroet R&amp;D partner for en af markedets f\u00f8rende akt\u00f8rer indenfor omr\u00e5det. Vi arbejder fx med: Bredb\u00e5nds-transmissions l\u00f8sninger, der baserer sig p\u00e5 VDSL2, Vectoring DSM3, Ethernet og [&hellip;]<\/p>\n","protected":false},"author":1,"featured_media":0,"parent":0,"menu_order":0,"comment_status":"closed","ping_status":"closed","template":"","meta":{"footnotes":""},"class_list":["post-32","page","type-page","status-publish","hentry"],"yoast_head":"<!-- This site is optimized with the Yoast SEO plugin v23.2 - https:\/\/yoast.com\/wordpress\/plugins\/seo\/ -->\n<title>TELECOM - Innovation<\/title>\n<meta name=\"robots\" content=\"index, follow, max-snippet:-1, max-image-preview:large, max-video-preview:-1\" \/>\n<link rel=\"canonical\" href=\"https:\/\/conpleks.com\/innovation\/telecom\/\" \/>\n<meta property=\"og:locale\" content=\"da_DK\" \/>\n<meta property=\"og:type\" content=\"article\" \/>\n<meta property=\"og:title\" content=\"TELECOM - Innovation\" \/>\n<meta property=\"og:description\" content=\"Hos Conpleks bliver telekommunikation til st\u00e6rke l\u00f8sninger til gl\u00e6de for kunde og slutbruger. Vi besidder know how og mange \u00e5rs erfaring indenfor udvikling af telekommunikation\u00a0 og er s\u00e5ledes en betroet R&amp;D partner for en af markedets f\u00f8rende akt\u00f8rer indenfor omr\u00e5det. Vi arbejder fx med: Bredb\u00e5nds-transmissions l\u00f8sninger, der baserer sig p\u00e5 VDSL2, Vectoring DSM3, Ethernet og [&hellip;]\" \/>\n<meta property=\"og:url\" content=\"https:\/\/conpleks.com\/innovation\/telecom\/\" \/>\n<meta property=\"og:site_name\" content=\"Innovation\" \/>\n<meta property=\"article:modified_time\" content=\"2016-08-24T09:26:00+00:00\" \/>\n<meta name=\"twitter:card\" content=\"summary_large_image\" \/>\n<meta name=\"twitter:label1\" content=\"Est. reading time\" \/>\n\t<meta name=\"twitter:data1\" content=\"1 minut\" \/>\n<script type=\"application\/ld+json\" class=\"yoast-schema-graph\">{\"@context\":\"https:\/\/schema.org\",\"@graph\":[{\"@type\":\"WebPage\",\"@id\":\"https:\/\/conpleks.com\/innovation\/telecom\/\",\"url\":\"https:\/\/conpleks.com\/innovation\/telecom\/\",\"name\":\"TELECOM - Innovation\",\"isPartOf\":{\"@id\":\"https:\/\/conpleks.com\/innovation\/?lang=en\/#website\"},\"datePublished\":\"2016-08-24T09:21:40+00:00\",\"dateModified\":\"2016-08-24T09:26:00+00:00\",\"breadcrumb\":{\"@id\":\"https:\/\/conpleks.com\/innovation\/telecom\/#breadcrumb\"},\"inLanguage\":\"da-DK\",\"potentialAction\":[{\"@type\":\"ReadAction\",\"target\":[\"https:\/\/conpleks.com\/innovation\/telecom\/\"]}]},{\"@type\":\"BreadcrumbList\",\"@id\":\"https:\/\/conpleks.com\/innovation\/telecom\/#breadcrumb\",\"itemListElement\":[{\"@type\":\"ListItem\",\"position\":1,\"name\":\"Home\",\"item\":\"https:\/\/conpleks.com\/innovation\/\"},{\"@type\":\"ListItem\",\"position\":2,\"name\":\"TELECOM\"}]},{\"@type\":\"WebSite\",\"@id\":\"https:\/\/conpleks.com\/innovation\/?lang=en\/#website\",\"url\":\"https:\/\/conpleks.com\/innovation\/?lang=en\/\",\"name\":\"Innovation\",\"description\":\"Outdoor Mobile Robots\",\"potentialAction\":[{\"@type\":\"SearchAction\",\"target\":{\"@type\":\"EntryPoint\",\"urlTemplate\":\"https:\/\/conpleks.com\/innovation\/?lang=en\/?s={search_term_string}\"},\"query-input\":\"required name=search_term_string\"}],\"inLanguage\":\"da-DK\"}]}<\/script>\n<!-- \/ Yoast SEO plugin. -->","yoast_head_json":{"title":"TELECOM - Innovation","robots":{"index":"index","follow":"follow","max-snippet":"max-snippet:-1","max-image-preview":"max-image-preview:large","max-video-preview":"max-video-preview:-1"},"canonical":"https:\/\/conpleks.com\/innovation\/telecom\/","og_locale":"da_DK","og_type":"article","og_title":"TELECOM - Innovation","og_description":"Hos Conpleks bliver telekommunikation til st\u00e6rke l\u00f8sninger til gl\u00e6de for kunde og slutbruger. Vi besidder know how og mange \u00e5rs erfaring indenfor udvikling af telekommunikation\u00a0 og er s\u00e5ledes en betroet R&amp;D partner for en af markedets f\u00f8rende akt\u00f8rer indenfor omr\u00e5det. Vi arbejder fx med: Bredb\u00e5nds-transmissions l\u00f8sninger, der baserer sig p\u00e5 VDSL2, Vectoring DSM3, Ethernet og [&hellip;]","og_url":"https:\/\/conpleks.com\/innovation\/telecom\/","og_site_name":"Innovation","article_modified_time":"2016-08-24T09:26:00+00:00","twitter_card":"summary_large_image","twitter_misc":{"Est. reading time":"1 minut"},"schema":{"@context":"https:\/\/schema.org","@graph":[{"@type":"WebPage","@id":"https:\/\/conpleks.com\/innovation\/telecom\/","url":"https:\/\/conpleks.com\/innovation\/telecom\/","name":"TELECOM - Innovation","isPartOf":{"@id":"https:\/\/conpleks.com\/innovation\/?lang=en\/#website"},"datePublished":"2016-08-24T09:21:40+00:00","dateModified":"2016-08-24T09:26:00+00:00","breadcrumb":{"@id":"https:\/\/conpleks.com\/innovation\/telecom\/#breadcrumb"},"inLanguage":"da-DK","potentialAction":[{"@type":"ReadAction","target":["https:\/\/conpleks.com\/innovation\/telecom\/"]}]},{"@type":"BreadcrumbList","@id":"https:\/\/conpleks.com\/innovation\/telecom\/#breadcrumb","itemListElement":[{"@type":"ListItem","position":1,"name":"Home","item":"https:\/\/conpleks.com\/innovation\/"},{"@type":"ListItem","position":2,"name":"TELECOM"}]},{"@type":"WebSite","@id":"https:\/\/conpleks.com\/innovation\/?lang=en\/#website","url":"https:\/\/conpleks.com\/innovation\/?lang=en\/","name":"Innovation","description":"Outdoor Mobile Robots","potentialAction":[{"@type":"SearchAction","target":{"@type":"EntryPoint","urlTemplate":"https:\/\/conpleks.com\/innovation\/?lang=en\/?s={search_term_string}"},"query-input":"required name=search_term_string"}],"inLanguage":"da-DK"}]}},"_links":{"self":[{"href":"https:\/\/conpleks.com\/innovation\/wp-json\/wp\/v2\/pages\/32"}],"collection":[{"href":"https:\/\/conpleks.com\/innovation\/wp-json\/wp\/v2\/pages"}],"about":[{"href":"https:\/\/conpleks.com\/innovation\/wp-json\/wp\/v2\/types\/page"}],"author":[{"embeddable":true,"href":"https:\/\/conpleks.com\/innovation\/wp-json\/wp\/v2\/users\/1"}],"replies":[{"embeddable":true,"href":"https:\/\/conpleks.com\/innovation\/wp-json\/wp\/v2\/comments?post=32"}],"version-history":[{"count":2,"href":"https:\/\/conpleks.com\/innovation\/wp-json\/wp\/v2\/pages\/32\/revisions"}],"predecessor-version":[{"id":47,"href":"https:\/\/conpleks.com\/innovation\/wp-json\/wp\/v2\/pages\/32\/revisions\/47"}],"wp:attachment":[{"href":"https:\/\/conpleks.com\/innovation\/wp-json\/wp\/v2\/media?parent=32"}],"curies":[{"name":"wp","href":"https:\/\/api.w.org\/{rel}","templated":true}]}}