{"id":34,"date":"2016-08-24T09:21:50","date_gmt":"2016-08-24T09:21:50","guid":{"rendered":"https:\/\/conpleks.com\/innovation\/?page_id=34"},"modified":"2016-08-24T09:35:25","modified_gmt":"2016-08-24T09:35:25","slug":"medtech","status":"publish","type":"page","link":"https:\/\/conpleks.com\/innovation\/medtech\/","title":{"rendered":"MEDTECH"},"content":{"rendered":"<div class=\"entry_content clear\">\n<div class=\"post-12 page type-page status-publish hentry entry\">\n<div class=\"entry-content\">\n<p>Velf\u00e6rdsteknologi kan spare personaleressourcer og samtidigt h\u00f8jne servicen i den offentlige sektor.<\/p>\n<p>Som medarbejder p\u00e5 et \u00e6ldrecenter, sygehus m.v. kan der i hverdagen opst\u00e5 nye id\u00e9er til, hvordan man kan optimere arbejdsprocesser og spare ressourcer.<\/p>\n<p>Kontakt os for en uforpligtende snak om, hvordan vi evt. kan f\u00f8re jeres id\u00e9er ud i livet. Conpleks har mange \u00e5rs erfaring i projektstyring, test, software- og mekanik-udvikling, brugerinterfaces m.v.<\/p>\n<p>Vi har s\u00e5ledes alle de kvalifikationer, der skal til for at skabe det produkt, der kan optimere jeres hverdag.<\/p>\n<\/div>\n<\/div>\n<\/div>\n","protected":false},"excerpt":{"rendered":"<p>Velf\u00e6rdsteknologi kan spare personaleressourcer og samtidigt h\u00f8jne servicen i den offentlige sektor. Som medarbejder p\u00e5 et \u00e6ldrecenter, sygehus m.v. kan der i hverdagen opst\u00e5 nye id\u00e9er til, hvordan man kan optimere arbejdsprocesser og spare ressourcer. Kontakt os for en uforpligtende snak om, hvordan vi evt. kan f\u00f8re jeres id\u00e9er ud i livet. Conpleks har mange [&hellip;]<\/p>\n","protected":false},"author":1,"featured_media":0,"parent":0,"menu_order":0,"comment_status":"closed","ping_status":"closed","template":"","meta":{"footnotes":""},"class_list":["post-34","page","type-page","status-publish","hentry"],"yoast_head":"<!-- This site is optimized with the Yoast SEO plugin v23.2 - https:\/\/yoast.com\/wordpress\/plugins\/seo\/ -->\n<title>MEDTECH - Innovation<\/title>\n<meta name=\"robots\" content=\"index, follow, max-snippet:-1, max-image-preview:large, max-video-preview:-1\" \/>\n<link rel=\"canonical\" href=\"https:\/\/conpleks.com\/innovation\/medtech\/\" \/>\n<meta property=\"og:locale\" content=\"da_DK\" \/>\n<meta property=\"og:type\" content=\"article\" \/>\n<meta property=\"og:title\" content=\"MEDTECH - Innovation\" \/>\n<meta property=\"og:description\" content=\"Velf\u00e6rdsteknologi kan spare personaleressourcer og samtidigt h\u00f8jne servicen i den offentlige sektor. Som medarbejder p\u00e5 et \u00e6ldrecenter, sygehus m.v. kan der i hverdagen opst\u00e5 nye id\u00e9er til, hvordan man kan optimere arbejdsprocesser og spare ressourcer. Kontakt os for en uforpligtende snak om, hvordan vi evt. kan f\u00f8re jeres id\u00e9er ud i livet. Conpleks har mange [&hellip;]\" \/>\n<meta property=\"og:url\" content=\"https:\/\/conpleks.com\/innovation\/medtech\/\" \/>\n<meta property=\"og:site_name\" content=\"Innovation\" \/>\n<meta property=\"article:modified_time\" content=\"2016-08-24T09:35:25+00:00\" \/>\n<meta name=\"twitter:card\" content=\"summary_large_image\" \/>\n<script type=\"application\/ld+json\" class=\"yoast-schema-graph\">{\"@context\":\"https:\/\/schema.org\",\"@graph\":[{\"@type\":\"WebPage\",\"@id\":\"https:\/\/conpleks.com\/innovation\/medtech\/\",\"url\":\"https:\/\/conpleks.com\/innovation\/medtech\/\",\"name\":\"MEDTECH - Innovation\",\"isPartOf\":{\"@id\":\"https:\/\/conpleks.com\/innovation\/?lang=en\/#website\"},\"datePublished\":\"2016-08-24T09:21:50+00:00\",\"dateModified\":\"2016-08-24T09:35:25+00:00\",\"breadcrumb\":{\"@id\":\"https:\/\/conpleks.com\/innovation\/medtech\/#breadcrumb\"},\"inLanguage\":\"da-DK\",\"potentialAction\":[{\"@type\":\"ReadAction\",\"target\":[\"https:\/\/conpleks.com\/innovation\/medtech\/\"]}]},{\"@type\":\"BreadcrumbList\",\"@id\":\"https:\/\/conpleks.com\/innovation\/medtech\/#breadcrumb\",\"itemListElement\":[{\"@type\":\"ListItem\",\"position\":1,\"name\":\"Home\",\"item\":\"https:\/\/conpleks.com\/innovation\/\"},{\"@type\":\"ListItem\",\"position\":2,\"name\":\"MEDTECH\"}]},{\"@type\":\"WebSite\",\"@id\":\"https:\/\/conpleks.com\/innovation\/?lang=en\/#website\",\"url\":\"https:\/\/conpleks.com\/innovation\/?lang=en\/\",\"name\":\"Innovation\",\"description\":\"Outdoor Mobile Robots\",\"potentialAction\":[{\"@type\":\"SearchAction\",\"target\":{\"@type\":\"EntryPoint\",\"urlTemplate\":\"https:\/\/conpleks.com\/innovation\/?lang=en\/?s={search_term_string}\"},\"query-input\":\"required name=search_term_string\"}],\"inLanguage\":\"da-DK\"}]}<\/script>\n<!-- \/ Yoast SEO plugin. -->","yoast_head_json":{"title":"MEDTECH - Innovation","robots":{"index":"index","follow":"follow","max-snippet":"max-snippet:-1","max-image-preview":"max-image-preview:large","max-video-preview":"max-video-preview:-1"},"canonical":"https:\/\/conpleks.com\/innovation\/medtech\/","og_locale":"da_DK","og_type":"article","og_title":"MEDTECH - Innovation","og_description":"Velf\u00e6rdsteknologi kan spare personaleressourcer og samtidigt h\u00f8jne servicen i den offentlige sektor. Som medarbejder p\u00e5 et \u00e6ldrecenter, sygehus m.v. kan der i hverdagen opst\u00e5 nye id\u00e9er til, hvordan man kan optimere arbejdsprocesser og spare ressourcer. Kontakt os for en uforpligtende snak om, hvordan vi evt. kan f\u00f8re jeres id\u00e9er ud i livet. Conpleks har mange [&hellip;]","og_url":"https:\/\/conpleks.com\/innovation\/medtech\/","og_site_name":"Innovation","article_modified_time":"2016-08-24T09:35:25+00:00","twitter_card":"summary_large_image","schema":{"@context":"https:\/\/schema.org","@graph":[{"@type":"WebPage","@id":"https:\/\/conpleks.com\/innovation\/medtech\/","url":"https:\/\/conpleks.com\/innovation\/medtech\/","name":"MEDTECH - Innovation","isPartOf":{"@id":"https:\/\/conpleks.com\/innovation\/?lang=en\/#website"},"datePublished":"2016-08-24T09:21:50+00:00","dateModified":"2016-08-24T09:35:25+00:00","breadcrumb":{"@id":"https:\/\/conpleks.com\/innovation\/medtech\/#breadcrumb"},"inLanguage":"da-DK","potentialAction":[{"@type":"ReadAction","target":["https:\/\/conpleks.com\/innovation\/medtech\/"]}]},{"@type":"BreadcrumbList","@id":"https:\/\/conpleks.com\/innovation\/medtech\/#breadcrumb","itemListElement":[{"@type":"ListItem","position":1,"name":"Home","item":"https:\/\/conpleks.com\/innovation\/"},{"@type":"ListItem","position":2,"name":"MEDTECH"}]},{"@type":"WebSite","@id":"https:\/\/conpleks.com\/innovation\/?lang=en\/#website","url":"https:\/\/conpleks.com\/innovation\/?lang=en\/","name":"Innovation","description":"Outdoor Mobile Robots","potentialAction":[{"@type":"SearchAction","target":{"@type":"EntryPoint","urlTemplate":"https:\/\/conpleks.com\/innovation\/?lang=en\/?s={search_term_string}"},"query-input":"required name=search_term_string"}],"inLanguage":"da-DK"}]}},"_links":{"self":[{"href":"https:\/\/conpleks.com\/innovation\/wp-json\/wp\/v2\/pages\/34"}],"collection":[{"href":"https:\/\/conpleks.com\/innovation\/wp-json\/wp\/v2\/pages"}],"about":[{"href":"https:\/\/conpleks.com\/innovation\/wp-json\/wp\/v2\/types\/page"}],"author":[{"embeddable":true,"href":"https:\/\/conpleks.com\/innovation\/wp-json\/wp\/v2\/users\/1"}],"replies":[{"embeddable":true,"href":"https:\/\/conpleks.com\/innovation\/wp-json\/wp\/v2\/comments?post=34"}],"version-history":[{"count":2,"href":"https:\/\/conpleks.com\/innovation\/wp-json\/wp\/v2\/pages\/34\/revisions"}],"predecessor-version":[{"id":57,"href":"https:\/\/conpleks.com\/innovation\/wp-json\/wp\/v2\/pages\/34\/revisions\/57"}],"wp:attachment":[{"href":"https:\/\/conpleks.com\/innovation\/wp-json\/wp\/v2\/media?parent=34"}],"curies":[{"name":"wp","href":"https:\/\/api.w.org\/{rel}","templated":true}]}}