{"id":443,"date":"2016-09-08T13:52:59","date_gmt":"2016-09-08T13:52:59","guid":{"rendered":"https:\/\/conpleks.com\/innovation\/?page_id=443"},"modified":"2020-08-25T09:19:49","modified_gmt":"2020-08-25T09:19:49","slug":"organisation","status":"publish","type":"page","link":"https:\/\/conpleks.com\/innovation\/organisation\/","title":{"rendered":"Organisation"},"content":{"rendered":"<div class=\"entry_content clear\">\n<h3><strong>Ledelse<\/strong><\/h3>\n<p><strong>Tom Simonsen<br \/>\n<img loading=\"lazy\" decoding=\"async\" class=\"wp-image-1168 alignright\" src=\"https:\/\/conpleks.com\/innovation\/wp-content\/uploads\/sites\/3\/2020\/08\/Organisation_Conpleks-1-1024x598.png\" alt=\"Organization at Conpleks\" width=\"388\" height=\"227\" srcset=\"https:\/\/conpleks.com\/innovation\/wp-content\/uploads\/sites\/3\/2020\/08\/Organisation_Conpleks-1-1024x598.png 1024w, https:\/\/conpleks.com\/innovation\/wp-content\/uploads\/sites\/3\/2020\/08\/Organisation_Conpleks-1-300x175.png 300w, https:\/\/conpleks.com\/innovation\/wp-content\/uploads\/sites\/3\/2020\/08\/Organisation_Conpleks-1-768x449.png 768w, https:\/\/conpleks.com\/innovation\/wp-content\/uploads\/sites\/3\/2020\/08\/Organisation_Conpleks-1-700x409.png 700w, https:\/\/conpleks.com\/innovation\/wp-content\/uploads\/sites\/3\/2020\/08\/Organisation_Conpleks-1.png 1227w\" sizes=\"(max-width: 388px) 100vw, 388px\" \/><\/strong>Administrerende direkt\u00f8r og grundl\u00e6gger<\/p>\n<p><strong>Allan Skovgaard<\/strong><br \/>\nBestyrelsesformand<\/p>\n<p><strong>Hans Knutsson<\/strong><br \/>\nSeniorkonsulent og grundl\u00e6gger<\/p>\n<h3><strong>Kontaktoplysninger<\/strong><\/h3>\n<p><strong>Conpleks\u00a0Innovation ApS<\/strong><br \/>\nBusinessPark Struer,<br \/>\nF\u00e6lledvej 17<br \/>\nDK-7600 Struer<\/p>\n<p><strong>Tlf.:<\/strong> +45 9663 0900<\/p>\n<p><strong>E-mail:<\/strong> <a href=\"mailto:contact@conpleks.com\" target=\"_blank\" rel=\"noopener noreferrer\">contact@conpleks.com<\/a><\/p>\n<p><strong>Bogholderi: <\/strong><a href=\"mailto:invoice@conpleks.com\" target=\"_blank\" rel=\"noopener noreferrer\">invoice@conpleks.com<\/a><\/p>\n<p><strong>CVR nr:<\/strong> 3316 4602<\/p>\n<p>&nbsp;<\/p>\n<p style=\"text-align: left;\"><strong>Conpleks Innovation<\/strong> er en dynamisk arbejdsplads med en flad organisationsstruktur. Det vil sige, vi har korte kommandoveje, hvilket g\u00f8r os fleksible og kreative. Vi centrerer os i teams indenfor software, cloud, hardware og mekanik og overlapper hinanden afh\u00e6ngig af projekt og opgave. Softwarem\u00e6ssigt arbejder vi endvidere agilt og i sprint af to ugers varighed.<\/p>\n<\/div>\n","protected":false},"excerpt":{"rendered":"<p>Ledelse Tom Simonsen Administrerende direkt\u00f8r og grundl\u00e6gger Allan Skovgaard Bestyrelsesformand Hans Knutsson Seniorkonsulent og grundl\u00e6gger Kontaktoplysninger Conpleks\u00a0Innovation ApS BusinessPark Struer, F\u00e6lledvej 17 DK-7600 Struer Tlf.: +45 9663 0900 E-mail: contact@conpleks.com Bogholderi: invoice@conpleks.com CVR nr: 3316 4602 &nbsp; Conpleks Innovation er en dynamisk arbejdsplads med en flad organisationsstruktur. Det vil sige, vi har korte kommandoveje, hvilket [&hellip;]<\/p>\n","protected":false},"author":1,"featured_media":0,"parent":0,"menu_order":0,"comment_status":"closed","ping_status":"closed","template":"","meta":{"footnotes":""},"class_list":["post-443","page","type-page","status-publish","hentry"],"yoast_head":"<!-- This site is optimized with the Yoast SEO plugin v23.2 - https:\/\/yoast.com\/wordpress\/plugins\/seo\/ -->\n<title>Organisation - Innovation<\/title>\n<meta name=\"robots\" content=\"index, follow, max-snippet:-1, max-image-preview:large, max-video-preview:-1\" \/>\n<link rel=\"canonical\" href=\"https:\/\/conpleks.com\/innovation\/organisation\/\" \/>\n<meta property=\"og:locale\" content=\"da_DK\" \/>\n<meta property=\"og:type\" content=\"article\" \/>\n<meta property=\"og:title\" content=\"Organisation - Innovation\" \/>\n<meta property=\"og:description\" content=\"Ledelse Tom Simonsen Administrerende direkt\u00f8r og grundl\u00e6gger Allan Skovgaard Bestyrelsesformand Hans Knutsson Seniorkonsulent og grundl\u00e6gger Kontaktoplysninger Conpleks\u00a0Innovation ApS BusinessPark Struer, F\u00e6lledvej 17 DK-7600 Struer Tlf.: +45 9663 0900 E-mail: contact@conpleks.com Bogholderi: invoice@conpleks.com CVR nr: 3316 4602 &nbsp; Conpleks Innovation er en dynamisk arbejdsplads med en flad organisationsstruktur. Det vil sige, vi har korte kommandoveje, hvilket [&hellip;]\" \/>\n<meta property=\"og:url\" content=\"https:\/\/conpleks.com\/innovation\/organisation\/\" \/>\n<meta property=\"og:site_name\" content=\"Innovation\" \/>\n<meta property=\"article:modified_time\" content=\"2020-08-25T09:19:49+00:00\" \/>\n<meta property=\"og:image\" content=\"https:\/\/conpleks.com\/innovation\/wp-content\/uploads\/sites\/3\/2020\/08\/Organisation_Conpleks-1-1024x598.png\" \/>\n<meta name=\"twitter:card\" content=\"summary_large_image\" \/>\n<script type=\"application\/ld+json\" class=\"yoast-schema-graph\">{\"@context\":\"https:\/\/schema.org\",\"@graph\":[{\"@type\":\"WebPage\",\"@id\":\"https:\/\/conpleks.com\/innovation\/organisation\/\",\"url\":\"https:\/\/conpleks.com\/innovation\/organisation\/\",\"name\":\"Organisation - Innovation\",\"isPartOf\":{\"@id\":\"https:\/\/conpleks.com\/innovation\/?lang=en\/#website\"},\"primaryImageOfPage\":{\"@id\":\"https:\/\/conpleks.com\/innovation\/organisation\/#primaryimage\"},\"image\":{\"@id\":\"https:\/\/conpleks.com\/innovation\/organisation\/#primaryimage\"},\"thumbnailUrl\":\"https:\/\/conpleks.com\/innovation\/wp-content\/uploads\/sites\/3\/2020\/08\/Organisation_Conpleks-1-1024x598.png\",\"datePublished\":\"2016-09-08T13:52:59+00:00\",\"dateModified\":\"2020-08-25T09:19:49+00:00\",\"breadcrumb\":{\"@id\":\"https:\/\/conpleks.com\/innovation\/organisation\/#breadcrumb\"},\"inLanguage\":\"da-DK\",\"potentialAction\":[{\"@type\":\"ReadAction\",\"target\":[\"https:\/\/conpleks.com\/innovation\/organisation\/\"]}]},{\"@type\":\"ImageObject\",\"inLanguage\":\"da-DK\",\"@id\":\"https:\/\/conpleks.com\/innovation\/organisation\/#primaryimage\",\"url\":\"https:\/\/conpleks.com\/innovation\/wp-content\/uploads\/sites\/3\/2020\/08\/Organisation_Conpleks-1.png\",\"contentUrl\":\"https:\/\/conpleks.com\/innovation\/wp-content\/uploads\/sites\/3\/2020\/08\/Organisation_Conpleks-1.png\",\"width\":1227,\"height\":717,\"caption\":\"Organization at Conpleks\"},{\"@type\":\"BreadcrumbList\",\"@id\":\"https:\/\/conpleks.com\/innovation\/organisation\/#breadcrumb\",\"itemListElement\":[{\"@type\":\"ListItem\",\"position\":1,\"name\":\"Home\",\"item\":\"https:\/\/conpleks.com\/innovation\/\"},{\"@type\":\"ListItem\",\"position\":2,\"name\":\"Organisation\"}]},{\"@type\":\"WebSite\",\"@id\":\"https:\/\/conpleks.com\/innovation\/?lang=en\/#website\",\"url\":\"https:\/\/conpleks.com\/innovation\/?lang=en\/\",\"name\":\"Innovation\",\"description\":\"Outdoor Mobile Robots\",\"potentialAction\":[{\"@type\":\"SearchAction\",\"target\":{\"@type\":\"EntryPoint\",\"urlTemplate\":\"https:\/\/conpleks.com\/innovation\/?lang=en\/?s={search_term_string}\"},\"query-input\":\"required name=search_term_string\"}],\"inLanguage\":\"da-DK\"}]}<\/script>\n<!-- \/ Yoast SEO plugin. -->","yoast_head_json":{"title":"Organisation - Innovation","robots":{"index":"index","follow":"follow","max-snippet":"max-snippet:-1","max-image-preview":"max-image-preview:large","max-video-preview":"max-video-preview:-1"},"canonical":"https:\/\/conpleks.com\/innovation\/organisation\/","og_locale":"da_DK","og_type":"article","og_title":"Organisation - Innovation","og_description":"Ledelse Tom Simonsen Administrerende direkt\u00f8r og grundl\u00e6gger Allan Skovgaard Bestyrelsesformand Hans Knutsson Seniorkonsulent og grundl\u00e6gger Kontaktoplysninger Conpleks\u00a0Innovation ApS BusinessPark Struer, F\u00e6lledvej 17 DK-7600 Struer Tlf.: +45 9663 0900 E-mail: contact@conpleks.com Bogholderi: invoice@conpleks.com CVR nr: 3316 4602 &nbsp; Conpleks Innovation er en dynamisk arbejdsplads med en flad organisationsstruktur. Det vil sige, vi har korte kommandoveje, hvilket [&hellip;]","og_url":"https:\/\/conpleks.com\/innovation\/organisation\/","og_site_name":"Innovation","article_modified_time":"2020-08-25T09:19:49+00:00","og_image":[{"url":"https:\/\/conpleks.com\/innovation\/wp-content\/uploads\/sites\/3\/2020\/08\/Organisation_Conpleks-1-1024x598.png"}],"twitter_card":"summary_large_image","schema":{"@context":"https:\/\/schema.org","@graph":[{"@type":"WebPage","@id":"https:\/\/conpleks.com\/innovation\/organisation\/","url":"https:\/\/conpleks.com\/innovation\/organisation\/","name":"Organisation - Innovation","isPartOf":{"@id":"https:\/\/conpleks.com\/innovation\/?lang=en\/#website"},"primaryImageOfPage":{"@id":"https:\/\/conpleks.com\/innovation\/organisation\/#primaryimage"},"image":{"@id":"https:\/\/conpleks.com\/innovation\/organisation\/#primaryimage"},"thumbnailUrl":"https:\/\/conpleks.com\/innovation\/wp-content\/uploads\/sites\/3\/2020\/08\/Organisation_Conpleks-1-1024x598.png","datePublished":"2016-09-08T13:52:59+00:00","dateModified":"2020-08-25T09:19:49+00:00","breadcrumb":{"@id":"https:\/\/conpleks.com\/innovation\/organisation\/#breadcrumb"},"inLanguage":"da-DK","potentialAction":[{"@type":"ReadAction","target":["https:\/\/conpleks.com\/innovation\/organisation\/"]}]},{"@type":"ImageObject","inLanguage":"da-DK","@id":"https:\/\/conpleks.com\/innovation\/organisation\/#primaryimage","url":"https:\/\/conpleks.com\/innovation\/wp-content\/uploads\/sites\/3\/2020\/08\/Organisation_Conpleks-1.png","contentUrl":"https:\/\/conpleks.com\/innovation\/wp-content\/uploads\/sites\/3\/2020\/08\/Organisation_Conpleks-1.png","width":1227,"height":717,"caption":"Organization at Conpleks"},{"@type":"BreadcrumbList","@id":"https:\/\/conpleks.com\/innovation\/organisation\/#breadcrumb","itemListElement":[{"@type":"ListItem","position":1,"name":"Home","item":"https:\/\/conpleks.com\/innovation\/"},{"@type":"ListItem","position":2,"name":"Organisation"}]},{"@type":"WebSite","@id":"https:\/\/conpleks.com\/innovation\/?lang=en\/#website","url":"https:\/\/conpleks.com\/innovation\/?lang=en\/","name":"Innovation","description":"Outdoor Mobile Robots","potentialAction":[{"@type":"SearchAction","target":{"@type":"EntryPoint","urlTemplate":"https:\/\/conpleks.com\/innovation\/?lang=en\/?s={search_term_string}"},"query-input":"required name=search_term_string"}],"inLanguage":"da-DK"}]}},"_links":{"self":[{"href":"https:\/\/conpleks.com\/innovation\/wp-json\/wp\/v2\/pages\/443"}],"collection":[{"href":"https:\/\/conpleks.com\/innovation\/wp-json\/wp\/v2\/pages"}],"about":[{"href":"https:\/\/conpleks.com\/innovation\/wp-json\/wp\/v2\/types\/page"}],"author":[{"embeddable":true,"href":"https:\/\/conpleks.com\/innovation\/wp-json\/wp\/v2\/users\/1"}],"replies":[{"embeddable":true,"href":"https:\/\/conpleks.com\/innovation\/wp-json\/wp\/v2\/comments?post=443"}],"version-history":[{"count":43,"href":"https:\/\/conpleks.com\/innovation\/wp-json\/wp\/v2\/pages\/443\/revisions"}],"predecessor-version":[{"id":1274,"href":"https:\/\/conpleks.com\/innovation\/wp-json\/wp\/v2\/pages\/443\/revisions\/1274"}],"wp:attachment":[{"href":"https:\/\/conpleks.com\/innovation\/wp-json\/wp\/v2\/media?parent=443"}],"curies":[{"name":"wp","href":"https:\/\/api.w.org\/{rel}","templated":true}]}}