{"id":58,"date":"2016-08-24T09:36:23","date_gmt":"2016-08-24T09:36:23","guid":{"rendered":"https:\/\/conpleks.com\/innovation\/?page_id=58"},"modified":"2016-08-24T09:36:30","modified_gmt":"2016-08-24T09:36:30","slug":"kanylebytteboks-cmtp-2","status":"publish","type":"page","link":"https:\/\/conpleks.com\/innovation\/medtech\/kanylebytteboks-cmtp-2\/","title":{"rendered":"Kanylebytteboks, CMTP 2"},"content":{"rendered":"<div class=\"entry_content clear\">\n<p><img loading=\"lazy\" decoding=\"async\" class=\" wp-image-59 alignright\" src=\"https:\/\/conpleks.com\/innovation\/wp-content\/uploads\/sites\/3\/2016\/08\/CMTP-00002-004.jpg\" alt=\"CMTP-00002-004\" width=\"208\" height=\"369\" srcset=\"https:\/\/conpleks.com\/innovation\/wp-content\/uploads\/sites\/3\/2016\/08\/CMTP-00002-004.jpg 387w, https:\/\/conpleks.com\/innovation\/wp-content\/uploads\/sites\/3\/2016\/08\/CMTP-00002-004-169x300.jpg 169w\" sizes=\"(max-width: 208px) 100vw, 208px\" \/>Vores CMTP 2 kanyledispenser \u2013 eller kanylebytteboks \u2013 g\u00f8r livet lettere, ikke bare for brugeren, men ogs\u00e5 for kommunale misbrugscentres medarbejdere og andre involveret i misbrugsbehandling.<\/p>\n<p>CMTP 2 kanylebytteboksen g\u00f8r det enkelt at uddele nye kanyles\u00e6t \u2013 helt automatisk \u2013 og boksen tilbyder desuden muligheden for brugere at aflevere brugte spr\u00f8jter, n\u00e5le og andet halvfarligt affald. CMTP 2 har to hovedfunktioner \u2013 dels er den en avanceret RFID-styret kanyleautomat, og dels er den en sikker kanyleaffaldsboks.<\/p>\n<p>CMTP 2 har et smart, men diskret skandinavisk design, der muligg\u00f8r opstilling s\u00e5vel indend\u00f8rs som udend\u00f8rs i et hvilket som helst milj\u00f8. Automaten er af en h\u00f8j kvalitet, fremstillet i rustfrit og pulverlakeret st\u00e5l og aluminium. Kanylebytteboksen er udstyret med en enkel brugervejledning med pictogrammer, og p\u00e5 siden kan boksen udstyres med sponsor-logoer, s\u00e5fremt boksens drift delvist finansieres igennem sponsorater.<\/p><\/div>\n","protected":false},"excerpt":{"rendered":"<p>Vores CMTP 2 kanyledispenser \u2013 eller kanylebytteboks \u2013 g\u00f8r livet lettere, ikke bare for brugeren, men ogs\u00e5 for kommunale misbrugscentres medarbejdere og andre involveret i misbrugsbehandling. CMTP 2 kanylebytteboksen g\u00f8r det enkelt at uddele nye kanyles\u00e6t \u2013 helt automatisk \u2013 og boksen tilbyder desuden muligheden for brugere at aflevere brugte spr\u00f8jter, n\u00e5le og andet halvfarligt [&hellip;]<\/p>\n","protected":false},"author":1,"featured_media":0,"parent":34,"menu_order":0,"comment_status":"closed","ping_status":"closed","template":"","meta":{"footnotes":""},"class_list":["post-58","page","type-page","status-publish","hentry"],"yoast_head":"<!-- This site is optimized with the Yoast SEO plugin v23.2 - https:\/\/yoast.com\/wordpress\/plugins\/seo\/ -->\n<title>Kanylebytteboks, CMTP 2 - Innovation<\/title>\n<meta name=\"robots\" content=\"index, follow, max-snippet:-1, max-image-preview:large, max-video-preview:-1\" \/>\n<link rel=\"canonical\" href=\"https:\/\/conpleks.com\/innovation\/medtech\/kanylebytteboks-cmtp-2\/\" \/>\n<meta property=\"og:locale\" content=\"da_DK\" \/>\n<meta property=\"og:type\" content=\"article\" \/>\n<meta property=\"og:title\" content=\"Kanylebytteboks, CMTP 2 - Innovation\" \/>\n<meta property=\"og:description\" content=\"Vores CMTP 2 kanyledispenser \u2013 eller kanylebytteboks \u2013 g\u00f8r livet lettere, ikke bare for brugeren, men ogs\u00e5 for kommunale misbrugscentres medarbejdere og andre involveret i misbrugsbehandling. CMTP 2 kanylebytteboksen g\u00f8r det enkelt at uddele nye kanyles\u00e6t \u2013 helt automatisk \u2013 og boksen tilbyder desuden muligheden for brugere at aflevere brugte spr\u00f8jter, n\u00e5le og andet halvfarligt [&hellip;]\" \/>\n<meta property=\"og:url\" content=\"https:\/\/conpleks.com\/innovation\/medtech\/kanylebytteboks-cmtp-2\/\" \/>\n<meta property=\"og:site_name\" content=\"Innovation\" \/>\n<meta property=\"article:modified_time\" content=\"2016-08-24T09:36:30+00:00\" \/>\n<meta property=\"og:image\" content=\"https:\/\/conpleks.com\/innovation\/wp-content\/uploads\/sites\/3\/2016\/08\/CMTP-00002-004.jpg\" \/>\n<meta name=\"twitter:card\" content=\"summary_large_image\" \/>\n<meta name=\"twitter:label1\" content=\"Est. reading time\" \/>\n\t<meta name=\"twitter:data1\" content=\"1 minut\" \/>\n<script type=\"application\/ld+json\" class=\"yoast-schema-graph\">{\"@context\":\"https:\/\/schema.org\",\"@graph\":[{\"@type\":\"WebPage\",\"@id\":\"https:\/\/conpleks.com\/innovation\/medtech\/kanylebytteboks-cmtp-2\/\",\"url\":\"https:\/\/conpleks.com\/innovation\/medtech\/kanylebytteboks-cmtp-2\/\",\"name\":\"Kanylebytteboks, CMTP 2 - Innovation\",\"isPartOf\":{\"@id\":\"https:\/\/conpleks.com\/innovation\/?lang=en\/#website\"},\"primaryImageOfPage\":{\"@id\":\"https:\/\/conpleks.com\/innovation\/medtech\/kanylebytteboks-cmtp-2\/#primaryimage\"},\"image\":{\"@id\":\"https:\/\/conpleks.com\/innovation\/medtech\/kanylebytteboks-cmtp-2\/#primaryimage\"},\"thumbnailUrl\":\"https:\/\/conpleks.com\/innovation\/wp-content\/uploads\/sites\/3\/2016\/08\/CMTP-00002-004.jpg\",\"datePublished\":\"2016-08-24T09:36:23+00:00\",\"dateModified\":\"2016-08-24T09:36:30+00:00\",\"breadcrumb\":{\"@id\":\"https:\/\/conpleks.com\/innovation\/medtech\/kanylebytteboks-cmtp-2\/#breadcrumb\"},\"inLanguage\":\"da-DK\",\"potentialAction\":[{\"@type\":\"ReadAction\",\"target\":[\"https:\/\/conpleks.com\/innovation\/medtech\/kanylebytteboks-cmtp-2\/\"]}]},{\"@type\":\"ImageObject\",\"inLanguage\":\"da-DK\",\"@id\":\"https:\/\/conpleks.com\/innovation\/medtech\/kanylebytteboks-cmtp-2\/#primaryimage\",\"url\":\"https:\/\/conpleks.com\/innovation\/wp-content\/uploads\/sites\/3\/2016\/08\/CMTP-00002-004.jpg\",\"contentUrl\":\"https:\/\/conpleks.com\/innovation\/wp-content\/uploads\/sites\/3\/2016\/08\/CMTP-00002-004.jpg\",\"width\":387,\"height\":686},{\"@type\":\"BreadcrumbList\",\"@id\":\"https:\/\/conpleks.com\/innovation\/medtech\/kanylebytteboks-cmtp-2\/#breadcrumb\",\"itemListElement\":[{\"@type\":\"ListItem\",\"position\":1,\"name\":\"Home\",\"item\":\"https:\/\/conpleks.com\/innovation\/\"},{\"@type\":\"ListItem\",\"position\":2,\"name\":\"MEDTECH\",\"item\":\"https:\/\/conpleks.com\/innovation\/medtech\/\"},{\"@type\":\"ListItem\",\"position\":3,\"name\":\"Kanylebytteboks, CMTP 2\"}]},{\"@type\":\"WebSite\",\"@id\":\"https:\/\/conpleks.com\/innovation\/?lang=en\/#website\",\"url\":\"https:\/\/conpleks.com\/innovation\/?lang=en\/\",\"name\":\"Innovation\",\"description\":\"Outdoor Mobile Robots\",\"potentialAction\":[{\"@type\":\"SearchAction\",\"target\":{\"@type\":\"EntryPoint\",\"urlTemplate\":\"https:\/\/conpleks.com\/innovation\/?lang=en\/?s={search_term_string}\"},\"query-input\":\"required name=search_term_string\"}],\"inLanguage\":\"da-DK\"}]}<\/script>\n<!-- \/ Yoast SEO plugin. -->","yoast_head_json":{"title":"Kanylebytteboks, CMTP 2 - Innovation","robots":{"index":"index","follow":"follow","max-snippet":"max-snippet:-1","max-image-preview":"max-image-preview:large","max-video-preview":"max-video-preview:-1"},"canonical":"https:\/\/conpleks.com\/innovation\/medtech\/kanylebytteboks-cmtp-2\/","og_locale":"da_DK","og_type":"article","og_title":"Kanylebytteboks, CMTP 2 - Innovation","og_description":"Vores CMTP 2 kanyledispenser \u2013 eller kanylebytteboks \u2013 g\u00f8r livet lettere, ikke bare for brugeren, men ogs\u00e5 for kommunale misbrugscentres medarbejdere og andre involveret i misbrugsbehandling. CMTP 2 kanylebytteboksen g\u00f8r det enkelt at uddele nye kanyles\u00e6t \u2013 helt automatisk \u2013 og boksen tilbyder desuden muligheden for brugere at aflevere brugte spr\u00f8jter, n\u00e5le og andet halvfarligt [&hellip;]","og_url":"https:\/\/conpleks.com\/innovation\/medtech\/kanylebytteboks-cmtp-2\/","og_site_name":"Innovation","article_modified_time":"2016-08-24T09:36:30+00:00","og_image":[{"url":"https:\/\/conpleks.com\/innovation\/wp-content\/uploads\/sites\/3\/2016\/08\/CMTP-00002-004.jpg"}],"twitter_card":"summary_large_image","twitter_misc":{"Est. reading time":"1 minut"},"schema":{"@context":"https:\/\/schema.org","@graph":[{"@type":"WebPage","@id":"https:\/\/conpleks.com\/innovation\/medtech\/kanylebytteboks-cmtp-2\/","url":"https:\/\/conpleks.com\/innovation\/medtech\/kanylebytteboks-cmtp-2\/","name":"Kanylebytteboks, CMTP 2 - Innovation","isPartOf":{"@id":"https:\/\/conpleks.com\/innovation\/?lang=en\/#website"},"primaryImageOfPage":{"@id":"https:\/\/conpleks.com\/innovation\/medtech\/kanylebytteboks-cmtp-2\/#primaryimage"},"image":{"@id":"https:\/\/conpleks.com\/innovation\/medtech\/kanylebytteboks-cmtp-2\/#primaryimage"},"thumbnailUrl":"https:\/\/conpleks.com\/innovation\/wp-content\/uploads\/sites\/3\/2016\/08\/CMTP-00002-004.jpg","datePublished":"2016-08-24T09:36:23+00:00","dateModified":"2016-08-24T09:36:30+00:00","breadcrumb":{"@id":"https:\/\/conpleks.com\/innovation\/medtech\/kanylebytteboks-cmtp-2\/#breadcrumb"},"inLanguage":"da-DK","potentialAction":[{"@type":"ReadAction","target":["https:\/\/conpleks.com\/innovation\/medtech\/kanylebytteboks-cmtp-2\/"]}]},{"@type":"ImageObject","inLanguage":"da-DK","@id":"https:\/\/conpleks.com\/innovation\/medtech\/kanylebytteboks-cmtp-2\/#primaryimage","url":"https:\/\/conpleks.com\/innovation\/wp-content\/uploads\/sites\/3\/2016\/08\/CMTP-00002-004.jpg","contentUrl":"https:\/\/conpleks.com\/innovation\/wp-content\/uploads\/sites\/3\/2016\/08\/CMTP-00002-004.jpg","width":387,"height":686},{"@type":"BreadcrumbList","@id":"https:\/\/conpleks.com\/innovation\/medtech\/kanylebytteboks-cmtp-2\/#breadcrumb","itemListElement":[{"@type":"ListItem","position":1,"name":"Home","item":"https:\/\/conpleks.com\/innovation\/"},{"@type":"ListItem","position":2,"name":"MEDTECH","item":"https:\/\/conpleks.com\/innovation\/medtech\/"},{"@type":"ListItem","position":3,"name":"Kanylebytteboks, CMTP 2"}]},{"@type":"WebSite","@id":"https:\/\/conpleks.com\/innovation\/?lang=en\/#website","url":"https:\/\/conpleks.com\/innovation\/?lang=en\/","name":"Innovation","description":"Outdoor Mobile Robots","potentialAction":[{"@type":"SearchAction","target":{"@type":"EntryPoint","urlTemplate":"https:\/\/conpleks.com\/innovation\/?lang=en\/?s={search_term_string}"},"query-input":"required name=search_term_string"}],"inLanguage":"da-DK"}]}},"_links":{"self":[{"href":"https:\/\/conpleks.com\/innovation\/wp-json\/wp\/v2\/pages\/58"}],"collection":[{"href":"https:\/\/conpleks.com\/innovation\/wp-json\/wp\/v2\/pages"}],"about":[{"href":"https:\/\/conpleks.com\/innovation\/wp-json\/wp\/v2\/types\/page"}],"author":[{"embeddable":true,"href":"https:\/\/conpleks.com\/innovation\/wp-json\/wp\/v2\/users\/1"}],"replies":[{"embeddable":true,"href":"https:\/\/conpleks.com\/innovation\/wp-json\/wp\/v2\/comments?post=58"}],"version-history":[{"count":1,"href":"https:\/\/conpleks.com\/innovation\/wp-json\/wp\/v2\/pages\/58\/revisions"}],"predecessor-version":[{"id":60,"href":"https:\/\/conpleks.com\/innovation\/wp-json\/wp\/v2\/pages\/58\/revisions\/60"}],"up":[{"embeddable":true,"href":"https:\/\/conpleks.com\/innovation\/wp-json\/wp\/v2\/pages\/34"}],"wp:attachment":[{"href":"https:\/\/conpleks.com\/innovation\/wp-json\/wp\/v2\/media?parent=58"}],"curies":[{"name":"wp","href":"https:\/\/api.w.org\/{rel}","templated":true}]}}