{"id":71,"date":"2016-08-24T10:54:44","date_gmt":"2016-08-24T10:54:44","guid":{"rendered":"https:\/\/conpleks.com\/innovation\/?page_id=71"},"modified":"2025-02-28T07:11:20","modified_gmt":"2025-02-28T07:11:20","slug":"downloads","status":"publish","type":"page","link":"https:\/\/conpleks.com\/innovation\/innovation\/downloads\/","title":{"rendered":"Downloads"},"content":{"rendered":"<div class=\"entry_content clear\">\n<h2 class=\"reference-title\">Conpleks CLARA Cloud<\/h2>\n<div class=\"entry-summary\">At skabe overblik over udend\u00f8rs mobile robotter og automatiserede maskiner har aldrig v\u00e6ret lettere. Med CLARA Cloud f\u00e5r du en gennempr\u00f8vet fl\u00e5destyringsl\u00f8sning, der leverer realtidsdata, automatiseret rapporter p\u00e5 aktiviteter og ESG data. Vores platform har v\u00e6ret i drift siden 2018 og forbinder n\u00e6sten 3.000 maskiner verden over \u2013 og k\u00f8rer 24\/7 under alle forhold. Bevar overblikket med pr\u00e6cise data lige ved h\u00e5nden.<\/div>\n<div class=\"entry-summary\">\n<p><a href=\"https:\/\/conpleks.com\/robotech\/wp-content\/uploads\/sites\/2\/2025\/02\/Conpleks_Clara_4s_spread_low.pdf\" target=\"_blank\" rel=\"noopener\">Download<\/a><\/p>\n<p>&nbsp;<\/p>\n<h2 class=\"reference-title\">Profilbrochure<\/h2>\n<div class=\"entry-summary\">L\u00e6s hvordan Conpleks f\u00f8rer an inden for innovation af udend\u00f8rs mobile robotter til landbrug, sportsfaciliteter og kommunal vedligeholdelse. Vi kombinerer banebrydende AI med menneskelig ekspertise for at levere nyskabende l\u00f8sninger. Download vores brochure og l\u00e6s mere om vores teknologier og samarbejdsmuligheder.<\/div>\n<div class=\"entry-summary\">\n<p><a href=\"https:\/\/conpleks.com\/innovation\/wp-content\/uploads\/sites\/3\/2024\/08\/Conpleks_Profil_Brochure_2024_DK.pdf\" target=\"_blank\" rel=\"noopener\">Download<\/a><\/p>\n<p>&nbsp;<\/p>\n<\/div>\n<div class=\"entry-summary\">\n<div class=\"entry-summary\">\n<h2 class=\"reference-title\">Salgs- og leveringsbetingelser<\/h2>\n<div class=\"entry-summary\">\n<p>Conpleks Innovation, Salgs- og leveringsbetingelser. Revideret pr 2018-05-19. Erstatter alle tidligere udgaver.<\/p>\n<\/div>\n<div class=\"entry-summary\">\n<p><a href=\"https:\/\/conpleks.com\/innovation\/wp-content\/uploads\/sites\/3\/2018\/05\/CI-15-023-da-E.pdf\" target=\"_blank\" rel=\"noopener noreferrer\">Download<\/a><\/p>\n<p>&nbsp;<\/p>\n<\/div>\n<div class=\"entry-summary\">\n<div class=\"entry-summary\">\n<h2 class=\"reference-title\">Conpleks Innovations projektmodel<\/h2>\n<div class=\"entry-summary\">\n<p>L\u00e6s mere om, hvordan vi arbejder med udviklingsprocesser og -projekter.<\/p>\n<p><a href=\"https:\/\/conpleks.com\/innovation\/wp-content\/uploads\/sites\/3\/2016\/08\/HAN_DK.pdf\" target=\"_blank\" rel=\"noopener noreferrer\">Download<\/a><\/p>\n<\/div>\n<\/div>\n<\/div>\n<\/div>\n<\/div>\n<\/div>\n","protected":false},"excerpt":{"rendered":"<p>Conpleks CLARA Cloud At skabe overblik over udend\u00f8rs mobile robotter og automatiserede maskiner har aldrig v\u00e6ret lettere. Med CLARA Cloud f\u00e5r du en gennempr\u00f8vet fl\u00e5destyringsl\u00f8sning, der leverer realtidsdata, automatiseret rapporter p\u00e5 aktiviteter og ESG data. Vores platform har v\u00e6ret i drift siden 2018 og forbinder n\u00e6sten 3.000 maskiner verden over \u2013 og k\u00f8rer 24\/7 under [&hellip;]<\/p>\n","protected":false},"author":1,"featured_media":0,"parent":30,"menu_order":0,"comment_status":"closed","ping_status":"closed","template":"","meta":{"footnotes":""},"class_list":["post-71","page","type-page","status-publish","hentry"],"yoast_head":"<!-- This site is optimized with the Yoast SEO plugin v23.2 - https:\/\/yoast.com\/wordpress\/plugins\/seo\/ -->\n<title>Downloads - Innovation<\/title>\n<meta name=\"robots\" content=\"index, follow, max-snippet:-1, max-image-preview:large, max-video-preview:-1\" \/>\n<link rel=\"canonical\" href=\"https:\/\/conpleks.com\/innovation\/innovation\/downloads\/\" \/>\n<meta property=\"og:locale\" content=\"da_DK\" \/>\n<meta property=\"og:type\" content=\"article\" \/>\n<meta property=\"og:title\" content=\"Downloads - Innovation\" \/>\n<meta property=\"og:description\" content=\"Conpleks CLARA Cloud At skabe overblik over udend\u00f8rs mobile robotter og automatiserede maskiner har aldrig v\u00e6ret lettere. Med CLARA Cloud f\u00e5r du en gennempr\u00f8vet fl\u00e5destyringsl\u00f8sning, der leverer realtidsdata, automatiseret rapporter p\u00e5 aktiviteter og ESG data. Vores platform har v\u00e6ret i drift siden 2018 og forbinder n\u00e6sten 3.000 maskiner verden over \u2013 og k\u00f8rer 24\/7 under [&hellip;]\" \/>\n<meta property=\"og:url\" content=\"https:\/\/conpleks.com\/innovation\/innovation\/downloads\/\" \/>\n<meta property=\"og:site_name\" content=\"Innovation\" \/>\n<meta property=\"article:modified_time\" content=\"2025-02-28T07:11:20+00:00\" \/>\n<meta name=\"twitter:card\" content=\"summary_large_image\" \/>\n<meta name=\"twitter:label1\" content=\"Est. reading time\" \/>\n\t<meta name=\"twitter:data1\" content=\"1 minut\" \/>\n<script type=\"application\/ld+json\" class=\"yoast-schema-graph\">{\"@context\":\"https:\/\/schema.org\",\"@graph\":[{\"@type\":\"WebPage\",\"@id\":\"https:\/\/conpleks.com\/innovation\/innovation\/downloads\/\",\"url\":\"https:\/\/conpleks.com\/innovation\/innovation\/downloads\/\",\"name\":\"Downloads - Innovation\",\"isPartOf\":{\"@id\":\"https:\/\/conpleks.com\/innovation\/?lang=en\/#website\"},\"datePublished\":\"2016-08-24T10:54:44+00:00\",\"dateModified\":\"2025-02-28T07:11:20+00:00\",\"breadcrumb\":{\"@id\":\"https:\/\/conpleks.com\/innovation\/innovation\/downloads\/#breadcrumb\"},\"inLanguage\":\"da-DK\",\"potentialAction\":[{\"@type\":\"ReadAction\",\"target\":[\"https:\/\/conpleks.com\/innovation\/innovation\/downloads\/\"]}]},{\"@type\":\"BreadcrumbList\",\"@id\":\"https:\/\/conpleks.com\/innovation\/innovation\/downloads\/#breadcrumb\",\"itemListElement\":[{\"@type\":\"ListItem\",\"position\":1,\"name\":\"Home\",\"item\":\"https:\/\/conpleks.com\/innovation\/\"},{\"@type\":\"ListItem\",\"position\":2,\"name\":\"Innovation\",\"item\":\"https:\/\/conpleks.com\/innovation\/innovation\/\"},{\"@type\":\"ListItem\",\"position\":3,\"name\":\"Downloads\"}]},{\"@type\":\"WebSite\",\"@id\":\"https:\/\/conpleks.com\/innovation\/?lang=en\/#website\",\"url\":\"https:\/\/conpleks.com\/innovation\/?lang=en\/\",\"name\":\"Innovation\",\"description\":\"Outdoor Mobile Robots\",\"potentialAction\":[{\"@type\":\"SearchAction\",\"target\":{\"@type\":\"EntryPoint\",\"urlTemplate\":\"https:\/\/conpleks.com\/innovation\/?lang=en\/?s={search_term_string}\"},\"query-input\":\"required name=search_term_string\"}],\"inLanguage\":\"da-DK\"}]}<\/script>\n<!-- \/ Yoast SEO plugin. -->","yoast_head_json":{"title":"Downloads - Innovation","robots":{"index":"index","follow":"follow","max-snippet":"max-snippet:-1","max-image-preview":"max-image-preview:large","max-video-preview":"max-video-preview:-1"},"canonical":"https:\/\/conpleks.com\/innovation\/innovation\/downloads\/","og_locale":"da_DK","og_type":"article","og_title":"Downloads - Innovation","og_description":"Conpleks CLARA Cloud At skabe overblik over udend\u00f8rs mobile robotter og automatiserede maskiner har aldrig v\u00e6ret lettere. Med CLARA Cloud f\u00e5r du en gennempr\u00f8vet fl\u00e5destyringsl\u00f8sning, der leverer realtidsdata, automatiseret rapporter p\u00e5 aktiviteter og ESG data. Vores platform har v\u00e6ret i drift siden 2018 og forbinder n\u00e6sten 3.000 maskiner verden over \u2013 og k\u00f8rer 24\/7 under [&hellip;]","og_url":"https:\/\/conpleks.com\/innovation\/innovation\/downloads\/","og_site_name":"Innovation","article_modified_time":"2025-02-28T07:11:20+00:00","twitter_card":"summary_large_image","twitter_misc":{"Est. reading time":"1 minut"},"schema":{"@context":"https:\/\/schema.org","@graph":[{"@type":"WebPage","@id":"https:\/\/conpleks.com\/innovation\/innovation\/downloads\/","url":"https:\/\/conpleks.com\/innovation\/innovation\/downloads\/","name":"Downloads - Innovation","isPartOf":{"@id":"https:\/\/conpleks.com\/innovation\/?lang=en\/#website"},"datePublished":"2016-08-24T10:54:44+00:00","dateModified":"2025-02-28T07:11:20+00:00","breadcrumb":{"@id":"https:\/\/conpleks.com\/innovation\/innovation\/downloads\/#breadcrumb"},"inLanguage":"da-DK","potentialAction":[{"@type":"ReadAction","target":["https:\/\/conpleks.com\/innovation\/innovation\/downloads\/"]}]},{"@type":"BreadcrumbList","@id":"https:\/\/conpleks.com\/innovation\/innovation\/downloads\/#breadcrumb","itemListElement":[{"@type":"ListItem","position":1,"name":"Home","item":"https:\/\/conpleks.com\/innovation\/"},{"@type":"ListItem","position":2,"name":"Innovation","item":"https:\/\/conpleks.com\/innovation\/innovation\/"},{"@type":"ListItem","position":3,"name":"Downloads"}]},{"@type":"WebSite","@id":"https:\/\/conpleks.com\/innovation\/?lang=en\/#website","url":"https:\/\/conpleks.com\/innovation\/?lang=en\/","name":"Innovation","description":"Outdoor Mobile Robots","potentialAction":[{"@type":"SearchAction","target":{"@type":"EntryPoint","urlTemplate":"https:\/\/conpleks.com\/innovation\/?lang=en\/?s={search_term_string}"},"query-input":"required name=search_term_string"}],"inLanguage":"da-DK"}]}},"_links":{"self":[{"href":"https:\/\/conpleks.com\/innovation\/wp-json\/wp\/v2\/pages\/71"}],"collection":[{"href":"https:\/\/conpleks.com\/innovation\/wp-json\/wp\/v2\/pages"}],"about":[{"href":"https:\/\/conpleks.com\/innovation\/wp-json\/wp\/v2\/types\/page"}],"author":[{"embeddable":true,"href":"https:\/\/conpleks.com\/innovation\/wp-json\/wp\/v2\/users\/1"}],"replies":[{"embeddable":true,"href":"https:\/\/conpleks.com\/innovation\/wp-json\/wp\/v2\/comments?post=71"}],"version-history":[{"count":19,"href":"https:\/\/conpleks.com\/innovation\/wp-json\/wp\/v2\/pages\/71\/revisions"}],"predecessor-version":[{"id":1805,"href":"https:\/\/conpleks.com\/innovation\/wp-json\/wp\/v2\/pages\/71\/revisions\/1805"}],"up":[{"embeddable":true,"href":"https:\/\/conpleks.com\/innovation\/wp-json\/wp\/v2\/pages\/30"}],"wp:attachment":[{"href":"https:\/\/conpleks.com\/innovation\/wp-json\/wp\/v2\/media?parent=71"}],"curies":[{"name":"wp","href":"https:\/\/api.w.org\/{rel}","templated":true}]}}