{"id":83,"date":"2016-08-24T11:16:53","date_gmt":"2016-08-24T11:16:53","guid":{"rendered":"https:\/\/conpleks.com\/innovation\/?page_id=83"},"modified":"2016-08-24T11:23:52","modified_gmt":"2016-08-24T11:23:52","slug":"ke-fibertec-as","status":"publish","type":"page","link":"https:\/\/conpleks.com\/innovation\/innovation\/referencer\/ke-fibertec-as\/","title":{"rendered":"KE Fibertec AS"},"content":{"rendered":"<div class=\"entry_content clear\">\n<p class=\"reference-title\"><img loading=\"lazy\" decoding=\"async\" class=\"alignright size-full wp-image-93\" src=\"https:\/\/conpleks.com\/innovation\/wp-content\/uploads\/sites\/3\/2016\/08\/ke-fibertec-logo1-180x61.png\" alt=\"ke-fibertec-logo1-180x61\" width=\"180\" height=\"61\" \/><strong>Udviklingsprojekt for KE Fibertec AS<\/strong><\/p>\n<p>KE Fibertec AS og Conpleks Innovation har indg\u00e5et en aftale om et produktudviklingsprojekt vedr. et avanceret\u00a0overv\u00e5gningssystem til KE Fibertecs tekstilkanaler. Aftalen involverer bl.a. produktudvikling, projektledelse og produktgodkendelser, og projektet k\u00f8rer forel\u00f8big frem til sommeren 2013.<\/p>\n<p>KE Fibertec AS udvikler, producerer og markedsf\u00f8rer \u201dGodt indeklima\u201d eller luftfordelingssystemer baseret p\u00e5 fiberteknologi. Princippet er, at ventilationsluften fordeles tr\u00e6kfrit og ensartet gennem de skr\u00e6ddersyede tekstilkanaler \u2013 \u201dAir the way you want\u201d.<\/p>\n<p>L\u00e6s mere p\u00e5\u00a0<a href=\"http:\/\/www.ke-fibertec.com\">www.ke-fibertec.com<\/a><\/div>\n","protected":false},"excerpt":{"rendered":"<p>Udviklingsprojekt for KE Fibertec AS KE Fibertec AS og Conpleks Innovation har indg\u00e5et en aftale om et produktudviklingsprojekt vedr. et avanceret\u00a0overv\u00e5gningssystem til KE Fibertecs tekstilkanaler. Aftalen involverer bl.a. produktudvikling, projektledelse og produktgodkendelser, og projektet k\u00f8rer forel\u00f8big frem til sommeren 2013. KE Fibertec AS udvikler, producerer og markedsf\u00f8rer \u201dGodt indeklima\u201d eller luftfordelingssystemer baseret p\u00e5 fiberteknologi. Princippet [&hellip;]<\/p>\n","protected":false},"author":1,"featured_media":0,"parent":81,"menu_order":0,"comment_status":"closed","ping_status":"closed","template":"","meta":{"footnotes":""},"class_list":["post-83","page","type-page","status-publish","hentry"],"yoast_head":"<!-- This site is optimized with the Yoast SEO plugin v23.2 - https:\/\/yoast.com\/wordpress\/plugins\/seo\/ -->\n<title>KE Fibertec AS - Innovation<\/title>\n<meta name=\"robots\" content=\"index, follow, max-snippet:-1, max-image-preview:large, max-video-preview:-1\" \/>\n<link rel=\"canonical\" href=\"https:\/\/conpleks.com\/innovation\/innovation\/referencer\/ke-fibertec-as\/\" \/>\n<meta property=\"og:locale\" content=\"da_DK\" \/>\n<meta property=\"og:type\" content=\"article\" \/>\n<meta property=\"og:title\" content=\"KE Fibertec AS - Innovation\" \/>\n<meta property=\"og:description\" content=\"Udviklingsprojekt for KE Fibertec AS KE Fibertec AS og Conpleks Innovation har indg\u00e5et en aftale om et produktudviklingsprojekt vedr. et avanceret\u00a0overv\u00e5gningssystem til KE Fibertecs tekstilkanaler. Aftalen involverer bl.a. produktudvikling, projektledelse og produktgodkendelser, og projektet k\u00f8rer forel\u00f8big frem til sommeren 2013. KE Fibertec AS udvikler, producerer og markedsf\u00f8rer \u201dGodt indeklima\u201d eller luftfordelingssystemer baseret p\u00e5 fiberteknologi. Princippet [&hellip;]\" \/>\n<meta property=\"og:url\" content=\"https:\/\/conpleks.com\/innovation\/innovation\/referencer\/ke-fibertec-as\/\" \/>\n<meta property=\"og:site_name\" content=\"Innovation\" \/>\n<meta property=\"article:modified_time\" content=\"2016-08-24T11:23:52+00:00\" \/>\n<meta property=\"og:image\" content=\"https:\/\/conpleks.com\/innovation\/wp-content\/uploads\/sites\/3\/2016\/08\/ke-fibertec-logo1-180x61.png\" \/>\n<meta name=\"twitter:card\" content=\"summary_large_image\" \/>\n<script type=\"application\/ld+json\" class=\"yoast-schema-graph\">{\"@context\":\"https:\/\/schema.org\",\"@graph\":[{\"@type\":\"WebPage\",\"@id\":\"https:\/\/conpleks.com\/innovation\/innovation\/referencer\/ke-fibertec-as\/\",\"url\":\"https:\/\/conpleks.com\/innovation\/innovation\/referencer\/ke-fibertec-as\/\",\"name\":\"KE Fibertec AS - Innovation\",\"isPartOf\":{\"@id\":\"https:\/\/conpleks.com\/innovation\/?lang=en\/#website\"},\"primaryImageOfPage\":{\"@id\":\"https:\/\/conpleks.com\/innovation\/innovation\/referencer\/ke-fibertec-as\/#primaryimage\"},\"image\":{\"@id\":\"https:\/\/conpleks.com\/innovation\/innovation\/referencer\/ke-fibertec-as\/#primaryimage\"},\"thumbnailUrl\":\"https:\/\/conpleks.com\/innovation\/wp-content\/uploads\/sites\/3\/2016\/08\/ke-fibertec-logo1-180x61.png\",\"datePublished\":\"2016-08-24T11:16:53+00:00\",\"dateModified\":\"2016-08-24T11:23:52+00:00\",\"breadcrumb\":{\"@id\":\"https:\/\/conpleks.com\/innovation\/innovation\/referencer\/ke-fibertec-as\/#breadcrumb\"},\"inLanguage\":\"da-DK\",\"potentialAction\":[{\"@type\":\"ReadAction\",\"target\":[\"https:\/\/conpleks.com\/innovation\/innovation\/referencer\/ke-fibertec-as\/\"]}]},{\"@type\":\"ImageObject\",\"inLanguage\":\"da-DK\",\"@id\":\"https:\/\/conpleks.com\/innovation\/innovation\/referencer\/ke-fibertec-as\/#primaryimage\",\"url\":\"https:\/\/conpleks.com\/innovation\/wp-content\/uploads\/sites\/3\/2016\/08\/ke-fibertec-logo1-180x61.png\",\"contentUrl\":\"https:\/\/conpleks.com\/innovation\/wp-content\/uploads\/sites\/3\/2016\/08\/ke-fibertec-logo1-180x61.png\"},{\"@type\":\"BreadcrumbList\",\"@id\":\"https:\/\/conpleks.com\/innovation\/innovation\/referencer\/ke-fibertec-as\/#breadcrumb\",\"itemListElement\":[{\"@type\":\"ListItem\",\"position\":1,\"name\":\"Home\",\"item\":\"https:\/\/conpleks.com\/innovation\/\"},{\"@type\":\"ListItem\",\"position\":2,\"name\":\"Innovation\",\"item\":\"https:\/\/conpleks.com\/innovation\/innovation\/\"},{\"@type\":\"ListItem\",\"position\":3,\"name\":\"Referencer\",\"item\":\"https:\/\/conpleks.com\/innovation\/innovation\/referencer\/\"},{\"@type\":\"ListItem\",\"position\":4,\"name\":\"KE Fibertec AS\"}]},{\"@type\":\"WebSite\",\"@id\":\"https:\/\/conpleks.com\/innovation\/?lang=en\/#website\",\"url\":\"https:\/\/conpleks.com\/innovation\/?lang=en\/\",\"name\":\"Innovation\",\"description\":\"Outdoor Mobile Robots\",\"potentialAction\":[{\"@type\":\"SearchAction\",\"target\":{\"@type\":\"EntryPoint\",\"urlTemplate\":\"https:\/\/conpleks.com\/innovation\/?lang=en\/?s={search_term_string}\"},\"query-input\":\"required name=search_term_string\"}],\"inLanguage\":\"da-DK\"}]}<\/script>\n<!-- \/ Yoast SEO plugin. -->","yoast_head_json":{"title":"KE Fibertec AS - Innovation","robots":{"index":"index","follow":"follow","max-snippet":"max-snippet:-1","max-image-preview":"max-image-preview:large","max-video-preview":"max-video-preview:-1"},"canonical":"https:\/\/conpleks.com\/innovation\/innovation\/referencer\/ke-fibertec-as\/","og_locale":"da_DK","og_type":"article","og_title":"KE Fibertec AS - Innovation","og_description":"Udviklingsprojekt for KE Fibertec AS KE Fibertec AS og Conpleks Innovation har indg\u00e5et en aftale om et produktudviklingsprojekt vedr. et avanceret\u00a0overv\u00e5gningssystem til KE Fibertecs tekstilkanaler. Aftalen involverer bl.a. produktudvikling, projektledelse og produktgodkendelser, og projektet k\u00f8rer forel\u00f8big frem til sommeren 2013. KE Fibertec AS udvikler, producerer og markedsf\u00f8rer \u201dGodt indeklima\u201d eller luftfordelingssystemer baseret p\u00e5 fiberteknologi. Princippet [&hellip;]","og_url":"https:\/\/conpleks.com\/innovation\/innovation\/referencer\/ke-fibertec-as\/","og_site_name":"Innovation","article_modified_time":"2016-08-24T11:23:52+00:00","og_image":[{"url":"https:\/\/conpleks.com\/innovation\/wp-content\/uploads\/sites\/3\/2016\/08\/ke-fibertec-logo1-180x61.png"}],"twitter_card":"summary_large_image","schema":{"@context":"https:\/\/schema.org","@graph":[{"@type":"WebPage","@id":"https:\/\/conpleks.com\/innovation\/innovation\/referencer\/ke-fibertec-as\/","url":"https:\/\/conpleks.com\/innovation\/innovation\/referencer\/ke-fibertec-as\/","name":"KE Fibertec AS - Innovation","isPartOf":{"@id":"https:\/\/conpleks.com\/innovation\/?lang=en\/#website"},"primaryImageOfPage":{"@id":"https:\/\/conpleks.com\/innovation\/innovation\/referencer\/ke-fibertec-as\/#primaryimage"},"image":{"@id":"https:\/\/conpleks.com\/innovation\/innovation\/referencer\/ke-fibertec-as\/#primaryimage"},"thumbnailUrl":"https:\/\/conpleks.com\/innovation\/wp-content\/uploads\/sites\/3\/2016\/08\/ke-fibertec-logo1-180x61.png","datePublished":"2016-08-24T11:16:53+00:00","dateModified":"2016-08-24T11:23:52+00:00","breadcrumb":{"@id":"https:\/\/conpleks.com\/innovation\/innovation\/referencer\/ke-fibertec-as\/#breadcrumb"},"inLanguage":"da-DK","potentialAction":[{"@type":"ReadAction","target":["https:\/\/conpleks.com\/innovation\/innovation\/referencer\/ke-fibertec-as\/"]}]},{"@type":"ImageObject","inLanguage":"da-DK","@id":"https:\/\/conpleks.com\/innovation\/innovation\/referencer\/ke-fibertec-as\/#primaryimage","url":"https:\/\/conpleks.com\/innovation\/wp-content\/uploads\/sites\/3\/2016\/08\/ke-fibertec-logo1-180x61.png","contentUrl":"https:\/\/conpleks.com\/innovation\/wp-content\/uploads\/sites\/3\/2016\/08\/ke-fibertec-logo1-180x61.png"},{"@type":"BreadcrumbList","@id":"https:\/\/conpleks.com\/innovation\/innovation\/referencer\/ke-fibertec-as\/#breadcrumb","itemListElement":[{"@type":"ListItem","position":1,"name":"Home","item":"https:\/\/conpleks.com\/innovation\/"},{"@type":"ListItem","position":2,"name":"Innovation","item":"https:\/\/conpleks.com\/innovation\/innovation\/"},{"@type":"ListItem","position":3,"name":"Referencer","item":"https:\/\/conpleks.com\/innovation\/innovation\/referencer\/"},{"@type":"ListItem","position":4,"name":"KE Fibertec AS"}]},{"@type":"WebSite","@id":"https:\/\/conpleks.com\/innovation\/?lang=en\/#website","url":"https:\/\/conpleks.com\/innovation\/?lang=en\/","name":"Innovation","description":"Outdoor Mobile Robots","potentialAction":[{"@type":"SearchAction","target":{"@type":"EntryPoint","urlTemplate":"https:\/\/conpleks.com\/innovation\/?lang=en\/?s={search_term_string}"},"query-input":"required name=search_term_string"}],"inLanguage":"da-DK"}]}},"_links":{"self":[{"href":"https:\/\/conpleks.com\/innovation\/wp-json\/wp\/v2\/pages\/83"}],"collection":[{"href":"https:\/\/conpleks.com\/innovation\/wp-json\/wp\/v2\/pages"}],"about":[{"href":"https:\/\/conpleks.com\/innovation\/wp-json\/wp\/v2\/types\/page"}],"author":[{"embeddable":true,"href":"https:\/\/conpleks.com\/innovation\/wp-json\/wp\/v2\/users\/1"}],"replies":[{"embeddable":true,"href":"https:\/\/conpleks.com\/innovation\/wp-json\/wp\/v2\/comments?post=83"}],"version-history":[{"count":4,"href":"https:\/\/conpleks.com\/innovation\/wp-json\/wp\/v2\/pages\/83\/revisions"}],"predecessor-version":[{"id":96,"href":"https:\/\/conpleks.com\/innovation\/wp-json\/wp\/v2\/pages\/83\/revisions\/96"}],"up":[{"embeddable":true,"href":"https:\/\/conpleks.com\/innovation\/wp-json\/wp\/v2\/pages\/81"}],"wp:attachment":[{"href":"https:\/\/conpleks.com\/innovation\/wp-json\/wp\/v2\/media?parent=83"}],"curies":[{"name":"wp","href":"https:\/\/api.w.org\/{rel}","templated":true}]}}