{"id":89,"date":"2016-08-24T11:20:19","date_gmt":"2016-08-24T11:20:19","guid":{"rendered":"https:\/\/conpleks.com\/innovation\/?page_id=89"},"modified":"2016-08-24T11:25:35","modified_gmt":"2016-08-24T11:25:35","slug":"kk-electronic-as","status":"publish","type":"page","link":"https:\/\/conpleks.com\/innovation\/innovation\/referencer\/kk-electronic-as\/","title":{"rendered":"kk-electronic a\/s"},"content":{"rendered":"<div class=\"entry_content clear\">\n<p class=\"reference-title\"><img loading=\"lazy\" decoding=\"async\" class=\"alignright size-full wp-image-101\" src=\"https:\/\/conpleks.com\/innovation\/wp-content\/uploads\/sites\/3\/2016\/08\/kk_group_logo-180x72.jpg\" alt=\"kk_group_logo-180x72\" width=\"180\" height=\"72\" \/><strong>Mekanisk design service for kk-electronic a\/s<\/strong><\/p>\n<p>kk-electronic a\/s og Conpleks Innovation har indg\u00e5et en aftale om mekanik design service.\u00a0Aftalen d\u00e6kker bl.a. design service on-site hos kk-electronic og g\u00e6lder forel\u00f8big den f\u00f8rste halvdel af 2012.<\/p>\n<p>kk-electronic a\/s har igennem tre \u00e5rtier udviklet og produceret komplette vindm\u00f8llestyringer til f\u00f8rende vindm\u00f8lleproducenter, og firmaet har en uvurderlig know-how p\u00e5 dette felt.<\/p>\n<p>L\u00e6s mere p\u00e5 <a href=\"http:\/\/www.kk-electronic.dk\/\">www.kk-electronic.dk<\/a><\/div>\n","protected":false},"excerpt":{"rendered":"<p>Mekanisk design service for kk-electronic a\/s kk-electronic a\/s og Conpleks Innovation har indg\u00e5et en aftale om mekanik design service.\u00a0Aftalen d\u00e6kker bl.a. design service on-site hos kk-electronic og g\u00e6lder forel\u00f8big den f\u00f8rste halvdel af 2012. kk-electronic a\/s har igennem tre \u00e5rtier udviklet og produceret komplette vindm\u00f8llestyringer til f\u00f8rende vindm\u00f8lleproducenter, og firmaet har en uvurderlig know-how p\u00e5 [&hellip;]<\/p>\n","protected":false},"author":1,"featured_media":0,"parent":81,"menu_order":0,"comment_status":"closed","ping_status":"closed","template":"","meta":{"footnotes":""},"class_list":["post-89","page","type-page","status-publish","hentry"],"yoast_head":"<!-- This site is optimized with the Yoast SEO plugin v23.2 - https:\/\/yoast.com\/wordpress\/plugins\/seo\/ -->\n<title>kk-electronic a\/s - Innovation<\/title>\n<meta name=\"robots\" content=\"index, follow, max-snippet:-1, max-image-preview:large, max-video-preview:-1\" \/>\n<link rel=\"canonical\" href=\"https:\/\/conpleks.com\/innovation\/innovation\/referencer\/kk-electronic-as\/\" \/>\n<meta property=\"og:locale\" content=\"da_DK\" \/>\n<meta property=\"og:type\" content=\"article\" \/>\n<meta property=\"og:title\" content=\"kk-electronic a\/s - Innovation\" \/>\n<meta property=\"og:description\" content=\"Mekanisk design service for kk-electronic a\/s kk-electronic a\/s og Conpleks Innovation har indg\u00e5et en aftale om mekanik design service.\u00a0Aftalen d\u00e6kker bl.a. design service on-site hos kk-electronic og g\u00e6lder forel\u00f8big den f\u00f8rste halvdel af 2012. kk-electronic a\/s har igennem tre \u00e5rtier udviklet og produceret komplette vindm\u00f8llestyringer til f\u00f8rende vindm\u00f8lleproducenter, og firmaet har en uvurderlig know-how p\u00e5 [&hellip;]\" \/>\n<meta property=\"og:url\" content=\"https:\/\/conpleks.com\/innovation\/innovation\/referencer\/kk-electronic-as\/\" \/>\n<meta property=\"og:site_name\" content=\"Innovation\" \/>\n<meta property=\"article:modified_time\" content=\"2016-08-24T11:25:35+00:00\" \/>\n<meta property=\"og:image\" content=\"https:\/\/conpleks.com\/innovation\/wp-content\/uploads\/sites\/3\/2016\/08\/kk_group_logo-180x72.jpg\" \/>\n<meta name=\"twitter:card\" content=\"summary_large_image\" \/>\n<script type=\"application\/ld+json\" class=\"yoast-schema-graph\">{\"@context\":\"https:\/\/schema.org\",\"@graph\":[{\"@type\":\"WebPage\",\"@id\":\"https:\/\/conpleks.com\/innovation\/innovation\/referencer\/kk-electronic-as\/\",\"url\":\"https:\/\/conpleks.com\/innovation\/innovation\/referencer\/kk-electronic-as\/\",\"name\":\"kk-electronic a\/s - Innovation\",\"isPartOf\":{\"@id\":\"https:\/\/conpleks.com\/innovation\/?lang=en\/#website\"},\"primaryImageOfPage\":{\"@id\":\"https:\/\/conpleks.com\/innovation\/innovation\/referencer\/kk-electronic-as\/#primaryimage\"},\"image\":{\"@id\":\"https:\/\/conpleks.com\/innovation\/innovation\/referencer\/kk-electronic-as\/#primaryimage\"},\"thumbnailUrl\":\"https:\/\/conpleks.com\/innovation\/wp-content\/uploads\/sites\/3\/2016\/08\/kk_group_logo-180x72.jpg\",\"datePublished\":\"2016-08-24T11:20:19+00:00\",\"dateModified\":\"2016-08-24T11:25:35+00:00\",\"breadcrumb\":{\"@id\":\"https:\/\/conpleks.com\/innovation\/innovation\/referencer\/kk-electronic-as\/#breadcrumb\"},\"inLanguage\":\"da-DK\",\"potentialAction\":[{\"@type\":\"ReadAction\",\"target\":[\"https:\/\/conpleks.com\/innovation\/innovation\/referencer\/kk-electronic-as\/\"]}]},{\"@type\":\"ImageObject\",\"inLanguage\":\"da-DK\",\"@id\":\"https:\/\/conpleks.com\/innovation\/innovation\/referencer\/kk-electronic-as\/#primaryimage\",\"url\":\"https:\/\/conpleks.com\/innovation\/wp-content\/uploads\/sites\/3\/2016\/08\/kk_group_logo-180x72.jpg\",\"contentUrl\":\"https:\/\/conpleks.com\/innovation\/wp-content\/uploads\/sites\/3\/2016\/08\/kk_group_logo-180x72.jpg\"},{\"@type\":\"BreadcrumbList\",\"@id\":\"https:\/\/conpleks.com\/innovation\/innovation\/referencer\/kk-electronic-as\/#breadcrumb\",\"itemListElement\":[{\"@type\":\"ListItem\",\"position\":1,\"name\":\"Home\",\"item\":\"https:\/\/conpleks.com\/innovation\/\"},{\"@type\":\"ListItem\",\"position\":2,\"name\":\"Innovation\",\"item\":\"https:\/\/conpleks.com\/innovation\/innovation\/\"},{\"@type\":\"ListItem\",\"position\":3,\"name\":\"Referencer\",\"item\":\"https:\/\/conpleks.com\/innovation\/innovation\/referencer\/\"},{\"@type\":\"ListItem\",\"position\":4,\"name\":\"kk-electronic a\/s\"}]},{\"@type\":\"WebSite\",\"@id\":\"https:\/\/conpleks.com\/innovation\/?lang=en\/#website\",\"url\":\"https:\/\/conpleks.com\/innovation\/?lang=en\/\",\"name\":\"Innovation\",\"description\":\"Outdoor Mobile Robots\",\"potentialAction\":[{\"@type\":\"SearchAction\",\"target\":{\"@type\":\"EntryPoint\",\"urlTemplate\":\"https:\/\/conpleks.com\/innovation\/?lang=en\/?s={search_term_string}\"},\"query-input\":\"required name=search_term_string\"}],\"inLanguage\":\"da-DK\"}]}<\/script>\n<!-- \/ Yoast SEO plugin. -->","yoast_head_json":{"title":"kk-electronic a\/s - Innovation","robots":{"index":"index","follow":"follow","max-snippet":"max-snippet:-1","max-image-preview":"max-image-preview:large","max-video-preview":"max-video-preview:-1"},"canonical":"https:\/\/conpleks.com\/innovation\/innovation\/referencer\/kk-electronic-as\/","og_locale":"da_DK","og_type":"article","og_title":"kk-electronic a\/s - Innovation","og_description":"Mekanisk design service for kk-electronic a\/s kk-electronic a\/s og Conpleks Innovation har indg\u00e5et en aftale om mekanik design service.\u00a0Aftalen d\u00e6kker bl.a. design service on-site hos kk-electronic og g\u00e6lder forel\u00f8big den f\u00f8rste halvdel af 2012. kk-electronic a\/s har igennem tre \u00e5rtier udviklet og produceret komplette vindm\u00f8llestyringer til f\u00f8rende vindm\u00f8lleproducenter, og firmaet har en uvurderlig know-how p\u00e5 [&hellip;]","og_url":"https:\/\/conpleks.com\/innovation\/innovation\/referencer\/kk-electronic-as\/","og_site_name":"Innovation","article_modified_time":"2016-08-24T11:25:35+00:00","og_image":[{"url":"https:\/\/conpleks.com\/innovation\/wp-content\/uploads\/sites\/3\/2016\/08\/kk_group_logo-180x72.jpg"}],"twitter_card":"summary_large_image","schema":{"@context":"https:\/\/schema.org","@graph":[{"@type":"WebPage","@id":"https:\/\/conpleks.com\/innovation\/innovation\/referencer\/kk-electronic-as\/","url":"https:\/\/conpleks.com\/innovation\/innovation\/referencer\/kk-electronic-as\/","name":"kk-electronic a\/s - Innovation","isPartOf":{"@id":"https:\/\/conpleks.com\/innovation\/?lang=en\/#website"},"primaryImageOfPage":{"@id":"https:\/\/conpleks.com\/innovation\/innovation\/referencer\/kk-electronic-as\/#primaryimage"},"image":{"@id":"https:\/\/conpleks.com\/innovation\/innovation\/referencer\/kk-electronic-as\/#primaryimage"},"thumbnailUrl":"https:\/\/conpleks.com\/innovation\/wp-content\/uploads\/sites\/3\/2016\/08\/kk_group_logo-180x72.jpg","datePublished":"2016-08-24T11:20:19+00:00","dateModified":"2016-08-24T11:25:35+00:00","breadcrumb":{"@id":"https:\/\/conpleks.com\/innovation\/innovation\/referencer\/kk-electronic-as\/#breadcrumb"},"inLanguage":"da-DK","potentialAction":[{"@type":"ReadAction","target":["https:\/\/conpleks.com\/innovation\/innovation\/referencer\/kk-electronic-as\/"]}]},{"@type":"ImageObject","inLanguage":"da-DK","@id":"https:\/\/conpleks.com\/innovation\/innovation\/referencer\/kk-electronic-as\/#primaryimage","url":"https:\/\/conpleks.com\/innovation\/wp-content\/uploads\/sites\/3\/2016\/08\/kk_group_logo-180x72.jpg","contentUrl":"https:\/\/conpleks.com\/innovation\/wp-content\/uploads\/sites\/3\/2016\/08\/kk_group_logo-180x72.jpg"},{"@type":"BreadcrumbList","@id":"https:\/\/conpleks.com\/innovation\/innovation\/referencer\/kk-electronic-as\/#breadcrumb","itemListElement":[{"@type":"ListItem","position":1,"name":"Home","item":"https:\/\/conpleks.com\/innovation\/"},{"@type":"ListItem","position":2,"name":"Innovation","item":"https:\/\/conpleks.com\/innovation\/innovation\/"},{"@type":"ListItem","position":3,"name":"Referencer","item":"https:\/\/conpleks.com\/innovation\/innovation\/referencer\/"},{"@type":"ListItem","position":4,"name":"kk-electronic a\/s"}]},{"@type":"WebSite","@id":"https:\/\/conpleks.com\/innovation\/?lang=en\/#website","url":"https:\/\/conpleks.com\/innovation\/?lang=en\/","name":"Innovation","description":"Outdoor Mobile Robots","potentialAction":[{"@type":"SearchAction","target":{"@type":"EntryPoint","urlTemplate":"https:\/\/conpleks.com\/innovation\/?lang=en\/?s={search_term_string}"},"query-input":"required name=search_term_string"}],"inLanguage":"da-DK"}]}},"_links":{"self":[{"href":"https:\/\/conpleks.com\/innovation\/wp-json\/wp\/v2\/pages\/89"}],"collection":[{"href":"https:\/\/conpleks.com\/innovation\/wp-json\/wp\/v2\/pages"}],"about":[{"href":"https:\/\/conpleks.com\/innovation\/wp-json\/wp\/v2\/types\/page"}],"author":[{"embeddable":true,"href":"https:\/\/conpleks.com\/innovation\/wp-json\/wp\/v2\/users\/1"}],"replies":[{"embeddable":true,"href":"https:\/\/conpleks.com\/innovation\/wp-json\/wp\/v2\/comments?post=89"}],"version-history":[{"count":2,"href":"https:\/\/conpleks.com\/innovation\/wp-json\/wp\/v2\/pages\/89\/revisions"}],"predecessor-version":[{"id":102,"href":"https:\/\/conpleks.com\/innovation\/wp-json\/wp\/v2\/pages\/89\/revisions\/102"}],"up":[{"embeddable":true,"href":"https:\/\/conpleks.com\/innovation\/wp-json\/wp\/v2\/pages\/81"}],"wp:attachment":[{"href":"https:\/\/conpleks.com\/innovation\/wp-json\/wp\/v2\/media?parent=89"}],"curies":[{"name":"wp","href":"https:\/\/api.w.org\/{rel}","templated":true}]}}