{"id":91,"date":"2016-08-24T11:22:00","date_gmt":"2016-08-24T11:22:00","guid":{"rendered":"https:\/\/conpleks.com\/innovation\/?page_id=91"},"modified":"2016-08-24T11:26:06","modified_gmt":"2016-08-24T11:26:06","slug":"neoline-as","status":"publish","type":"page","link":"https:\/\/conpleks.com\/innovation\/innovation\/referencer\/neoline-as\/","title":{"rendered":"neoline a\/s"},"content":{"rendered":"<div class=\"entry_content clear\">\n<p class=\"reference-title\"><img loading=\"lazy\" decoding=\"async\" class=\"alignright size-full wp-image-103\" src=\"https:\/\/conpleks.com\/innovation\/wp-content\/uploads\/sites\/3\/2016\/08\/Neoline-logo-180x63.jpg\" alt=\"Neoline-logo-180x63\" width=\"180\" height=\"63\" \/><strong>Produktudvikling for neoline a\/s<\/strong><\/p>\n<p>Neoline A\/S og Conpleks Innovation har indg\u00e5et en aftale om et produktudviklingssamarbejde vedr. LED-belysning. Aftalen d\u00e6kker bl.a. design\u00a0services og h\u00e5ndtering af myndighedsgodkendelser, og aftalen g\u00e6lder forel\u00f8big anden\u00a0halvdel af 2012.<\/p>\n<p>Neoline er en innovativ og fremadstr\u00e6bende virksomhed, baseret i udviklerparken Nupark i Holstebro. Neoline udvikler og leverer\u00a0LED-baserede belysningsl\u00f8sninger, der hj\u00e6lper kunderne med at nedbringe energiforbruget, og derved spare penge og reducere\u00a0CO2 udledningen.L\u00e6s mere p\u00e5\u00a0<a href=\"http:\/\/www.neoline.dk\/\">www.neoline.dk<\/a><\/div>\n","protected":false},"excerpt":{"rendered":"<p>Produktudvikling for neoline a\/s Neoline A\/S og Conpleks Innovation har indg\u00e5et en aftale om et produktudviklingssamarbejde vedr. LED-belysning. Aftalen d\u00e6kker bl.a. design\u00a0services og h\u00e5ndtering af myndighedsgodkendelser, og aftalen g\u00e6lder forel\u00f8big anden\u00a0halvdel af 2012. Neoline er en innovativ og fremadstr\u00e6bende virksomhed, baseret i udviklerparken Nupark i Holstebro. Neoline udvikler og leverer\u00a0LED-baserede belysningsl\u00f8sninger, der hj\u00e6lper kunderne med [&hellip;]<\/p>\n","protected":false},"author":1,"featured_media":0,"parent":81,"menu_order":0,"comment_status":"closed","ping_status":"closed","template":"","meta":{"footnotes":""},"class_list":["post-91","page","type-page","status-publish","hentry"],"yoast_head":"<!-- This site is optimized with the Yoast SEO plugin v23.2 - https:\/\/yoast.com\/wordpress\/plugins\/seo\/ -->\n<title>neoline a\/s - Innovation<\/title>\n<meta name=\"robots\" content=\"index, follow, max-snippet:-1, max-image-preview:large, max-video-preview:-1\" \/>\n<link rel=\"canonical\" href=\"https:\/\/conpleks.com\/innovation\/innovation\/referencer\/neoline-as\/\" \/>\n<meta property=\"og:locale\" content=\"da_DK\" \/>\n<meta property=\"og:type\" content=\"article\" \/>\n<meta property=\"og:title\" content=\"neoline a\/s - Innovation\" \/>\n<meta property=\"og:description\" content=\"Produktudvikling for neoline a\/s Neoline A\/S og Conpleks Innovation har indg\u00e5et en aftale om et produktudviklingssamarbejde vedr. LED-belysning. Aftalen d\u00e6kker bl.a. design\u00a0services og h\u00e5ndtering af myndighedsgodkendelser, og aftalen g\u00e6lder forel\u00f8big anden\u00a0halvdel af 2012. Neoline er en innovativ og fremadstr\u00e6bende virksomhed, baseret i udviklerparken Nupark i Holstebro. Neoline udvikler og leverer\u00a0LED-baserede belysningsl\u00f8sninger, der hj\u00e6lper kunderne med [&hellip;]\" \/>\n<meta property=\"og:url\" content=\"https:\/\/conpleks.com\/innovation\/innovation\/referencer\/neoline-as\/\" \/>\n<meta property=\"og:site_name\" content=\"Innovation\" \/>\n<meta property=\"article:modified_time\" content=\"2016-08-24T11:26:06+00:00\" \/>\n<meta property=\"og:image\" content=\"https:\/\/conpleks.com\/innovation\/wp-content\/uploads\/sites\/3\/2016\/08\/Neoline-logo-180x63.jpg\" \/>\n<meta name=\"twitter:card\" content=\"summary_large_image\" \/>\n<script type=\"application\/ld+json\" class=\"yoast-schema-graph\">{\"@context\":\"https:\/\/schema.org\",\"@graph\":[{\"@type\":\"WebPage\",\"@id\":\"https:\/\/conpleks.com\/innovation\/innovation\/referencer\/neoline-as\/\",\"url\":\"https:\/\/conpleks.com\/innovation\/innovation\/referencer\/neoline-as\/\",\"name\":\"neoline a\/s - Innovation\",\"isPartOf\":{\"@id\":\"https:\/\/conpleks.com\/innovation\/?lang=en\/#website\"},\"primaryImageOfPage\":{\"@id\":\"https:\/\/conpleks.com\/innovation\/innovation\/referencer\/neoline-as\/#primaryimage\"},\"image\":{\"@id\":\"https:\/\/conpleks.com\/innovation\/innovation\/referencer\/neoline-as\/#primaryimage\"},\"thumbnailUrl\":\"https:\/\/conpleks.com\/innovation\/wp-content\/uploads\/sites\/3\/2016\/08\/Neoline-logo-180x63.jpg\",\"datePublished\":\"2016-08-24T11:22:00+00:00\",\"dateModified\":\"2016-08-24T11:26:06+00:00\",\"breadcrumb\":{\"@id\":\"https:\/\/conpleks.com\/innovation\/innovation\/referencer\/neoline-as\/#breadcrumb\"},\"inLanguage\":\"da-DK\",\"potentialAction\":[{\"@type\":\"ReadAction\",\"target\":[\"https:\/\/conpleks.com\/innovation\/innovation\/referencer\/neoline-as\/\"]}]},{\"@type\":\"ImageObject\",\"inLanguage\":\"da-DK\",\"@id\":\"https:\/\/conpleks.com\/innovation\/innovation\/referencer\/neoline-as\/#primaryimage\",\"url\":\"https:\/\/conpleks.com\/innovation\/wp-content\/uploads\/sites\/3\/2016\/08\/Neoline-logo-180x63.jpg\",\"contentUrl\":\"https:\/\/conpleks.com\/innovation\/wp-content\/uploads\/sites\/3\/2016\/08\/Neoline-logo-180x63.jpg\"},{\"@type\":\"BreadcrumbList\",\"@id\":\"https:\/\/conpleks.com\/innovation\/innovation\/referencer\/neoline-as\/#breadcrumb\",\"itemListElement\":[{\"@type\":\"ListItem\",\"position\":1,\"name\":\"Home\",\"item\":\"https:\/\/conpleks.com\/innovation\/\"},{\"@type\":\"ListItem\",\"position\":2,\"name\":\"Innovation\",\"item\":\"https:\/\/conpleks.com\/innovation\/innovation\/\"},{\"@type\":\"ListItem\",\"position\":3,\"name\":\"Referencer\",\"item\":\"https:\/\/conpleks.com\/innovation\/innovation\/referencer\/\"},{\"@type\":\"ListItem\",\"position\":4,\"name\":\"neoline a\/s\"}]},{\"@type\":\"WebSite\",\"@id\":\"https:\/\/conpleks.com\/innovation\/?lang=en\/#website\",\"url\":\"https:\/\/conpleks.com\/innovation\/?lang=en\/\",\"name\":\"Innovation\",\"description\":\"Outdoor Mobile Robots\",\"potentialAction\":[{\"@type\":\"SearchAction\",\"target\":{\"@type\":\"EntryPoint\",\"urlTemplate\":\"https:\/\/conpleks.com\/innovation\/?lang=en\/?s={search_term_string}\"},\"query-input\":\"required name=search_term_string\"}],\"inLanguage\":\"da-DK\"}]}<\/script>\n<!-- \/ Yoast SEO plugin. -->","yoast_head_json":{"title":"neoline a\/s - Innovation","robots":{"index":"index","follow":"follow","max-snippet":"max-snippet:-1","max-image-preview":"max-image-preview:large","max-video-preview":"max-video-preview:-1"},"canonical":"https:\/\/conpleks.com\/innovation\/innovation\/referencer\/neoline-as\/","og_locale":"da_DK","og_type":"article","og_title":"neoline a\/s - Innovation","og_description":"Produktudvikling for neoline a\/s Neoline A\/S og Conpleks Innovation har indg\u00e5et en aftale om et produktudviklingssamarbejde vedr. LED-belysning. Aftalen d\u00e6kker bl.a. design\u00a0services og h\u00e5ndtering af myndighedsgodkendelser, og aftalen g\u00e6lder forel\u00f8big anden\u00a0halvdel af 2012. Neoline er en innovativ og fremadstr\u00e6bende virksomhed, baseret i udviklerparken Nupark i Holstebro. Neoline udvikler og leverer\u00a0LED-baserede belysningsl\u00f8sninger, der hj\u00e6lper kunderne med [&hellip;]","og_url":"https:\/\/conpleks.com\/innovation\/innovation\/referencer\/neoline-as\/","og_site_name":"Innovation","article_modified_time":"2016-08-24T11:26:06+00:00","og_image":[{"url":"https:\/\/conpleks.com\/innovation\/wp-content\/uploads\/sites\/3\/2016\/08\/Neoline-logo-180x63.jpg"}],"twitter_card":"summary_large_image","schema":{"@context":"https:\/\/schema.org","@graph":[{"@type":"WebPage","@id":"https:\/\/conpleks.com\/innovation\/innovation\/referencer\/neoline-as\/","url":"https:\/\/conpleks.com\/innovation\/innovation\/referencer\/neoline-as\/","name":"neoline a\/s - Innovation","isPartOf":{"@id":"https:\/\/conpleks.com\/innovation\/?lang=en\/#website"},"primaryImageOfPage":{"@id":"https:\/\/conpleks.com\/innovation\/innovation\/referencer\/neoline-as\/#primaryimage"},"image":{"@id":"https:\/\/conpleks.com\/innovation\/innovation\/referencer\/neoline-as\/#primaryimage"},"thumbnailUrl":"https:\/\/conpleks.com\/innovation\/wp-content\/uploads\/sites\/3\/2016\/08\/Neoline-logo-180x63.jpg","datePublished":"2016-08-24T11:22:00+00:00","dateModified":"2016-08-24T11:26:06+00:00","breadcrumb":{"@id":"https:\/\/conpleks.com\/innovation\/innovation\/referencer\/neoline-as\/#breadcrumb"},"inLanguage":"da-DK","potentialAction":[{"@type":"ReadAction","target":["https:\/\/conpleks.com\/innovation\/innovation\/referencer\/neoline-as\/"]}]},{"@type":"ImageObject","inLanguage":"da-DK","@id":"https:\/\/conpleks.com\/innovation\/innovation\/referencer\/neoline-as\/#primaryimage","url":"https:\/\/conpleks.com\/innovation\/wp-content\/uploads\/sites\/3\/2016\/08\/Neoline-logo-180x63.jpg","contentUrl":"https:\/\/conpleks.com\/innovation\/wp-content\/uploads\/sites\/3\/2016\/08\/Neoline-logo-180x63.jpg"},{"@type":"BreadcrumbList","@id":"https:\/\/conpleks.com\/innovation\/innovation\/referencer\/neoline-as\/#breadcrumb","itemListElement":[{"@type":"ListItem","position":1,"name":"Home","item":"https:\/\/conpleks.com\/innovation\/"},{"@type":"ListItem","position":2,"name":"Innovation","item":"https:\/\/conpleks.com\/innovation\/innovation\/"},{"@type":"ListItem","position":3,"name":"Referencer","item":"https:\/\/conpleks.com\/innovation\/innovation\/referencer\/"},{"@type":"ListItem","position":4,"name":"neoline a\/s"}]},{"@type":"WebSite","@id":"https:\/\/conpleks.com\/innovation\/?lang=en\/#website","url":"https:\/\/conpleks.com\/innovation\/?lang=en\/","name":"Innovation","description":"Outdoor Mobile Robots","potentialAction":[{"@type":"SearchAction","target":{"@type":"EntryPoint","urlTemplate":"https:\/\/conpleks.com\/innovation\/?lang=en\/?s={search_term_string}"},"query-input":"required name=search_term_string"}],"inLanguage":"da-DK"}]}},"_links":{"self":[{"href":"https:\/\/conpleks.com\/innovation\/wp-json\/wp\/v2\/pages\/91"}],"collection":[{"href":"https:\/\/conpleks.com\/innovation\/wp-json\/wp\/v2\/pages"}],"about":[{"href":"https:\/\/conpleks.com\/innovation\/wp-json\/wp\/v2\/types\/page"}],"author":[{"embeddable":true,"href":"https:\/\/conpleks.com\/innovation\/wp-json\/wp\/v2\/users\/1"}],"replies":[{"embeddable":true,"href":"https:\/\/conpleks.com\/innovation\/wp-json\/wp\/v2\/comments?post=91"}],"version-history":[{"count":2,"href":"https:\/\/conpleks.com\/innovation\/wp-json\/wp\/v2\/pages\/91\/revisions"}],"predecessor-version":[{"id":104,"href":"https:\/\/conpleks.com\/innovation\/wp-json\/wp\/v2\/pages\/91\/revisions\/104"}],"up":[{"embeddable":true,"href":"https:\/\/conpleks.com\/innovation\/wp-json\/wp\/v2\/pages\/81"}],"wp:attachment":[{"href":"https:\/\/conpleks.com\/innovation\/wp-json\/wp\/v2\/media?parent=91"}],"curies":[{"name":"wp","href":"https:\/\/api.w.org\/{rel}","templated":true}]}}