{"id":12,"date":"2016-08-16T12:54:40","date_gmt":"2016-08-16T12:54:40","guid":{"rendered":"https:\/\/conpleks.com\/robotech\/?page_id=12"},"modified":"2024-09-18T09:05:54","modified_gmt":"2024-09-18T09:05:54","slug":"robotloesninger-forskellige-formaal-vidt-forskellige-brancher","status":"publish","type":"page","link":"https:\/\/conpleks.com\/robotech\/","title":{"rendered":"Velkommen"},"content":{"rendered":"<div class=\"entry_content clear\">\n<p>Med moderne robotteknologi lige ved h\u00e5nden er der ingen grund til, at mennesker udf\u00f8rer slidsomme og farlige opgaver. Vi arbejder derfor konstant p\u00e5 at udvikle l\u00f8sninger til udend\u00f8rs, mobile robotter, som underst\u00f8tter arbejdspladser, hvor medarbejderne l\u00f8ser interessante og fagligt funderede opgaver, mens robotterne l\u00f8ser de h\u00e5rde og rutinepr\u00e6gede.<\/p>\n<p>Vi automatiserer processerne bag de rutinepr\u00e6gede og slidsomme arbejdsopgaver og implementerer dem i robotterne og s\u00e6tter dem i gang. P\u00e5 den m\u00e5de bliver de udend\u00f8rs, mobile robotter hurtigt en v\u00e6rdsat kollega og samarbejdspartner for medarbejderne.<\/p>\n<p>Alle de udend\u00f8rs mobile robotter, vi udvikler, er baseret p\u00e5 vores egenudviklede og patenterede robotteknologier. Det betyder desuden, at vi ud over komplette robotl\u00f8sninger ogs\u00e5 kan tilf\u00f8je nye funktioner til eksisterende robotter.<\/p>\n<h3><\/h3>\n<p>&nbsp;<\/p>\n<p>&nbsp;<\/p>\n<p style=\"text-align: left;\"><a href=\"https:\/\/e-magasiner.com\/conpleks\/robotter_og_digitalisering\/mobile\/index.html\" target=\"_blank\" rel=\"noopener\"><img loading=\"lazy\" decoding=\"async\" class=\"alignleft wp-image-1937 size-full\" src=\"https:\/\/conpleks.com\/robotech\/wp-content\/uploads\/sites\/2\/2024\/09\/Robotter-og-digitalisering.png\" alt=\"\" width=\"436\" height=\"331\" srcset=\"https:\/\/conpleks.com\/robotech\/wp-content\/uploads\/sites\/2\/2024\/09\/Robotter-og-digitalisering.png 436w, https:\/\/conpleks.com\/robotech\/wp-content\/uploads\/sites\/2\/2024\/09\/Robotter-og-digitalisering-300x228.png 300w\" sizes=\"(max-width: 436px) 100vw, 436px\" \/><\/a><\/p>\n<h3>Kundehistorier<\/h3>\n<p>&nbsp;<\/p>\n<p style=\"text-align: left;\">Hos Conpleks har vi haft privilegiet at samarbejde med en bred vifte af etablerede virksomheder, startups og forskere. Vi fungerer som en forl\u00e6ngelse af dit udviklingsteam og er altid klar til hurtigt at integrere os, n\u00e5r der er behov for det. Med vores omfattende erfaring inden for projektledelse kan vi problemfrit lede et projekt fra den indledende id\u00e9 til det f\u00e6rdige produkt eller tage os af specifikke udfordringer undervejs. <a href=\"https:\/\/e-magasiner.com\/conpleks\/robotter_og_digitalisering\/mobile\/index.html\" target=\"_blank\" rel=\"noopener\">L\u00e6s mere om vores samarbejdssucceser her.<\/a><\/p>\n<p>&nbsp;<\/p>\n<p>&nbsp;<\/p>\n<p><img loading=\"lazy\" decoding=\"async\" class=\"wp-image-1328 alignnone\" src=\"https:\/\/conpleks.com\/robotech\/wp-content\/uploads\/sites\/2\/2020\/08\/Conpleks-takes-away-wearing-tasks-1024x576.jpg\" alt=\"Conpleks takes away hard and wearing tasks\" width=\"850\" height=\"478\" srcset=\"https:\/\/conpleks.com\/robotech\/wp-content\/uploads\/sites\/2\/2020\/08\/Conpleks-takes-away-wearing-tasks-1024x576.jpg 1024w, https:\/\/conpleks.com\/robotech\/wp-content\/uploads\/sites\/2\/2020\/08\/Conpleks-takes-away-wearing-tasks-300x169.jpg 300w, https:\/\/conpleks.com\/robotech\/wp-content\/uploads\/sites\/2\/2020\/08\/Conpleks-takes-away-wearing-tasks-768x432.jpg 768w, https:\/\/conpleks.com\/robotech\/wp-content\/uploads\/sites\/2\/2020\/08\/Conpleks-takes-away-wearing-tasks-1536x864.jpg 1536w, https:\/\/conpleks.com\/robotech\/wp-content\/uploads\/sites\/2\/2020\/08\/Conpleks-takes-away-wearing-tasks-700x394.jpg 700w, https:\/\/conpleks.com\/robotech\/wp-content\/uploads\/sites\/2\/2020\/08\/Conpleks-takes-away-wearing-tasks.jpg 1920w\" sizes=\"(max-width: 850px) 100vw, 850px\" \/><\/div>\n","protected":false},"excerpt":{"rendered":"<p>Med moderne robotteknologi lige ved h\u00e5nden er der ingen grund til, at mennesker udf\u00f8rer slidsomme og farlige opgaver. Vi arbejder derfor konstant p\u00e5 at udvikle l\u00f8sninger til udend\u00f8rs, mobile robotter, som underst\u00f8tter arbejdspladser, hvor medarbejderne l\u00f8ser interessante og fagligt funderede opgaver, mens robotterne l\u00f8ser de h\u00e5rde og rutinepr\u00e6gede. Vi automatiserer processerne bag de rutinepr\u00e6gede og [&hellip;]<\/p>\n","protected":false},"author":1,"featured_media":0,"parent":0,"menu_order":0,"comment_status":"closed","ping_status":"closed","template":"","meta":{"footnotes":""},"class_list":["post-12","page","type-page","status-publish","hentry"],"yoast_head":"<!-- This site is optimized with the Yoast SEO plugin v23.2 - https:\/\/yoast.com\/wordpress\/plugins\/seo\/ -->\n<title>Velkommen - Robotech<\/title>\n<meta name=\"robots\" content=\"index, follow, max-snippet:-1, max-image-preview:large, max-video-preview:-1\" \/>\n<link rel=\"canonical\" href=\"https:\/\/conpleks.com\/robotech\/\" \/>\n<meta property=\"og:locale\" content=\"da_DK\" \/>\n<meta property=\"og:type\" content=\"article\" \/>\n<meta property=\"og:title\" content=\"Velkommen - Robotech\" \/>\n<meta property=\"og:description\" content=\"Med moderne robotteknologi lige ved h\u00e5nden er der ingen grund til, at mennesker udf\u00f8rer slidsomme og farlige opgaver. Vi arbejder derfor konstant p\u00e5 at udvikle l\u00f8sninger til udend\u00f8rs, mobile robotter, som underst\u00f8tter arbejdspladser, hvor medarbejderne l\u00f8ser interessante og fagligt funderede opgaver, mens robotterne l\u00f8ser de h\u00e5rde og rutinepr\u00e6gede. Vi automatiserer processerne bag de rutinepr\u00e6gede og [&hellip;]\" \/>\n<meta property=\"og:url\" content=\"https:\/\/conpleks.com\/robotech\/\" \/>\n<meta property=\"og:site_name\" content=\"Robotech\" \/>\n<meta property=\"article:modified_time\" content=\"2024-09-18T09:05:54+00:00\" \/>\n<meta property=\"og:image\" content=\"https:\/\/conpleks.com\/robotech\/wp-content\/uploads\/sites\/2\/2024\/09\/Robotter-og-digitalisering.png\" \/>\n<meta name=\"twitter:card\" content=\"summary_large_image\" \/>\n<meta name=\"twitter:label1\" content=\"Est. reading time\" \/>\n\t<meta name=\"twitter:data1\" content=\"2 minutter\" \/>\n<script type=\"application\/ld+json\" class=\"yoast-schema-graph\">{\"@context\":\"https:\/\/schema.org\",\"@graph\":[{\"@type\":\"WebPage\",\"@id\":\"https:\/\/conpleks.com\/robotech\/\",\"url\":\"https:\/\/conpleks.com\/robotech\/\",\"name\":\"Velkommen - Robotech\",\"isPartOf\":{\"@id\":\"https:\/\/conpleks.com\/robotech\/#website\"},\"primaryImageOfPage\":{\"@id\":\"https:\/\/conpleks.com\/robotech\/#primaryimage\"},\"image\":{\"@id\":\"https:\/\/conpleks.com\/robotech\/#primaryimage\"},\"thumbnailUrl\":\"https:\/\/conpleks.com\/robotech\/wp-content\/uploads\/sites\/2\/2024\/09\/Robotter-og-digitalisering.png\",\"datePublished\":\"2016-08-16T12:54:40+00:00\",\"dateModified\":\"2024-09-18T09:05:54+00:00\",\"breadcrumb\":{\"@id\":\"https:\/\/conpleks.com\/robotech\/#breadcrumb\"},\"inLanguage\":\"da-DK\",\"potentialAction\":[{\"@type\":\"ReadAction\",\"target\":[\"https:\/\/conpleks.com\/robotech\/\"]}]},{\"@type\":\"ImageObject\",\"inLanguage\":\"da-DK\",\"@id\":\"https:\/\/conpleks.com\/robotech\/#primaryimage\",\"url\":\"https:\/\/conpleks.com\/robotech\/wp-content\/uploads\/sites\/2\/2024\/09\/Robotter-og-digitalisering.png\",\"contentUrl\":\"https:\/\/conpleks.com\/robotech\/wp-content\/uploads\/sites\/2\/2024\/09\/Robotter-og-digitalisering.png\",\"width\":436,\"height\":331},{\"@type\":\"BreadcrumbList\",\"@id\":\"https:\/\/conpleks.com\/robotech\/#breadcrumb\",\"itemListElement\":[{\"@type\":\"ListItem\",\"position\":1,\"name\":\"Home\",\"item\":\"https:\/\/conpleks.com\/robotech\/\"},{\"@type\":\"ListItem\",\"position\":2,\"name\":\"Velkommen\"}]},{\"@type\":\"WebSite\",\"@id\":\"https:\/\/conpleks.com\/robotech\/#website\",\"url\":\"https:\/\/conpleks.com\/robotech\/\",\"name\":\"Robotech\",\"description\":\"Outdoor Mobile Robots\",\"potentialAction\":[{\"@type\":\"SearchAction\",\"target\":{\"@type\":\"EntryPoint\",\"urlTemplate\":\"https:\/\/conpleks.com\/robotech\/?s={search_term_string}\"},\"query-input\":\"required name=search_term_string\"}],\"inLanguage\":\"da-DK\"}]}<\/script>\n<!-- \/ Yoast SEO plugin. -->","yoast_head_json":{"title":"Velkommen - Robotech","robots":{"index":"index","follow":"follow","max-snippet":"max-snippet:-1","max-image-preview":"max-image-preview:large","max-video-preview":"max-video-preview:-1"},"canonical":"https:\/\/conpleks.com\/robotech\/","og_locale":"da_DK","og_type":"article","og_title":"Velkommen - Robotech","og_description":"Med moderne robotteknologi lige ved h\u00e5nden er der ingen grund til, at mennesker udf\u00f8rer slidsomme og farlige opgaver. Vi arbejder derfor konstant p\u00e5 at udvikle l\u00f8sninger til udend\u00f8rs, mobile robotter, som underst\u00f8tter arbejdspladser, hvor medarbejderne l\u00f8ser interessante og fagligt funderede opgaver, mens robotterne l\u00f8ser de h\u00e5rde og rutinepr\u00e6gede. Vi automatiserer processerne bag de rutinepr\u00e6gede og [&hellip;]","og_url":"https:\/\/conpleks.com\/robotech\/","og_site_name":"Robotech","article_modified_time":"2024-09-18T09:05:54+00:00","og_image":[{"url":"https:\/\/conpleks.com\/robotech\/wp-content\/uploads\/sites\/2\/2024\/09\/Robotter-og-digitalisering.png"}],"twitter_card":"summary_large_image","twitter_misc":{"Est. reading time":"2 minutter"},"schema":{"@context":"https:\/\/schema.org","@graph":[{"@type":"WebPage","@id":"https:\/\/conpleks.com\/robotech\/","url":"https:\/\/conpleks.com\/robotech\/","name":"Velkommen - Robotech","isPartOf":{"@id":"https:\/\/conpleks.com\/robotech\/#website"},"primaryImageOfPage":{"@id":"https:\/\/conpleks.com\/robotech\/#primaryimage"},"image":{"@id":"https:\/\/conpleks.com\/robotech\/#primaryimage"},"thumbnailUrl":"https:\/\/conpleks.com\/robotech\/wp-content\/uploads\/sites\/2\/2024\/09\/Robotter-og-digitalisering.png","datePublished":"2016-08-16T12:54:40+00:00","dateModified":"2024-09-18T09:05:54+00:00","breadcrumb":{"@id":"https:\/\/conpleks.com\/robotech\/#breadcrumb"},"inLanguage":"da-DK","potentialAction":[{"@type":"ReadAction","target":["https:\/\/conpleks.com\/robotech\/"]}]},{"@type":"ImageObject","inLanguage":"da-DK","@id":"https:\/\/conpleks.com\/robotech\/#primaryimage","url":"https:\/\/conpleks.com\/robotech\/wp-content\/uploads\/sites\/2\/2024\/09\/Robotter-og-digitalisering.png","contentUrl":"https:\/\/conpleks.com\/robotech\/wp-content\/uploads\/sites\/2\/2024\/09\/Robotter-og-digitalisering.png","width":436,"height":331},{"@type":"BreadcrumbList","@id":"https:\/\/conpleks.com\/robotech\/#breadcrumb","itemListElement":[{"@type":"ListItem","position":1,"name":"Home","item":"https:\/\/conpleks.com\/robotech\/"},{"@type":"ListItem","position":2,"name":"Velkommen"}]},{"@type":"WebSite","@id":"https:\/\/conpleks.com\/robotech\/#website","url":"https:\/\/conpleks.com\/robotech\/","name":"Robotech","description":"Outdoor Mobile Robots","potentialAction":[{"@type":"SearchAction","target":{"@type":"EntryPoint","urlTemplate":"https:\/\/conpleks.com\/robotech\/?s={search_term_string}"},"query-input":"required name=search_term_string"}],"inLanguage":"da-DK"}]}},"_links":{"self":[{"href":"https:\/\/conpleks.com\/robotech\/wp-json\/wp\/v2\/pages\/12"}],"collection":[{"href":"https:\/\/conpleks.com\/robotech\/wp-json\/wp\/v2\/pages"}],"about":[{"href":"https:\/\/conpleks.com\/robotech\/wp-json\/wp\/v2\/types\/page"}],"author":[{"embeddable":true,"href":"https:\/\/conpleks.com\/robotech\/wp-json\/wp\/v2\/users\/1"}],"replies":[{"embeddable":true,"href":"https:\/\/conpleks.com\/robotech\/wp-json\/wp\/v2\/comments?post=12"}],"version-history":[{"count":27,"href":"https:\/\/conpleks.com\/robotech\/wp-json\/wp\/v2\/pages\/12\/revisions"}],"predecessor-version":[{"id":1941,"href":"https:\/\/conpleks.com\/robotech\/wp-json\/wp\/v2\/pages\/12\/revisions\/1941"}],"wp:attachment":[{"href":"https:\/\/conpleks.com\/robotech\/wp-json\/wp\/v2\/media?parent=12"}],"curies":[{"name":"wp","href":"https:\/\/api.w.org\/{rel}","templated":true}]}}