{"id":14,"date":"2016-08-16T12:56:05","date_gmt":"2016-08-16T12:56:05","guid":{"rendered":"https:\/\/conpleks.com\/robotech\/?page_id=14"},"modified":"2020-08-25T13:19:14","modified_gmt":"2020-08-25T13:19:14","slug":"om-conpleks","status":"publish","type":"page","link":"https:\/\/conpleks.com\/robotech\/om-conpleks\/","title":{"rendered":"Om Conpleks Robotech"},"content":{"rendered":"<div class=\"entry_content clear\">\n<p>Conpleks Robotech udvikler komplette softwarel\u00f8sninger til selvk\u00f8rende, udend\u00f8rs, mobile robotter. Vores skr\u00e6ddersyede l\u00f8sninger er baseret p\u00e5 yderst fleksible og egenudviklede softwareplatforme samt \u00e5relang erfaring med design- og konstruktion.<\/p>\n<p>Den samlede softwarepakke udg\u00f8r en teknologiplatform, som indeholder en r\u00e6kke hovedfunktionsomr\u00e5der, der er grundstenene i udviklingen af nye, innovative l\u00f8sninger. Et set-up, der g\u00f8r Conpleks Robotech til en foretrukken samarbejdspartner, b\u00e5de n\u00e5r det g\u00e6lder udviklingstid og performance.<\/p>\n<p>&nbsp;<\/p>\n<p><strong>Softwareplatformenes hovedfunktionsomr\u00e5der<br \/>\n<\/strong><img loading=\"lazy\" decoding=\"async\" class=\"alignnone size-large wp-image-475\" src=\"https:\/\/conpleks.com\/robotech\/wp-content\/uploads\/sites\/2\/2016\/08\/Software_pakke-copy_1060_pixels-1024x498.png\" alt=\"Conpleks Software Suite\" width=\"1024\" height=\"498\" srcset=\"https:\/\/conpleks.com\/robotech\/wp-content\/uploads\/sites\/2\/2016\/08\/Software_pakke-copy_1060_pixels-1024x498.png 1024w, https:\/\/conpleks.com\/robotech\/wp-content\/uploads\/sites\/2\/2016\/08\/Software_pakke-copy_1060_pixels-300x146.png 300w, https:\/\/conpleks.com\/robotech\/wp-content\/uploads\/sites\/2\/2016\/08\/Software_pakke-copy_1060_pixels-768x373.png 768w, https:\/\/conpleks.com\/robotech\/wp-content\/uploads\/sites\/2\/2016\/08\/Software_pakke-copy_1060_pixels-700x340.png 700w, https:\/\/conpleks.com\/robotech\/wp-content\/uploads\/sites\/2\/2016\/08\/Software_pakke-copy_1060_pixels.png 1060w\" sizes=\"(max-width: 1024px) 100vw, 1024px\" \/><\/p>\n<p>&nbsp;<\/p>\n<p>Ud over rene softwarel\u00f8sninger kan vi ogs\u00e5 l\u00f8fte f\u00f8lgende:<br \/>\n\u2022 Innovativt industrielt design<br \/>\n\u2022 Konstruktioner med avanceret og embedded hardware<br \/>\n\u2022 Temperatur- og milj\u00f8h\u00e6rdet elektronik og mekanik<br \/>\n\u2022 Ny robotteknologi til allerede eksisterende maskiner<br \/>\n\u2022 Optimering af automatiseringsprocesser<br \/>\n\u2022 Produkter, der sikrer en positiv og intuitiv brugeroplevelse<br \/>\n\u2022 R\u00e5dgivning i udviklingsfasen p\u00e5 baggrund af den nyeste og mest relevante robotteknologi<\/p><\/div>\n","protected":false},"excerpt":{"rendered":"<p>Conpleks Robotech udvikler komplette softwarel\u00f8sninger til selvk\u00f8rende, udend\u00f8rs, mobile robotter. Vores skr\u00e6ddersyede l\u00f8sninger er baseret p\u00e5 yderst fleksible og egenudviklede softwareplatforme samt \u00e5relang erfaring med design- og konstruktion. Den samlede softwarepakke udg\u00f8r en teknologiplatform, som indeholder en r\u00e6kke hovedfunktionsomr\u00e5der, der er grundstenene i udviklingen af nye, innovative l\u00f8sninger. Et set-up, der g\u00f8r Conpleks Robotech til [&hellip;]<\/p>\n","protected":false},"author":1,"featured_media":0,"parent":0,"menu_order":0,"comment_status":"closed","ping_status":"closed","template":"","meta":{"footnotes":""},"class_list":["post-14","page","type-page","status-publish","hentry"],"yoast_head":"<!-- This site is optimized with the Yoast SEO plugin v23.2 - https:\/\/yoast.com\/wordpress\/plugins\/seo\/ -->\n<title>Om Conpleks Robotech - Robotech<\/title>\n<meta name=\"robots\" content=\"index, follow, max-snippet:-1, max-image-preview:large, max-video-preview:-1\" \/>\n<link rel=\"canonical\" href=\"https:\/\/conpleks.com\/robotech\/om-conpleks\/\" \/>\n<meta property=\"og:locale\" content=\"da_DK\" \/>\n<meta property=\"og:type\" content=\"article\" \/>\n<meta property=\"og:title\" content=\"Om Conpleks Robotech - Robotech\" \/>\n<meta property=\"og:description\" content=\"Conpleks Robotech udvikler komplette softwarel\u00f8sninger til selvk\u00f8rende, udend\u00f8rs, mobile robotter. Vores skr\u00e6ddersyede l\u00f8sninger er baseret p\u00e5 yderst fleksible og egenudviklede softwareplatforme samt \u00e5relang erfaring med design- og konstruktion. Den samlede softwarepakke udg\u00f8r en teknologiplatform, som indeholder en r\u00e6kke hovedfunktionsomr\u00e5der, der er grundstenene i udviklingen af nye, innovative l\u00f8sninger. Et set-up, der g\u00f8r Conpleks Robotech til [&hellip;]\" \/>\n<meta property=\"og:url\" content=\"https:\/\/conpleks.com\/robotech\/om-conpleks\/\" \/>\n<meta property=\"og:site_name\" content=\"Robotech\" \/>\n<meta property=\"article:modified_time\" content=\"2020-08-25T13:19:14+00:00\" \/>\n<meta property=\"og:image\" content=\"https:\/\/conpleks.com\/robotech\/wp-content\/uploads\/sites\/2\/2016\/08\/Software_pakke-copy_1060_pixels-1024x498.png\" \/>\n<meta name=\"twitter:card\" content=\"summary_large_image\" \/>\n<meta name=\"twitter:label1\" content=\"Est. reading time\" \/>\n\t<meta name=\"twitter:data1\" content=\"1 minut\" \/>\n<script type=\"application\/ld+json\" class=\"yoast-schema-graph\">{\"@context\":\"https:\/\/schema.org\",\"@graph\":[{\"@type\":\"WebPage\",\"@id\":\"https:\/\/conpleks.com\/robotech\/om-conpleks\/\",\"url\":\"https:\/\/conpleks.com\/robotech\/om-conpleks\/\",\"name\":\"Om Conpleks Robotech - Robotech\",\"isPartOf\":{\"@id\":\"https:\/\/conpleks.com\/robotech\/#website\"},\"primaryImageOfPage\":{\"@id\":\"https:\/\/conpleks.com\/robotech\/om-conpleks\/#primaryimage\"},\"image\":{\"@id\":\"https:\/\/conpleks.com\/robotech\/om-conpleks\/#primaryimage\"},\"thumbnailUrl\":\"https:\/\/conpleks.com\/robotech\/wp-content\/uploads\/sites\/2\/2016\/08\/Software_pakke-copy_1060_pixels-1024x498.png\",\"datePublished\":\"2016-08-16T12:56:05+00:00\",\"dateModified\":\"2020-08-25T13:19:14+00:00\",\"breadcrumb\":{\"@id\":\"https:\/\/conpleks.com\/robotech\/om-conpleks\/#breadcrumb\"},\"inLanguage\":\"da-DK\",\"potentialAction\":[{\"@type\":\"ReadAction\",\"target\":[\"https:\/\/conpleks.com\/robotech\/om-conpleks\/\"]}]},{\"@type\":\"ImageObject\",\"inLanguage\":\"da-DK\",\"@id\":\"https:\/\/conpleks.com\/robotech\/om-conpleks\/#primaryimage\",\"url\":\"https:\/\/conpleks.com\/robotech\/wp-content\/uploads\/sites\/2\/2016\/08\/Software_pakke-copy_1060_pixels.png\",\"contentUrl\":\"https:\/\/conpleks.com\/robotech\/wp-content\/uploads\/sites\/2\/2016\/08\/Software_pakke-copy_1060_pixels.png\",\"width\":1060,\"height\":515,\"caption\":\"Conpleks Software Suite\"},{\"@type\":\"BreadcrumbList\",\"@id\":\"https:\/\/conpleks.com\/robotech\/om-conpleks\/#breadcrumb\",\"itemListElement\":[{\"@type\":\"ListItem\",\"position\":1,\"name\":\"Home\",\"item\":\"https:\/\/conpleks.com\/robotech\/\"},{\"@type\":\"ListItem\",\"position\":2,\"name\":\"Om Conpleks Robotech\"}]},{\"@type\":\"WebSite\",\"@id\":\"https:\/\/conpleks.com\/robotech\/#website\",\"url\":\"https:\/\/conpleks.com\/robotech\/\",\"name\":\"Robotech\",\"description\":\"Outdoor Mobile Robots\",\"potentialAction\":[{\"@type\":\"SearchAction\",\"target\":{\"@type\":\"EntryPoint\",\"urlTemplate\":\"https:\/\/conpleks.com\/robotech\/?s={search_term_string}\"},\"query-input\":\"required name=search_term_string\"}],\"inLanguage\":\"da-DK\"}]}<\/script>\n<!-- \/ Yoast SEO plugin. -->","yoast_head_json":{"title":"Om Conpleks Robotech - Robotech","robots":{"index":"index","follow":"follow","max-snippet":"max-snippet:-1","max-image-preview":"max-image-preview:large","max-video-preview":"max-video-preview:-1"},"canonical":"https:\/\/conpleks.com\/robotech\/om-conpleks\/","og_locale":"da_DK","og_type":"article","og_title":"Om Conpleks Robotech - Robotech","og_description":"Conpleks Robotech udvikler komplette softwarel\u00f8sninger til selvk\u00f8rende, udend\u00f8rs, mobile robotter. Vores skr\u00e6ddersyede l\u00f8sninger er baseret p\u00e5 yderst fleksible og egenudviklede softwareplatforme samt \u00e5relang erfaring med design- og konstruktion. Den samlede softwarepakke udg\u00f8r en teknologiplatform, som indeholder en r\u00e6kke hovedfunktionsomr\u00e5der, der er grundstenene i udviklingen af nye, innovative l\u00f8sninger. Et set-up, der g\u00f8r Conpleks Robotech til [&hellip;]","og_url":"https:\/\/conpleks.com\/robotech\/om-conpleks\/","og_site_name":"Robotech","article_modified_time":"2020-08-25T13:19:14+00:00","og_image":[{"url":"https:\/\/conpleks.com\/robotech\/wp-content\/uploads\/sites\/2\/2016\/08\/Software_pakke-copy_1060_pixels-1024x498.png"}],"twitter_card":"summary_large_image","twitter_misc":{"Est. reading time":"1 minut"},"schema":{"@context":"https:\/\/schema.org","@graph":[{"@type":"WebPage","@id":"https:\/\/conpleks.com\/robotech\/om-conpleks\/","url":"https:\/\/conpleks.com\/robotech\/om-conpleks\/","name":"Om Conpleks Robotech - Robotech","isPartOf":{"@id":"https:\/\/conpleks.com\/robotech\/#website"},"primaryImageOfPage":{"@id":"https:\/\/conpleks.com\/robotech\/om-conpleks\/#primaryimage"},"image":{"@id":"https:\/\/conpleks.com\/robotech\/om-conpleks\/#primaryimage"},"thumbnailUrl":"https:\/\/conpleks.com\/robotech\/wp-content\/uploads\/sites\/2\/2016\/08\/Software_pakke-copy_1060_pixels-1024x498.png","datePublished":"2016-08-16T12:56:05+00:00","dateModified":"2020-08-25T13:19:14+00:00","breadcrumb":{"@id":"https:\/\/conpleks.com\/robotech\/om-conpleks\/#breadcrumb"},"inLanguage":"da-DK","potentialAction":[{"@type":"ReadAction","target":["https:\/\/conpleks.com\/robotech\/om-conpleks\/"]}]},{"@type":"ImageObject","inLanguage":"da-DK","@id":"https:\/\/conpleks.com\/robotech\/om-conpleks\/#primaryimage","url":"https:\/\/conpleks.com\/robotech\/wp-content\/uploads\/sites\/2\/2016\/08\/Software_pakke-copy_1060_pixels.png","contentUrl":"https:\/\/conpleks.com\/robotech\/wp-content\/uploads\/sites\/2\/2016\/08\/Software_pakke-copy_1060_pixels.png","width":1060,"height":515,"caption":"Conpleks Software Suite"},{"@type":"BreadcrumbList","@id":"https:\/\/conpleks.com\/robotech\/om-conpleks\/#breadcrumb","itemListElement":[{"@type":"ListItem","position":1,"name":"Home","item":"https:\/\/conpleks.com\/robotech\/"},{"@type":"ListItem","position":2,"name":"Om Conpleks Robotech"}]},{"@type":"WebSite","@id":"https:\/\/conpleks.com\/robotech\/#website","url":"https:\/\/conpleks.com\/robotech\/","name":"Robotech","description":"Outdoor Mobile Robots","potentialAction":[{"@type":"SearchAction","target":{"@type":"EntryPoint","urlTemplate":"https:\/\/conpleks.com\/robotech\/?s={search_term_string}"},"query-input":"required name=search_term_string"}],"inLanguage":"da-DK"}]}},"_links":{"self":[{"href":"https:\/\/conpleks.com\/robotech\/wp-json\/wp\/v2\/pages\/14"}],"collection":[{"href":"https:\/\/conpleks.com\/robotech\/wp-json\/wp\/v2\/pages"}],"about":[{"href":"https:\/\/conpleks.com\/robotech\/wp-json\/wp\/v2\/types\/page"}],"author":[{"embeddable":true,"href":"https:\/\/conpleks.com\/robotech\/wp-json\/wp\/v2\/users\/1"}],"replies":[{"embeddable":true,"href":"https:\/\/conpleks.com\/robotech\/wp-json\/wp\/v2\/comments?post=14"}],"version-history":[{"count":18,"href":"https:\/\/conpleks.com\/robotech\/wp-json\/wp\/v2\/pages\/14\/revisions"}],"predecessor-version":[{"id":1327,"href":"https:\/\/conpleks.com\/robotech\/wp-json\/wp\/v2\/pages\/14\/revisions\/1327"}],"wp:attachment":[{"href":"https:\/\/conpleks.com\/robotech\/wp-json\/wp\/v2\/media?parent=14"}],"curies":[{"name":"wp","href":"https:\/\/api.w.org\/{rel}","templated":true}]}}