{"id":153,"date":"2016-08-31T12:33:31","date_gmt":"2016-08-31T12:33:31","guid":{"rendered":"https:\/\/conpleks.com\/robotech\/?page_id=153"},"modified":"2025-02-28T07:06:14","modified_gmt":"2025-02-28T07:06:14","slug":"download-informationer-fra-conpleks-robotech","status":"publish","type":"page","link":"https:\/\/conpleks.com\/robotech\/download-informationer-fra-conpleks-robotech\/","title":{"rendered":"Downloads"},"content":{"rendered":"<div class=\"entry_content clear\">\n<h2 class=\"reference-title\">Conpleks CLARA Cloud<\/h2>\n<div class=\"entry-summary\">At skabe overblik over udend\u00f8rs mobile robotter og automatiserede maskiner har aldrig v\u00e6ret lettere. Med CLARA Cloud f\u00e5r du en gennempr\u00f8vet fl\u00e5destyringsl\u00f8sning, der leverer realtidsdata, automatiseret rapporter p\u00e5 aktiviteter og ESG data. Vores platform har v\u00e6ret i drift siden 2018 og forbinder n\u00e6sten 3.000 maskiner verden over \u2013 og k\u00f8rer 24\/7 under alle forhold. Bevar overblikket med pr\u00e6cise data lige ved h\u00e5nden.<\/div>\n<p><a href=\"https:\/\/conpleks.com\/robotech\/wp-content\/uploads\/sites\/2\/2025\/02\/Conpleks_Clara_4s_spread_low.pdf\" target=\"_blank\" rel=\"noopener\">Download<\/a><\/p>\n<h2 class=\"reference-title\">Profilbrochure<\/h2>\n<div class=\"entry-summary\">L\u00e6s hvordan Conpleks f\u00f8rer an inden for innovation af udend\u00f8rs mobile robotter til landbrug, sportsfaciliteter og kommunal vedligeholdelse. Vi kombinerer banebrydende AI med menneskelig ekspertise for at levere nyskabende l\u00f8sninger. Download vores brochure og l\u00e6s mere om vores teknologier og samarbejdsmuligheder.<\/div>\n<p><a href=\"https:\/\/conpleks.com\/robotech\/wp-content\/uploads\/sites\/2\/2024\/08\/Conpleks_Profil_Brochure_2024_DK.pdf\" target=\"_blank\" rel=\"noopener\">Download<\/a><\/p>\n<h2 class=\"reference-title\">Generelle salgs- og leveringsbetingelser<\/h2>\n<div class=\"entry-summary\">\n<p>Conpleks Robotech, Generelle salgs- og leveringsbetingelser. Revideret pr 2018-04-06. Erstatter alle tidligere udgaver.<\/p>\n<p><a href=\"https:\/\/conpleks.com\/robotech\/wp-content\/uploads\/sites\/2\/2018\/05\/CI-16-010-da-E.pdf\" target=\"_blank\" rel=\"noopener noreferrer\">Download<\/a><\/p>\n<h2 class=\"reference-title\">Software and Firmware Licensing Agreement<\/h2>\n<div class=\"entry-summary\">\n<p>Conpleks Robotech, Software and Firmware Licensing Agreement. Revideret pr 2018-05-14. Erstatter alle tidligere udgaver.<\/p>\n<\/div>\n<p><a href=\"https:\/\/conpleks.com\/robotech\/wp-content\/uploads\/sites\/2\/2018\/05\/CI-16-025-en-D.pdf\" target=\"_blank\" rel=\"noopener noreferrer\">Download<\/a><\/p>\n<h2 class=\"reference-title\">Warranty Terms and Conditions<\/h2>\n<div class=\"entry-summary\">\n<p>Conpleks Robotech, Warranty Terms and Conditions. Revideret pr 2018-05-14. Erstatter alle tidligere udgaver.<\/p>\n<p><a href=\"https:\/\/conpleks.com\/robotech\/wp-content\/uploads\/sites\/2\/2018\/05\/CI-16-017-en-B.pdf\" target=\"_blank\" rel=\"noopener noreferrer\">Download<\/a><\/p>\n<\/div>\n<h2 class=\"reference-title\">Conpleks Robotech Software<\/h2>\n<div class=\"entry-summary\">\n<p>Produktdatablad for Conpleks Robotech Software \u2013 Complete Software System for Advanced Robotics, udgivet november 2014.<\/p>\n<\/div>\n<p><a href=\"https:\/\/conpleks.com\/robotech\/wp-content\/uploads\/sites\/2\/2016\/08\/DE-00-150-027-en-A.pdf\" target=\"_blank\" rel=\"noopener noreferrer\">Download<\/a><\/p>\n<\/div>\n<h2 class=\"reference-title\">Robotech Controller 101<\/h2>\n<div class=\"entry-summary\">\n<p>Produktdatablad for Conpleks Robotech Controller 101. Opdateret juni 2021.<\/p>\n<\/div>\n<p><a href=\"https:\/\/conpleks.com\/robotech\/wp-content\/uploads\/sites\/2\/2021\/06\/RC101-Datasheet.pdf\" target=\"_blank\" rel=\"noopener noreferrer\">Download<\/a><\/p>\n<h2 class=\"reference-title\">Robotech Controller 102<\/h2>\n<div class=\"entry-summary\">\n<p>Produktdatablad for Conpleks Robotech Controller 102. Opdateret juni 2021.<\/p>\n<\/div>\n<p><a href=\"https:\/\/conpleks.com\/robotech\/wp-content\/uploads\/sites\/2\/2021\/06\/RC102-Datasheet.pdf\" target=\"_blank\" rel=\"noopener noreferrer\">Download<\/a><\/p>\n<h2 class=\"reference-title\">Robotech Controller 501<\/h2>\n<div class=\"entry-summary\">\n<p>Produktdatablad for Conpleks Robotech Controller 501. Opdateret juni 2021.<\/p>\n<\/div>\n<p><a href=\"https:\/\/conpleks.com\/robotech\/wp-content\/uploads\/sites\/2\/2021\/06\/RC501-Datasheet.pdf\" target=\"_blank\" rel=\"noopener noreferrer\">Download<\/a><\/p>\n<h2 class=\"reference-title\">Robotech Controller 501<\/h2>\n<div class=\"entry-summary\">\n<p>Slidepr\u00e6sentation af Conpleks Robotech Controller 501<\/p>\n<\/div>\n<p><a href=\"https:\/\/conpleks.com\/robotech\/wp-content\/uploads\/sites\/2\/2016\/08\/PM-00-150-006-en-D.pdf\" target=\"_blank\" rel=\"noopener noreferrer\">Download<\/a><\/div>\n","protected":false},"excerpt":{"rendered":"<p>Conpleks CLARA Cloud At skabe overblik over udend\u00f8rs mobile robotter og automatiserede maskiner har aldrig v\u00e6ret lettere. Med CLARA Cloud f\u00e5r du en gennempr\u00f8vet fl\u00e5destyringsl\u00f8sning, der leverer realtidsdata, automatiseret rapporter p\u00e5 aktiviteter og ESG data. Vores platform har v\u00e6ret i drift siden 2018 og forbinder n\u00e6sten 3.000 maskiner verden over \u2013 og k\u00f8rer 24\/7 under [&hellip;]<\/p>\n","protected":false},"author":1,"featured_media":0,"parent":0,"menu_order":0,"comment_status":"closed","ping_status":"closed","template":"","meta":{"footnotes":""},"class_list":["post-153","page","type-page","status-publish","hentry"],"yoast_head":"<!-- This site is optimized with the Yoast SEO plugin v23.2 - https:\/\/yoast.com\/wordpress\/plugins\/seo\/ -->\n<title>Downloads - Robotech<\/title>\n<meta name=\"description\" content=\"Download forskellige informationer fra Conpleks Robotech s\u00e5som salgs- og leveringsbetingelser, garantibestemmelser og forskellige datablade\" \/>\n<meta name=\"robots\" content=\"index, follow, max-snippet:-1, max-image-preview:large, max-video-preview:-1\" \/>\n<link rel=\"canonical\" href=\"https:\/\/conpleks.com\/robotech\/download-informationer-fra-conpleks-robotech\/\" \/>\n<meta property=\"og:locale\" content=\"da_DK\" \/>\n<meta property=\"og:type\" content=\"article\" \/>\n<meta property=\"og:title\" content=\"Downloads - Robotech\" \/>\n<meta property=\"og:description\" content=\"Download forskellige informationer fra Conpleks Robotech s\u00e5som salgs- og leveringsbetingelser, garantibestemmelser og forskellige datablade\" \/>\n<meta property=\"og:url\" content=\"https:\/\/conpleks.com\/robotech\/download-informationer-fra-conpleks-robotech\/\" \/>\n<meta property=\"og:site_name\" content=\"Robotech\" \/>\n<meta property=\"article:modified_time\" content=\"2025-02-28T07:06:14+00:00\" \/>\n<meta name=\"twitter:card\" content=\"summary_large_image\" \/>\n<meta name=\"twitter:label1\" content=\"Est. reading time\" \/>\n\t<meta name=\"twitter:data1\" content=\"2 minutter\" \/>\n<script type=\"application\/ld+json\" class=\"yoast-schema-graph\">{\"@context\":\"https:\/\/schema.org\",\"@graph\":[{\"@type\":\"WebPage\",\"@id\":\"https:\/\/conpleks.com\/robotech\/download-informationer-fra-conpleks-robotech\/\",\"url\":\"https:\/\/conpleks.com\/robotech\/download-informationer-fra-conpleks-robotech\/\",\"name\":\"Downloads - Robotech\",\"isPartOf\":{\"@id\":\"https:\/\/conpleks.com\/robotech\/#website\"},\"datePublished\":\"2016-08-31T12:33:31+00:00\",\"dateModified\":\"2025-02-28T07:06:14+00:00\",\"description\":\"Download forskellige informationer fra Conpleks Robotech s\u00e5som salgs- og leveringsbetingelser, garantibestemmelser og forskellige datablade\",\"breadcrumb\":{\"@id\":\"https:\/\/conpleks.com\/robotech\/download-informationer-fra-conpleks-robotech\/#breadcrumb\"},\"inLanguage\":\"da-DK\",\"potentialAction\":[{\"@type\":\"ReadAction\",\"target\":[\"https:\/\/conpleks.com\/robotech\/download-informationer-fra-conpleks-robotech\/\"]}]},{\"@type\":\"BreadcrumbList\",\"@id\":\"https:\/\/conpleks.com\/robotech\/download-informationer-fra-conpleks-robotech\/#breadcrumb\",\"itemListElement\":[{\"@type\":\"ListItem\",\"position\":1,\"name\":\"Home\",\"item\":\"https:\/\/conpleks.com\/robotech\/\"},{\"@type\":\"ListItem\",\"position\":2,\"name\":\"Downloads\"}]},{\"@type\":\"WebSite\",\"@id\":\"https:\/\/conpleks.com\/robotech\/#website\",\"url\":\"https:\/\/conpleks.com\/robotech\/\",\"name\":\"Robotech\",\"description\":\"Outdoor Mobile Robots\",\"potentialAction\":[{\"@type\":\"SearchAction\",\"target\":{\"@type\":\"EntryPoint\",\"urlTemplate\":\"https:\/\/conpleks.com\/robotech\/?s={search_term_string}\"},\"query-input\":\"required name=search_term_string\"}],\"inLanguage\":\"da-DK\"}]}<\/script>\n<!-- \/ Yoast SEO plugin. -->","yoast_head_json":{"title":"Downloads - Robotech","description":"Download forskellige informationer fra Conpleks Robotech s\u00e5som salgs- og leveringsbetingelser, garantibestemmelser og forskellige datablade","robots":{"index":"index","follow":"follow","max-snippet":"max-snippet:-1","max-image-preview":"max-image-preview:large","max-video-preview":"max-video-preview:-1"},"canonical":"https:\/\/conpleks.com\/robotech\/download-informationer-fra-conpleks-robotech\/","og_locale":"da_DK","og_type":"article","og_title":"Downloads - Robotech","og_description":"Download forskellige informationer fra Conpleks Robotech s\u00e5som salgs- og leveringsbetingelser, garantibestemmelser og forskellige datablade","og_url":"https:\/\/conpleks.com\/robotech\/download-informationer-fra-conpleks-robotech\/","og_site_name":"Robotech","article_modified_time":"2025-02-28T07:06:14+00:00","twitter_card":"summary_large_image","twitter_misc":{"Est. reading time":"2 minutter"},"schema":{"@context":"https:\/\/schema.org","@graph":[{"@type":"WebPage","@id":"https:\/\/conpleks.com\/robotech\/download-informationer-fra-conpleks-robotech\/","url":"https:\/\/conpleks.com\/robotech\/download-informationer-fra-conpleks-robotech\/","name":"Downloads - Robotech","isPartOf":{"@id":"https:\/\/conpleks.com\/robotech\/#website"},"datePublished":"2016-08-31T12:33:31+00:00","dateModified":"2025-02-28T07:06:14+00:00","description":"Download forskellige informationer fra Conpleks Robotech s\u00e5som salgs- og leveringsbetingelser, garantibestemmelser og forskellige datablade","breadcrumb":{"@id":"https:\/\/conpleks.com\/robotech\/download-informationer-fra-conpleks-robotech\/#breadcrumb"},"inLanguage":"da-DK","potentialAction":[{"@type":"ReadAction","target":["https:\/\/conpleks.com\/robotech\/download-informationer-fra-conpleks-robotech\/"]}]},{"@type":"BreadcrumbList","@id":"https:\/\/conpleks.com\/robotech\/download-informationer-fra-conpleks-robotech\/#breadcrumb","itemListElement":[{"@type":"ListItem","position":1,"name":"Home","item":"https:\/\/conpleks.com\/robotech\/"},{"@type":"ListItem","position":2,"name":"Downloads"}]},{"@type":"WebSite","@id":"https:\/\/conpleks.com\/robotech\/#website","url":"https:\/\/conpleks.com\/robotech\/","name":"Robotech","description":"Outdoor Mobile Robots","potentialAction":[{"@type":"SearchAction","target":{"@type":"EntryPoint","urlTemplate":"https:\/\/conpleks.com\/robotech\/?s={search_term_string}"},"query-input":"required name=search_term_string"}],"inLanguage":"da-DK"}]}},"_links":{"self":[{"href":"https:\/\/conpleks.com\/robotech\/wp-json\/wp\/v2\/pages\/153"}],"collection":[{"href":"https:\/\/conpleks.com\/robotech\/wp-json\/wp\/v2\/pages"}],"about":[{"href":"https:\/\/conpleks.com\/robotech\/wp-json\/wp\/v2\/types\/page"}],"author":[{"embeddable":true,"href":"https:\/\/conpleks.com\/robotech\/wp-json\/wp\/v2\/users\/1"}],"replies":[{"embeddable":true,"href":"https:\/\/conpleks.com\/robotech\/wp-json\/wp\/v2\/comments?post=153"}],"version-history":[{"count":18,"href":"https:\/\/conpleks.com\/robotech\/wp-json\/wp\/v2\/pages\/153\/revisions"}],"predecessor-version":[{"id":1975,"href":"https:\/\/conpleks.com\/robotech\/wp-json\/wp\/v2\/pages\/153\/revisions\/1975"}],"wp:attachment":[{"href":"https:\/\/conpleks.com\/robotech\/wp-json\/wp\/v2\/media?parent=153"}],"curies":[{"name":"wp","href":"https:\/\/api.w.org\/{rel}","templated":true}]}}