{"id":16,"date":"2016-08-16T12:56:20","date_gmt":"2016-08-16T12:56:20","guid":{"rendered":"https:\/\/conpleks.com\/robotech\/?page_id=16"},"modified":"2018-10-22T12:46:25","modified_gmt":"2018-10-22T12:46:25","slug":"referencer","status":"publish","type":"page","link":"https:\/\/conpleks.com\/robotech\/referencer\/","title":{"rendered":"Referencer"},"content":{"rendered":"<div class=\"entry_content clear\">\n<p>Conpleks Robotechs softwareplatform og funktionaliteten af hovedfunktionsomr\u00e5derne har v\u00e6ret under udvikling siden 2012 og v\u00e6ret anvendt lige siden 2013. Nedenst\u00e5ende eksempler p\u00e5 anvendelsesmulighederne afspejler fleksibiliteten og de innovative l\u00f8sninger, Conpleks Robotechs softwareplatform sp\u00e6nder over.<\/p>\n<p>&nbsp;<\/p>\n<h3><strong>Intelligent One<\/strong><\/h3>\n<h4>Verdens f\u00f8rste selvk\u00f8rende opkridtningsrobot<\/h4>\n<p><img decoding=\"async\" src=\"https:\/\/conpleks.com\/robotech\/wp-content\/uploads\/sites\/2\/2016\/08\/6Y9A9759r-1024x682.jpg\" \/><\/p>\n<ul>\n<li>Intelligent One er et patenteret koncept lavet i samarbejde med Intelligent Marking fra Hj\u00f8rring<\/li>\n<li>\u00a0Robotten laver opkridtning af forskellige boldbaner i alle st\u00f8rrelser p\u00e5 sportspladser b\u00e5de i ind- og udland<\/li>\n<li>Den nyeste RTK-GNSS teknologi sikrer en perfekt opkridtning, som kommer til udtryk p\u00e5 fx fodboldbaner i form af rette linjer og korrekt placerede cirkler og felter<\/li>\n<li>Opkridtningen er s\u00e5 pr\u00e6cis, at en pr\u00e6cision p\u00e5 +\/-2 cm kan opn\u00e5s<\/li>\n<li>Robotten k\u00f8rer uden en operat\u00f8r og opkridter en hel foldboldbane p\u00e5 under 30 minutter med et forbrug p\u00e5 cirka to liter maling<\/li>\n<\/ul>\n<h3><strong><br \/>\nFIX-Robo<\/strong><\/h3>\n<h4>Komplet robotl\u00f8sning til minkfodring<\/h4>\n<p><img loading=\"lazy\" decoding=\"async\" class=\"alignnone size-full wp-image-588\" src=\"https:\/\/conpleks.com\/robotech\/wp-content\/uploads\/sites\/2\/2016\/09\/Conpleks-FIX-Robo-Live-1.jpg\" alt=\"Conpleks FIX-Robo Live 1\" width=\"1005\" height=\"664\" srcset=\"https:\/\/conpleks.com\/robotech\/wp-content\/uploads\/sites\/2\/2016\/09\/Conpleks-FIX-Robo-Live-1.jpg 1005w, https:\/\/conpleks.com\/robotech\/wp-content\/uploads\/sites\/2\/2016\/09\/Conpleks-FIX-Robo-Live-1-300x198.jpg 300w, https:\/\/conpleks.com\/robotech\/wp-content\/uploads\/sites\/2\/2016\/09\/Conpleks-FIX-Robo-Live-1-768x507.jpg 768w, https:\/\/conpleks.com\/robotech\/wp-content\/uploads\/sites\/2\/2016\/09\/Conpleks-FIX-Robo-Live-1-700x462.jpg 700w\" sizes=\"(max-width: 1005px) 100vw, 1005px\" \/><\/p>\n<ul>\n<li>Minkfodringsrobotten er udviklet for Minkpapir A\/S<\/li>\n<li>Den komplette robotl\u00f8sning inkluderer en avanceret Conpleks Robotech Controller og et GNSS-positioneringssystem<\/li>\n<li>Robotten har en avanceret og certificeret sikkerhedsl\u00f8sning<\/li>\n<li>Fodringen foreg\u00e5r ved hj\u00e6lp af en robotarm med roterende dispenser<\/li>\n<li>Konceptet blev lanceret i 2014 med vellykkede feltfors\u00f8g i 2015 og 2016<\/li>\n<\/ul>\n<h3><strong><br \/>\nRobotti<br \/>\n<\/strong><\/h3>\n<h4>Mekanisk ukrudtsbek\u00e6mpelse<br \/>\n<img decoding=\"async\" src=\"https:\/\/conpleks.com\/robotech\/wp-content\/uploads\/sites\/2\/2016\/09\/DSC_2259-1024x576.jpg\" \/><\/h4>\n<ul>\n<li>Robotten er udviklet i et samarbejde mellem Kongskilde, AgroIntelli, Syddansk Universitet og Conpleks gennem et kommercielt robotprototypeprojekt<\/li>\n<li>Robotti laver mekanisk ukrudtsbek\u00e6mpelser og lignende prim\u00e6rt for \u00f8kologiske landm\u00e6nd<\/li>\n<li>Robotten er elektrisk og har to 5kW motorer med dobbelte batteripakker<\/li>\n<\/ul>\n<\/div>\n","protected":false},"excerpt":{"rendered":"<p>Conpleks Robotechs softwareplatform og funktionaliteten af hovedfunktionsomr\u00e5derne har v\u00e6ret under udvikling siden 2012 og v\u00e6ret anvendt lige siden 2013. Nedenst\u00e5ende eksempler p\u00e5 anvendelsesmulighederne afspejler fleksibiliteten og de innovative l\u00f8sninger, Conpleks Robotechs softwareplatform sp\u00e6nder over. &nbsp; Intelligent One Verdens f\u00f8rste selvk\u00f8rende opkridtningsrobot Intelligent One er et patenteret koncept lavet i samarbejde med Intelligent Marking fra Hj\u00f8rring [&hellip;]<\/p>\n","protected":false},"author":1,"featured_media":0,"parent":0,"menu_order":0,"comment_status":"closed","ping_status":"closed","template":"","meta":{"footnotes":""},"class_list":["post-16","page","type-page","status-publish","hentry"],"yoast_head":"<!-- This site is optimized with the Yoast SEO plugin v23.2 - https:\/\/yoast.com\/wordpress\/plugins\/seo\/ -->\n<title>Referencer - Robotech<\/title>\n<meta name=\"robots\" content=\"index, follow, max-snippet:-1, max-image-preview:large, max-video-preview:-1\" \/>\n<link rel=\"canonical\" href=\"https:\/\/conpleks.com\/robotech\/referencer\/\" \/>\n<meta property=\"og:locale\" content=\"da_DK\" \/>\n<meta property=\"og:type\" content=\"article\" \/>\n<meta property=\"og:title\" content=\"Referencer - Robotech\" \/>\n<meta property=\"og:description\" content=\"Conpleks Robotechs softwareplatform og funktionaliteten af hovedfunktionsomr\u00e5derne har v\u00e6ret under udvikling siden 2012 og v\u00e6ret anvendt lige siden 2013. Nedenst\u00e5ende eksempler p\u00e5 anvendelsesmulighederne afspejler fleksibiliteten og de innovative l\u00f8sninger, Conpleks Robotechs softwareplatform sp\u00e6nder over. &nbsp; Intelligent One Verdens f\u00f8rste selvk\u00f8rende opkridtningsrobot Intelligent One er et patenteret koncept lavet i samarbejde med Intelligent Marking fra Hj\u00f8rring [&hellip;]\" \/>\n<meta property=\"og:url\" content=\"https:\/\/conpleks.com\/robotech\/referencer\/\" \/>\n<meta property=\"og:site_name\" content=\"Robotech\" \/>\n<meta property=\"article:modified_time\" content=\"2018-10-22T12:46:25+00:00\" \/>\n<meta property=\"og:image\" content=\"https:\/\/conpleks.com\/robotech\/wp-content\/uploads\/sites\/2\/2016\/08\/6Y9A9759r-1024x682.jpg\" \/>\n<meta name=\"twitter:card\" content=\"summary_large_image\" \/>\n<meta name=\"twitter:label1\" content=\"Est. reading time\" \/>\n\t<meta name=\"twitter:data1\" content=\"1 minut\" \/>\n<script type=\"application\/ld+json\" class=\"yoast-schema-graph\">{\"@context\":\"https:\/\/schema.org\",\"@graph\":[{\"@type\":\"WebPage\",\"@id\":\"https:\/\/conpleks.com\/robotech\/referencer\/\",\"url\":\"https:\/\/conpleks.com\/robotech\/referencer\/\",\"name\":\"Referencer - Robotech\",\"isPartOf\":{\"@id\":\"https:\/\/conpleks.com\/robotech\/#website\"},\"primaryImageOfPage\":{\"@id\":\"https:\/\/conpleks.com\/robotech\/referencer\/#primaryimage\"},\"image\":{\"@id\":\"https:\/\/conpleks.com\/robotech\/referencer\/#primaryimage\"},\"thumbnailUrl\":\"https:\/\/conpleks.com\/robotech\/wp-content\/uploads\/sites\/2\/2016\/08\/6Y9A9759r-1024x682.jpg\",\"datePublished\":\"2016-08-16T12:56:20+00:00\",\"dateModified\":\"2018-10-22T12:46:25+00:00\",\"breadcrumb\":{\"@id\":\"https:\/\/conpleks.com\/robotech\/referencer\/#breadcrumb\"},\"inLanguage\":\"da-DK\",\"potentialAction\":[{\"@type\":\"ReadAction\",\"target\":[\"https:\/\/conpleks.com\/robotech\/referencer\/\"]}]},{\"@type\":\"ImageObject\",\"inLanguage\":\"da-DK\",\"@id\":\"https:\/\/conpleks.com\/robotech\/referencer\/#primaryimage\",\"url\":\"https:\/\/conpleks.com\/robotech\/wp-content\/uploads\/sites\/2\/2016\/08\/6Y9A9759r-1024x682.jpg\",\"contentUrl\":\"https:\/\/conpleks.com\/robotech\/wp-content\/uploads\/sites\/2\/2016\/08\/6Y9A9759r-1024x682.jpg\"},{\"@type\":\"BreadcrumbList\",\"@id\":\"https:\/\/conpleks.com\/robotech\/referencer\/#breadcrumb\",\"itemListElement\":[{\"@type\":\"ListItem\",\"position\":1,\"name\":\"Home\",\"item\":\"https:\/\/conpleks.com\/robotech\/\"},{\"@type\":\"ListItem\",\"position\":2,\"name\":\"Referencer\"}]},{\"@type\":\"WebSite\",\"@id\":\"https:\/\/conpleks.com\/robotech\/#website\",\"url\":\"https:\/\/conpleks.com\/robotech\/\",\"name\":\"Robotech\",\"description\":\"Outdoor Mobile Robots\",\"potentialAction\":[{\"@type\":\"SearchAction\",\"target\":{\"@type\":\"EntryPoint\",\"urlTemplate\":\"https:\/\/conpleks.com\/robotech\/?s={search_term_string}\"},\"query-input\":\"required name=search_term_string\"}],\"inLanguage\":\"da-DK\"}]}<\/script>\n<!-- \/ Yoast SEO plugin. -->","yoast_head_json":{"title":"Referencer - Robotech","robots":{"index":"index","follow":"follow","max-snippet":"max-snippet:-1","max-image-preview":"max-image-preview:large","max-video-preview":"max-video-preview:-1"},"canonical":"https:\/\/conpleks.com\/robotech\/referencer\/","og_locale":"da_DK","og_type":"article","og_title":"Referencer - Robotech","og_description":"Conpleks Robotechs softwareplatform og funktionaliteten af hovedfunktionsomr\u00e5derne har v\u00e6ret under udvikling siden 2012 og v\u00e6ret anvendt lige siden 2013. Nedenst\u00e5ende eksempler p\u00e5 anvendelsesmulighederne afspejler fleksibiliteten og de innovative l\u00f8sninger, Conpleks Robotechs softwareplatform sp\u00e6nder over. &nbsp; Intelligent One Verdens f\u00f8rste selvk\u00f8rende opkridtningsrobot Intelligent One er et patenteret koncept lavet i samarbejde med Intelligent Marking fra Hj\u00f8rring [&hellip;]","og_url":"https:\/\/conpleks.com\/robotech\/referencer\/","og_site_name":"Robotech","article_modified_time":"2018-10-22T12:46:25+00:00","og_image":[{"url":"https:\/\/conpleks.com\/robotech\/wp-content\/uploads\/sites\/2\/2016\/08\/6Y9A9759r-1024x682.jpg"}],"twitter_card":"summary_large_image","twitter_misc":{"Est. reading time":"1 minut"},"schema":{"@context":"https:\/\/schema.org","@graph":[{"@type":"WebPage","@id":"https:\/\/conpleks.com\/robotech\/referencer\/","url":"https:\/\/conpleks.com\/robotech\/referencer\/","name":"Referencer - Robotech","isPartOf":{"@id":"https:\/\/conpleks.com\/robotech\/#website"},"primaryImageOfPage":{"@id":"https:\/\/conpleks.com\/robotech\/referencer\/#primaryimage"},"image":{"@id":"https:\/\/conpleks.com\/robotech\/referencer\/#primaryimage"},"thumbnailUrl":"https:\/\/conpleks.com\/robotech\/wp-content\/uploads\/sites\/2\/2016\/08\/6Y9A9759r-1024x682.jpg","datePublished":"2016-08-16T12:56:20+00:00","dateModified":"2018-10-22T12:46:25+00:00","breadcrumb":{"@id":"https:\/\/conpleks.com\/robotech\/referencer\/#breadcrumb"},"inLanguage":"da-DK","potentialAction":[{"@type":"ReadAction","target":["https:\/\/conpleks.com\/robotech\/referencer\/"]}]},{"@type":"ImageObject","inLanguage":"da-DK","@id":"https:\/\/conpleks.com\/robotech\/referencer\/#primaryimage","url":"https:\/\/conpleks.com\/robotech\/wp-content\/uploads\/sites\/2\/2016\/08\/6Y9A9759r-1024x682.jpg","contentUrl":"https:\/\/conpleks.com\/robotech\/wp-content\/uploads\/sites\/2\/2016\/08\/6Y9A9759r-1024x682.jpg"},{"@type":"BreadcrumbList","@id":"https:\/\/conpleks.com\/robotech\/referencer\/#breadcrumb","itemListElement":[{"@type":"ListItem","position":1,"name":"Home","item":"https:\/\/conpleks.com\/robotech\/"},{"@type":"ListItem","position":2,"name":"Referencer"}]},{"@type":"WebSite","@id":"https:\/\/conpleks.com\/robotech\/#website","url":"https:\/\/conpleks.com\/robotech\/","name":"Robotech","description":"Outdoor Mobile Robots","potentialAction":[{"@type":"SearchAction","target":{"@type":"EntryPoint","urlTemplate":"https:\/\/conpleks.com\/robotech\/?s={search_term_string}"},"query-input":"required name=search_term_string"}],"inLanguage":"da-DK"}]}},"_links":{"self":[{"href":"https:\/\/conpleks.com\/robotech\/wp-json\/wp\/v2\/pages\/16"}],"collection":[{"href":"https:\/\/conpleks.com\/robotech\/wp-json\/wp\/v2\/pages"}],"about":[{"href":"https:\/\/conpleks.com\/robotech\/wp-json\/wp\/v2\/types\/page"}],"author":[{"embeddable":true,"href":"https:\/\/conpleks.com\/robotech\/wp-json\/wp\/v2\/users\/1"}],"replies":[{"embeddable":true,"href":"https:\/\/conpleks.com\/robotech\/wp-json\/wp\/v2\/comments?post=16"}],"version-history":[{"count":23,"href":"https:\/\/conpleks.com\/robotech\/wp-json\/wp\/v2\/pages\/16\/revisions"}],"predecessor-version":[{"id":986,"href":"https:\/\/conpleks.com\/robotech\/wp-json\/wp\/v2\/pages\/16\/revisions\/986"}],"wp:attachment":[{"href":"https:\/\/conpleks.com\/robotech\/wp-json\/wp\/v2\/media?parent=16"}],"curies":[{"name":"wp","href":"https:\/\/api.w.org\/{rel}","templated":true}]}}