{"id":18,"date":"2016-08-16T12:56:35","date_gmt":"2016-08-16T12:56:35","guid":{"rendered":"https:\/\/conpleks.com\/robotech\/?page_id=18"},"modified":"2019-09-09T13:27:02","modified_gmt":"2019-09-09T13:27:02","slug":"produkter","status":"publish","type":"page","link":"https:\/\/conpleks.com\/robotech\/produkter\/","title":{"rendered":"Produkter"},"content":{"rendered":"<div class=\"entry_content clear\">\n<p>Conpleks Robotech udvikler kompakte controllere til udend\u00f8rs, mobile robotter. Controllerne er udstyret med alle n\u00f8dvendige interfaces og er dermed enkle at anvende p\u00e5 selv vidt forskellige robotter. Designet er udarbejdet s\u00e5ledes, at controllerne er modstandsdygtige overfor milj\u00f8m\u00e6ssige p\u00e5virkninger, hvormed de er velegnede som hovedcomputere i meget avancerede robotter. Controllerne underst\u00f8tter desuden Conpleks Robotechs Softwareplatform, som kan h\u00e5ndtere alle p\u00e5kr\u00e6vede softwarefunktioner.<\/p>\n<p>Som supplement til controllerne og de tilh\u00f8rende softwareplatforme har Conpleks Robotech udviklet Conpleks Clara App. En intuitiv og funktionel App-platform, som g\u00f8r det nemt at styre og overv\u00e5ge de funktioner, controllerne udstyrer de mobile robotter med. App\u2019en er udviklet til Android tablets og smartphones.<\/p>\n<p>Ud over App\u2019en har Conpleks udviklet Clara Cloud-platformen, som er en moderne IoT cloudl\u00f8sning, der blandt andet tracker robotternes positioner og aktiviteter. Dermed \u00e5bner Clara Cloud blandt andet op for deling af robotnavigationsdata og ruteplaner mellem flere operat\u00f8rer. Kombineres App\u2019en og Clouden er mulighederne for logning og analyse af robotternes k\u00f8rsels- og performancedata stort set uendelige.<\/p>\n<p><img loading=\"lazy\" decoding=\"async\" class=\" wp-image-388 aligncenter\" src=\"https:\/\/conpleks.com\/robotech\/wp-content\/uploads\/sites\/2\/2016\/09\/101-copy-copy-1024x690.png\" alt=\"\" width=\"475\" height=\"320\" srcset=\"https:\/\/conpleks.com\/robotech\/wp-content\/uploads\/sites\/2\/2016\/09\/101-copy-copy-1024x690.png 1024w, https:\/\/conpleks.com\/robotech\/wp-content\/uploads\/sites\/2\/2016\/09\/101-copy-copy-300x202.png 300w, https:\/\/conpleks.com\/robotech\/wp-content\/uploads\/sites\/2\/2016\/09\/101-copy-copy-768x518.png 768w, https:\/\/conpleks.com\/robotech\/wp-content\/uploads\/sites\/2\/2016\/09\/101-copy-copy-700x472.png 700w, https:\/\/conpleks.com\/robotech\/wp-content\/uploads\/sites\/2\/2016\/09\/101-copy-copy.png 1200w\" sizes=\"(max-width: 475px) 100vw, 475px\" \/><\/p>\n<p>&nbsp;<\/p><\/div>\n","protected":false},"excerpt":{"rendered":"<p>Conpleks Robotech udvikler kompakte controllere til udend\u00f8rs, mobile robotter. Controllerne er udstyret med alle n\u00f8dvendige interfaces og er dermed enkle at anvende p\u00e5 selv vidt forskellige robotter. Designet er udarbejdet s\u00e5ledes, at controllerne er modstandsdygtige overfor milj\u00f8m\u00e6ssige p\u00e5virkninger, hvormed de er velegnede som hovedcomputere i meget avancerede robotter. Controllerne underst\u00f8tter desuden Conpleks Robotechs Softwareplatform, som [&hellip;]<\/p>\n","protected":false},"author":1,"featured_media":0,"parent":0,"menu_order":0,"comment_status":"closed","ping_status":"closed","template":"","meta":{"footnotes":""},"class_list":["post-18","page","type-page","status-publish","hentry"],"yoast_head":"<!-- This site is optimized with the Yoast SEO plugin v23.2 - https:\/\/yoast.com\/wordpress\/plugins\/seo\/ -->\n<title>Produkter - Robotech<\/title>\n<meta name=\"robots\" content=\"index, follow, max-snippet:-1, max-image-preview:large, max-video-preview:-1\" \/>\n<link rel=\"canonical\" href=\"https:\/\/conpleks.com\/robotech\/produkter\/\" \/>\n<meta property=\"og:locale\" content=\"da_DK\" \/>\n<meta property=\"og:type\" content=\"article\" \/>\n<meta property=\"og:title\" content=\"Produkter - Robotech\" \/>\n<meta property=\"og:description\" content=\"Conpleks Robotech udvikler kompakte controllere til udend\u00f8rs, mobile robotter. Controllerne er udstyret med alle n\u00f8dvendige interfaces og er dermed enkle at anvende p\u00e5 selv vidt forskellige robotter. Designet er udarbejdet s\u00e5ledes, at controllerne er modstandsdygtige overfor milj\u00f8m\u00e6ssige p\u00e5virkninger, hvormed de er velegnede som hovedcomputere i meget avancerede robotter. Controllerne underst\u00f8tter desuden Conpleks Robotechs Softwareplatform, som [&hellip;]\" \/>\n<meta property=\"og:url\" content=\"https:\/\/conpleks.com\/robotech\/produkter\/\" \/>\n<meta property=\"og:site_name\" content=\"Robotech\" \/>\n<meta property=\"article:modified_time\" content=\"2019-09-09T13:27:02+00:00\" \/>\n<meta property=\"og:image\" content=\"https:\/\/conpleks.com\/robotech\/wp-content\/uploads\/sites\/2\/2016\/09\/101-copy-copy-1024x690.png\" \/>\n<meta name=\"twitter:card\" content=\"summary_large_image\" \/>\n<meta name=\"twitter:label1\" content=\"Est. reading time\" \/>\n\t<meta name=\"twitter:data1\" content=\"1 minut\" \/>\n<script type=\"application\/ld+json\" class=\"yoast-schema-graph\">{\"@context\":\"https:\/\/schema.org\",\"@graph\":[{\"@type\":\"WebPage\",\"@id\":\"https:\/\/conpleks.com\/robotech\/produkter\/\",\"url\":\"https:\/\/conpleks.com\/robotech\/produkter\/\",\"name\":\"Produkter - Robotech\",\"isPartOf\":{\"@id\":\"https:\/\/conpleks.com\/robotech\/#website\"},\"primaryImageOfPage\":{\"@id\":\"https:\/\/conpleks.com\/robotech\/produkter\/#primaryimage\"},\"image\":{\"@id\":\"https:\/\/conpleks.com\/robotech\/produkter\/#primaryimage\"},\"thumbnailUrl\":\"https:\/\/conpleks.com\/robotech\/wp-content\/uploads\/sites\/2\/2016\/09\/101-copy-copy-1024x690.png\",\"datePublished\":\"2016-08-16T12:56:35+00:00\",\"dateModified\":\"2019-09-09T13:27:02+00:00\",\"breadcrumb\":{\"@id\":\"https:\/\/conpleks.com\/robotech\/produkter\/#breadcrumb\"},\"inLanguage\":\"da-DK\",\"potentialAction\":[{\"@type\":\"ReadAction\",\"target\":[\"https:\/\/conpleks.com\/robotech\/produkter\/\"]}]},{\"@type\":\"ImageObject\",\"inLanguage\":\"da-DK\",\"@id\":\"https:\/\/conpleks.com\/robotech\/produkter\/#primaryimage\",\"url\":\"https:\/\/conpleks.com\/robotech\/wp-content\/uploads\/sites\/2\/2016\/09\/101-copy-copy.png\",\"contentUrl\":\"https:\/\/conpleks.com\/robotech\/wp-content\/uploads\/sites\/2\/2016\/09\/101-copy-copy.png\",\"width\":1200,\"height\":809},{\"@type\":\"BreadcrumbList\",\"@id\":\"https:\/\/conpleks.com\/robotech\/produkter\/#breadcrumb\",\"itemListElement\":[{\"@type\":\"ListItem\",\"position\":1,\"name\":\"Home\",\"item\":\"https:\/\/conpleks.com\/robotech\/\"},{\"@type\":\"ListItem\",\"position\":2,\"name\":\"Produkter\"}]},{\"@type\":\"WebSite\",\"@id\":\"https:\/\/conpleks.com\/robotech\/#website\",\"url\":\"https:\/\/conpleks.com\/robotech\/\",\"name\":\"Robotech\",\"description\":\"Outdoor Mobile Robots\",\"potentialAction\":[{\"@type\":\"SearchAction\",\"target\":{\"@type\":\"EntryPoint\",\"urlTemplate\":\"https:\/\/conpleks.com\/robotech\/?s={search_term_string}\"},\"query-input\":\"required name=search_term_string\"}],\"inLanguage\":\"da-DK\"}]}<\/script>\n<!-- \/ Yoast SEO plugin. -->","yoast_head_json":{"title":"Produkter - Robotech","robots":{"index":"index","follow":"follow","max-snippet":"max-snippet:-1","max-image-preview":"max-image-preview:large","max-video-preview":"max-video-preview:-1"},"canonical":"https:\/\/conpleks.com\/robotech\/produkter\/","og_locale":"da_DK","og_type":"article","og_title":"Produkter - Robotech","og_description":"Conpleks Robotech udvikler kompakte controllere til udend\u00f8rs, mobile robotter. Controllerne er udstyret med alle n\u00f8dvendige interfaces og er dermed enkle at anvende p\u00e5 selv vidt forskellige robotter. Designet er udarbejdet s\u00e5ledes, at controllerne er modstandsdygtige overfor milj\u00f8m\u00e6ssige p\u00e5virkninger, hvormed de er velegnede som hovedcomputere i meget avancerede robotter. Controllerne underst\u00f8tter desuden Conpleks Robotechs Softwareplatform, som [&hellip;]","og_url":"https:\/\/conpleks.com\/robotech\/produkter\/","og_site_name":"Robotech","article_modified_time":"2019-09-09T13:27:02+00:00","og_image":[{"url":"https:\/\/conpleks.com\/robotech\/wp-content\/uploads\/sites\/2\/2016\/09\/101-copy-copy-1024x690.png"}],"twitter_card":"summary_large_image","twitter_misc":{"Est. reading time":"1 minut"},"schema":{"@context":"https:\/\/schema.org","@graph":[{"@type":"WebPage","@id":"https:\/\/conpleks.com\/robotech\/produkter\/","url":"https:\/\/conpleks.com\/robotech\/produkter\/","name":"Produkter - Robotech","isPartOf":{"@id":"https:\/\/conpleks.com\/robotech\/#website"},"primaryImageOfPage":{"@id":"https:\/\/conpleks.com\/robotech\/produkter\/#primaryimage"},"image":{"@id":"https:\/\/conpleks.com\/robotech\/produkter\/#primaryimage"},"thumbnailUrl":"https:\/\/conpleks.com\/robotech\/wp-content\/uploads\/sites\/2\/2016\/09\/101-copy-copy-1024x690.png","datePublished":"2016-08-16T12:56:35+00:00","dateModified":"2019-09-09T13:27:02+00:00","breadcrumb":{"@id":"https:\/\/conpleks.com\/robotech\/produkter\/#breadcrumb"},"inLanguage":"da-DK","potentialAction":[{"@type":"ReadAction","target":["https:\/\/conpleks.com\/robotech\/produkter\/"]}]},{"@type":"ImageObject","inLanguage":"da-DK","@id":"https:\/\/conpleks.com\/robotech\/produkter\/#primaryimage","url":"https:\/\/conpleks.com\/robotech\/wp-content\/uploads\/sites\/2\/2016\/09\/101-copy-copy.png","contentUrl":"https:\/\/conpleks.com\/robotech\/wp-content\/uploads\/sites\/2\/2016\/09\/101-copy-copy.png","width":1200,"height":809},{"@type":"BreadcrumbList","@id":"https:\/\/conpleks.com\/robotech\/produkter\/#breadcrumb","itemListElement":[{"@type":"ListItem","position":1,"name":"Home","item":"https:\/\/conpleks.com\/robotech\/"},{"@type":"ListItem","position":2,"name":"Produkter"}]},{"@type":"WebSite","@id":"https:\/\/conpleks.com\/robotech\/#website","url":"https:\/\/conpleks.com\/robotech\/","name":"Robotech","description":"Outdoor Mobile Robots","potentialAction":[{"@type":"SearchAction","target":{"@type":"EntryPoint","urlTemplate":"https:\/\/conpleks.com\/robotech\/?s={search_term_string}"},"query-input":"required name=search_term_string"}],"inLanguage":"da-DK"}]}},"_links":{"self":[{"href":"https:\/\/conpleks.com\/robotech\/wp-json\/wp\/v2\/pages\/18"}],"collection":[{"href":"https:\/\/conpleks.com\/robotech\/wp-json\/wp\/v2\/pages"}],"about":[{"href":"https:\/\/conpleks.com\/robotech\/wp-json\/wp\/v2\/types\/page"}],"author":[{"embeddable":true,"href":"https:\/\/conpleks.com\/robotech\/wp-json\/wp\/v2\/users\/1"}],"replies":[{"embeddable":true,"href":"https:\/\/conpleks.com\/robotech\/wp-json\/wp\/v2\/comments?post=18"}],"version-history":[{"count":16,"href":"https:\/\/conpleks.com\/robotech\/wp-json\/wp\/v2\/pages\/18\/revisions"}],"predecessor-version":[{"id":1186,"href":"https:\/\/conpleks.com\/robotech\/wp-json\/wp\/v2\/pages\/18\/revisions\/1186"}],"wp:attachment":[{"href":"https:\/\/conpleks.com\/robotech\/wp-json\/wp\/v2\/media?parent=18"}],"curies":[{"name":"wp","href":"https:\/\/api.w.org\/{rel}","templated":true}]}}