{"id":203,"date":"2016-09-01T07:38:59","date_gmt":"2016-09-01T07:38:59","guid":{"rendered":"https:\/\/conpleks.com\/robotech\/?page_id=203"},"modified":"2019-07-24T06:58:10","modified_gmt":"2019-07-24T06:58:10","slug":"robotech-controller-100-family","status":"publish","type":"page","link":"https:\/\/conpleks.com\/robotech\/produkter\/robotech-controller-100-family\/","title":{"rendered":"Conpleks Robotech Controller 100-familien"},"content":{"rendered":"<div class=\"entry_content clear\">\n<p>Conpleks Robotech Controller 101 og 102 er begge avancerede controllere, der er id\u00e9elle til en lang r\u00e6kke applikationer til udend\u00f8rs, mobile robotter, idet controllerne er yderst robuste og kompakte.<\/p>\n<p><img loading=\"lazy\" decoding=\"async\" class=\" wp-image-388 aligncenter\" src=\"https:\/\/conpleks.com\/robotech\/wp-content\/uploads\/sites\/2\/2016\/09\/101-copy-copy-1024x690.png\" alt=\"101 copy copy\" width=\"500\" height=\"337\" srcset=\"https:\/\/conpleks.com\/robotech\/wp-content\/uploads\/sites\/2\/2016\/09\/101-copy-copy-1024x690.png 1024w, https:\/\/conpleks.com\/robotech\/wp-content\/uploads\/sites\/2\/2016\/09\/101-copy-copy-300x202.png 300w, https:\/\/conpleks.com\/robotech\/wp-content\/uploads\/sites\/2\/2016\/09\/101-copy-copy-768x518.png 768w, https:\/\/conpleks.com\/robotech\/wp-content\/uploads\/sites\/2\/2016\/09\/101-copy-copy-700x472.png 700w, https:\/\/conpleks.com\/robotech\/wp-content\/uploads\/sites\/2\/2016\/09\/101-copy-copy.png 1200w\" sizes=\"(max-width: 500px) 100vw, 500px\" \/><\/p>\n<p>Controllerne underst\u00f8tter Conpleks Robotechs Softwareplatform, som er baseret p\u00e5 et Linux\/Ubuntu-operativsystem, ROS-baseret middleware og avanceret, egenudviklet applikationssoftware. Desuden er controllerne udstyret med standardiserede interfaces, herunder CAN-bus og Ethernet, der g\u00f8r tilkoblingen nem og ligetil.<\/p>\n<p>At Conpleks Robotech Controller 101 og 102 er egnet til enhver robotapplikation, skyldes en r\u00e6kke hovedfunktioner og features, herunder:<\/p>\n<ul>\n<li>H\u00f8jtydende quad-ARM processor<\/li>\n<li>Flashbaseret harddrive<\/li>\n<li>Linux\/Ubuntu-operativsystem<\/li>\n<li>Kompakt og robust ydre, der er forseglet og IP67-kompatibelt<\/li>\n<li>Konnektorer af h\u00f8j kvalitet<\/li>\n<li>Robotech Controller 102 inkluderer endvidere en indbygget og gedigen IMU\/AHRS<\/li>\n<\/ul>\n<\/div>\n","protected":false},"excerpt":{"rendered":"<p>Conpleks Robotech Controller 101 og 102 er begge avancerede controllere, der er id\u00e9elle til en lang r\u00e6kke applikationer til udend\u00f8rs, mobile robotter, idet controllerne er yderst robuste og kompakte. Controllerne underst\u00f8tter Conpleks Robotechs Softwareplatform, som er baseret p\u00e5 et Linux\/Ubuntu-operativsystem, ROS-baseret middleware og avanceret, egenudviklet applikationssoftware. Desuden er controllerne udstyret med standardiserede interfaces, herunder CAN-bus [&hellip;]<\/p>\n","protected":false},"author":1,"featured_media":0,"parent":18,"menu_order":0,"comment_status":"closed","ping_status":"closed","template":"","meta":{"footnotes":""},"class_list":["post-203","page","type-page","status-publish","hentry"],"yoast_head":"<!-- This site is optimized with the Yoast SEO plugin v23.2 - https:\/\/yoast.com\/wordpress\/plugins\/seo\/ -->\n<title>Conpleks Robotech Controller 100-familien - Robotech<\/title>\n<meta name=\"robots\" content=\"index, follow, max-snippet:-1, max-image-preview:large, max-video-preview:-1\" \/>\n<link rel=\"canonical\" href=\"https:\/\/conpleks.com\/robotech\/produkter\/robotech-controller-100-family\/\" \/>\n<meta property=\"og:locale\" content=\"da_DK\" \/>\n<meta property=\"og:type\" content=\"article\" \/>\n<meta property=\"og:title\" content=\"Conpleks Robotech Controller 100-familien - Robotech\" \/>\n<meta property=\"og:description\" content=\"Conpleks Robotech Controller 101 og 102 er begge avancerede controllere, der er id\u00e9elle til en lang r\u00e6kke applikationer til udend\u00f8rs, mobile robotter, idet controllerne er yderst robuste og kompakte. Controllerne underst\u00f8tter Conpleks Robotechs Softwareplatform, som er baseret p\u00e5 et Linux\/Ubuntu-operativsystem, ROS-baseret middleware og avanceret, egenudviklet applikationssoftware. Desuden er controllerne udstyret med standardiserede interfaces, herunder CAN-bus [&hellip;]\" \/>\n<meta property=\"og:url\" content=\"https:\/\/conpleks.com\/robotech\/produkter\/robotech-controller-100-family\/\" \/>\n<meta property=\"og:site_name\" content=\"Robotech\" \/>\n<meta property=\"article:modified_time\" content=\"2019-07-24T06:58:10+00:00\" \/>\n<meta property=\"og:image\" content=\"https:\/\/conpleks.com\/robotech\/wp-content\/uploads\/sites\/2\/2016\/09\/101-copy-copy-1024x690.png\" \/>\n<meta name=\"twitter:card\" content=\"summary_large_image\" \/>\n<meta name=\"twitter:label1\" content=\"Est. reading time\" \/>\n\t<meta name=\"twitter:data1\" content=\"1 minut\" \/>\n<script type=\"application\/ld+json\" class=\"yoast-schema-graph\">{\"@context\":\"https:\/\/schema.org\",\"@graph\":[{\"@type\":\"WebPage\",\"@id\":\"https:\/\/conpleks.com\/robotech\/produkter\/robotech-controller-100-family\/\",\"url\":\"https:\/\/conpleks.com\/robotech\/produkter\/robotech-controller-100-family\/\",\"name\":\"Conpleks Robotech Controller 100-familien - Robotech\",\"isPartOf\":{\"@id\":\"https:\/\/conpleks.com\/robotech\/#website\"},\"primaryImageOfPage\":{\"@id\":\"https:\/\/conpleks.com\/robotech\/produkter\/robotech-controller-100-family\/#primaryimage\"},\"image\":{\"@id\":\"https:\/\/conpleks.com\/robotech\/produkter\/robotech-controller-100-family\/#primaryimage\"},\"thumbnailUrl\":\"https:\/\/conpleks.com\/robotech\/wp-content\/uploads\/sites\/2\/2016\/09\/101-copy-copy-1024x690.png\",\"datePublished\":\"2016-09-01T07:38:59+00:00\",\"dateModified\":\"2019-07-24T06:58:10+00:00\",\"breadcrumb\":{\"@id\":\"https:\/\/conpleks.com\/robotech\/produkter\/robotech-controller-100-family\/#breadcrumb\"},\"inLanguage\":\"da-DK\",\"potentialAction\":[{\"@type\":\"ReadAction\",\"target\":[\"https:\/\/conpleks.com\/robotech\/produkter\/robotech-controller-100-family\/\"]}]},{\"@type\":\"ImageObject\",\"inLanguage\":\"da-DK\",\"@id\":\"https:\/\/conpleks.com\/robotech\/produkter\/robotech-controller-100-family\/#primaryimage\",\"url\":\"https:\/\/conpleks.com\/robotech\/wp-content\/uploads\/sites\/2\/2016\/09\/101-copy-copy.png\",\"contentUrl\":\"https:\/\/conpleks.com\/robotech\/wp-content\/uploads\/sites\/2\/2016\/09\/101-copy-copy.png\",\"width\":1200,\"height\":809},{\"@type\":\"BreadcrumbList\",\"@id\":\"https:\/\/conpleks.com\/robotech\/produkter\/robotech-controller-100-family\/#breadcrumb\",\"itemListElement\":[{\"@type\":\"ListItem\",\"position\":1,\"name\":\"Home\",\"item\":\"https:\/\/conpleks.com\/robotech\/\"},{\"@type\":\"ListItem\",\"position\":2,\"name\":\"Produkter\",\"item\":\"https:\/\/conpleks.com\/robotech\/produkter\/\"},{\"@type\":\"ListItem\",\"position\":3,\"name\":\"Conpleks Robotech Controller 100-familien\"}]},{\"@type\":\"WebSite\",\"@id\":\"https:\/\/conpleks.com\/robotech\/#website\",\"url\":\"https:\/\/conpleks.com\/robotech\/\",\"name\":\"Robotech\",\"description\":\"Outdoor Mobile Robots\",\"potentialAction\":[{\"@type\":\"SearchAction\",\"target\":{\"@type\":\"EntryPoint\",\"urlTemplate\":\"https:\/\/conpleks.com\/robotech\/?s={search_term_string}\"},\"query-input\":\"required name=search_term_string\"}],\"inLanguage\":\"da-DK\"}]}<\/script>\n<!-- \/ Yoast SEO plugin. -->","yoast_head_json":{"title":"Conpleks Robotech Controller 100-familien - Robotech","robots":{"index":"index","follow":"follow","max-snippet":"max-snippet:-1","max-image-preview":"max-image-preview:large","max-video-preview":"max-video-preview:-1"},"canonical":"https:\/\/conpleks.com\/robotech\/produkter\/robotech-controller-100-family\/","og_locale":"da_DK","og_type":"article","og_title":"Conpleks Robotech Controller 100-familien - Robotech","og_description":"Conpleks Robotech Controller 101 og 102 er begge avancerede controllere, der er id\u00e9elle til en lang r\u00e6kke applikationer til udend\u00f8rs, mobile robotter, idet controllerne er yderst robuste og kompakte. Controllerne underst\u00f8tter Conpleks Robotechs Softwareplatform, som er baseret p\u00e5 et Linux\/Ubuntu-operativsystem, ROS-baseret middleware og avanceret, egenudviklet applikationssoftware. Desuden er controllerne udstyret med standardiserede interfaces, herunder CAN-bus [&hellip;]","og_url":"https:\/\/conpleks.com\/robotech\/produkter\/robotech-controller-100-family\/","og_site_name":"Robotech","article_modified_time":"2019-07-24T06:58:10+00:00","og_image":[{"url":"https:\/\/conpleks.com\/robotech\/wp-content\/uploads\/sites\/2\/2016\/09\/101-copy-copy-1024x690.png"}],"twitter_card":"summary_large_image","twitter_misc":{"Est. reading time":"1 minut"},"schema":{"@context":"https:\/\/schema.org","@graph":[{"@type":"WebPage","@id":"https:\/\/conpleks.com\/robotech\/produkter\/robotech-controller-100-family\/","url":"https:\/\/conpleks.com\/robotech\/produkter\/robotech-controller-100-family\/","name":"Conpleks Robotech Controller 100-familien - Robotech","isPartOf":{"@id":"https:\/\/conpleks.com\/robotech\/#website"},"primaryImageOfPage":{"@id":"https:\/\/conpleks.com\/robotech\/produkter\/robotech-controller-100-family\/#primaryimage"},"image":{"@id":"https:\/\/conpleks.com\/robotech\/produkter\/robotech-controller-100-family\/#primaryimage"},"thumbnailUrl":"https:\/\/conpleks.com\/robotech\/wp-content\/uploads\/sites\/2\/2016\/09\/101-copy-copy-1024x690.png","datePublished":"2016-09-01T07:38:59+00:00","dateModified":"2019-07-24T06:58:10+00:00","breadcrumb":{"@id":"https:\/\/conpleks.com\/robotech\/produkter\/robotech-controller-100-family\/#breadcrumb"},"inLanguage":"da-DK","potentialAction":[{"@type":"ReadAction","target":["https:\/\/conpleks.com\/robotech\/produkter\/robotech-controller-100-family\/"]}]},{"@type":"ImageObject","inLanguage":"da-DK","@id":"https:\/\/conpleks.com\/robotech\/produkter\/robotech-controller-100-family\/#primaryimage","url":"https:\/\/conpleks.com\/robotech\/wp-content\/uploads\/sites\/2\/2016\/09\/101-copy-copy.png","contentUrl":"https:\/\/conpleks.com\/robotech\/wp-content\/uploads\/sites\/2\/2016\/09\/101-copy-copy.png","width":1200,"height":809},{"@type":"BreadcrumbList","@id":"https:\/\/conpleks.com\/robotech\/produkter\/robotech-controller-100-family\/#breadcrumb","itemListElement":[{"@type":"ListItem","position":1,"name":"Home","item":"https:\/\/conpleks.com\/robotech\/"},{"@type":"ListItem","position":2,"name":"Produkter","item":"https:\/\/conpleks.com\/robotech\/produkter\/"},{"@type":"ListItem","position":3,"name":"Conpleks Robotech Controller 100-familien"}]},{"@type":"WebSite","@id":"https:\/\/conpleks.com\/robotech\/#website","url":"https:\/\/conpleks.com\/robotech\/","name":"Robotech","description":"Outdoor Mobile Robots","potentialAction":[{"@type":"SearchAction","target":{"@type":"EntryPoint","urlTemplate":"https:\/\/conpleks.com\/robotech\/?s={search_term_string}"},"query-input":"required name=search_term_string"}],"inLanguage":"da-DK"}]}},"_links":{"self":[{"href":"https:\/\/conpleks.com\/robotech\/wp-json\/wp\/v2\/pages\/203"}],"collection":[{"href":"https:\/\/conpleks.com\/robotech\/wp-json\/wp\/v2\/pages"}],"about":[{"href":"https:\/\/conpleks.com\/robotech\/wp-json\/wp\/v2\/types\/page"}],"author":[{"embeddable":true,"href":"https:\/\/conpleks.com\/robotech\/wp-json\/wp\/v2\/users\/1"}],"replies":[{"embeddable":true,"href":"https:\/\/conpleks.com\/robotech\/wp-json\/wp\/v2\/comments?post=203"}],"version-history":[{"count":14,"href":"https:\/\/conpleks.com\/robotech\/wp-json\/wp\/v2\/pages\/203\/revisions"}],"predecessor-version":[{"id":1130,"href":"https:\/\/conpleks.com\/robotech\/wp-json\/wp\/v2\/pages\/203\/revisions\/1130"}],"up":[{"embeddable":true,"href":"https:\/\/conpleks.com\/robotech\/wp-json\/wp\/v2\/pages\/18"}],"wp:attachment":[{"href":"https:\/\/conpleks.com\/robotech\/wp-json\/wp\/v2\/media?parent=203"}],"curies":[{"name":"wp","href":"https:\/\/api.w.org\/{rel}","templated":true}]}}