{"id":206,"date":"2016-09-01T07:39:49","date_gmt":"2016-09-01T07:39:49","guid":{"rendered":"https:\/\/conpleks.com\/robotech\/?page_id=206"},"modified":"2019-07-24T08:27:14","modified_gmt":"2019-07-24T08:27:14","slug":"clara-app-platform","status":"publish","type":"page","link":"https:\/\/conpleks.com\/robotech\/produkter\/clara-app-platform\/","title":{"rendered":"Conpleks Clara App"},"content":{"rendered":"<div class=\"entry_content clear\">\n<p>Conpleks Clara App er en fleksibel App-platform udviklet til Android tablets og smartphones, som g\u00f8r det nemt at styre og overv\u00e5ge alle funktioner p\u00e5 en Conpleks Robotech robotl\u00f8sning. App\u2019en sikrer en hurtig implementering af alle relevante styringsfunktioner p\u00e5 en udend\u00f8rs, mobil robot eller et tilsvarende, avanceret landbrugsredskab.<\/p>\n<p><img loading=\"lazy\" decoding=\"async\" class=\"wp-image-391 size-large aligncenter\" src=\"https:\/\/conpleks.com\/robotech\/wp-content\/uploads\/sites\/2\/2016\/09\/Clara-1024x512.png\" alt=\"Clara\" width=\"1024\" height=\"512\" srcset=\"https:\/\/conpleks.com\/robotech\/wp-content\/uploads\/sites\/2\/2016\/09\/Clara-1024x512.png 1024w, https:\/\/conpleks.com\/robotech\/wp-content\/uploads\/sites\/2\/2016\/09\/Clara-300x150.png 300w, https:\/\/conpleks.com\/robotech\/wp-content\/uploads\/sites\/2\/2016\/09\/Clara-768x384.png 768w, https:\/\/conpleks.com\/robotech\/wp-content\/uploads\/sites\/2\/2016\/09\/Clara-700x350.png 700w, https:\/\/conpleks.com\/robotech\/wp-content\/uploads\/sites\/2\/2016\/09\/Clara.png 1200w\" sizes=\"(max-width: 1024px) 100vw, 1024px\" \/><\/p>\n<p>Baggrunden for den brugervenlige App\u2019s brede funktionalitet skyldes en r\u00e6kke hovedfunktioner og features, herunder:<\/p>\n<ul>\n<li>Instrumentpanel med alle relevante statusinformationer fra den tilkoblede maskine<\/li>\n<li>Planoversigter, der g\u00f8r det enkelt at kontrollere og styre opgavefunktionerne<\/li>\n<li>V\u00e6rkt\u00f8jsoversigt med detaljeret information om anvendelsen af specielle v\u00e6rkt\u00f8jer og redskaber<\/li>\n<li>Statusoversigt med detaljeret information om batterikapacitet, GNSS-positioneringsinformation med mere<\/li>\n<li>Organisering af operat\u00f8rer- og robotter<\/li>\n<li>Forberedt til anvendelse sammen med Conpleks Clara Cloud og andre IoT-scenarier<\/li>\n<\/ul>\n<\/div>\n","protected":false},"excerpt":{"rendered":"<p>Conpleks Clara App er en fleksibel App-platform udviklet til Android tablets og smartphones, som g\u00f8r det nemt at styre og overv\u00e5ge alle funktioner p\u00e5 en Conpleks Robotech robotl\u00f8sning. App\u2019en sikrer en hurtig implementering af alle relevante styringsfunktioner p\u00e5 en udend\u00f8rs, mobil robot eller et tilsvarende, avanceret landbrugsredskab. Baggrunden for den brugervenlige App\u2019s brede funktionalitet skyldes [&hellip;]<\/p>\n","protected":false},"author":1,"featured_media":0,"parent":18,"menu_order":0,"comment_status":"closed","ping_status":"closed","template":"","meta":{"footnotes":""},"class_list":["post-206","page","type-page","status-publish","hentry"],"yoast_head":"<!-- This site is optimized with the Yoast SEO plugin v23.2 - https:\/\/yoast.com\/wordpress\/plugins\/seo\/ -->\n<title>Conpleks Clara App - Robotech<\/title>\n<meta name=\"robots\" content=\"index, follow, max-snippet:-1, max-image-preview:large, max-video-preview:-1\" \/>\n<link rel=\"canonical\" href=\"https:\/\/conpleks.com\/robotech\/produkter\/clara-app-platform\/\" \/>\n<meta property=\"og:locale\" content=\"da_DK\" \/>\n<meta property=\"og:type\" content=\"article\" \/>\n<meta property=\"og:title\" content=\"Conpleks Clara App - Robotech\" \/>\n<meta property=\"og:description\" content=\"Conpleks Clara App er en fleksibel App-platform udviklet til Android tablets og smartphones, som g\u00f8r det nemt at styre og overv\u00e5ge alle funktioner p\u00e5 en Conpleks Robotech robotl\u00f8sning. App\u2019en sikrer en hurtig implementering af alle relevante styringsfunktioner p\u00e5 en udend\u00f8rs, mobil robot eller et tilsvarende, avanceret landbrugsredskab. Baggrunden for den brugervenlige App\u2019s brede funktionalitet skyldes [&hellip;]\" \/>\n<meta property=\"og:url\" content=\"https:\/\/conpleks.com\/robotech\/produkter\/clara-app-platform\/\" \/>\n<meta property=\"og:site_name\" content=\"Robotech\" \/>\n<meta property=\"article:modified_time\" content=\"2019-07-24T08:27:14+00:00\" \/>\n<meta property=\"og:image\" content=\"https:\/\/conpleks.com\/robotech\/wp-content\/uploads\/sites\/2\/2016\/09\/Clara-1024x512.png\" \/>\n<meta name=\"twitter:card\" content=\"summary_large_image\" \/>\n<meta name=\"twitter:label1\" content=\"Est. reading time\" \/>\n\t<meta name=\"twitter:data1\" content=\"1 minut\" \/>\n<script type=\"application\/ld+json\" class=\"yoast-schema-graph\">{\"@context\":\"https:\/\/schema.org\",\"@graph\":[{\"@type\":\"WebPage\",\"@id\":\"https:\/\/conpleks.com\/robotech\/produkter\/clara-app-platform\/\",\"url\":\"https:\/\/conpleks.com\/robotech\/produkter\/clara-app-platform\/\",\"name\":\"Conpleks Clara App - Robotech\",\"isPartOf\":{\"@id\":\"https:\/\/conpleks.com\/robotech\/#website\"},\"primaryImageOfPage\":{\"@id\":\"https:\/\/conpleks.com\/robotech\/produkter\/clara-app-platform\/#primaryimage\"},\"image\":{\"@id\":\"https:\/\/conpleks.com\/robotech\/produkter\/clara-app-platform\/#primaryimage\"},\"thumbnailUrl\":\"https:\/\/conpleks.com\/robotech\/wp-content\/uploads\/sites\/2\/2016\/09\/Clara-1024x512.png\",\"datePublished\":\"2016-09-01T07:39:49+00:00\",\"dateModified\":\"2019-07-24T08:27:14+00:00\",\"breadcrumb\":{\"@id\":\"https:\/\/conpleks.com\/robotech\/produkter\/clara-app-platform\/#breadcrumb\"},\"inLanguage\":\"da-DK\",\"potentialAction\":[{\"@type\":\"ReadAction\",\"target\":[\"https:\/\/conpleks.com\/robotech\/produkter\/clara-app-platform\/\"]}]},{\"@type\":\"ImageObject\",\"inLanguage\":\"da-DK\",\"@id\":\"https:\/\/conpleks.com\/robotech\/produkter\/clara-app-platform\/#primaryimage\",\"url\":\"https:\/\/conpleks.com\/robotech\/wp-content\/uploads\/sites\/2\/2016\/09\/Clara.png\",\"contentUrl\":\"https:\/\/conpleks.com\/robotech\/wp-content\/uploads\/sites\/2\/2016\/09\/Clara.png\",\"width\":1200,\"height\":600},{\"@type\":\"BreadcrumbList\",\"@id\":\"https:\/\/conpleks.com\/robotech\/produkter\/clara-app-platform\/#breadcrumb\",\"itemListElement\":[{\"@type\":\"ListItem\",\"position\":1,\"name\":\"Home\",\"item\":\"https:\/\/conpleks.com\/robotech\/\"},{\"@type\":\"ListItem\",\"position\":2,\"name\":\"Produkter\",\"item\":\"https:\/\/conpleks.com\/robotech\/produkter\/\"},{\"@type\":\"ListItem\",\"position\":3,\"name\":\"Conpleks Clara App\"}]},{\"@type\":\"WebSite\",\"@id\":\"https:\/\/conpleks.com\/robotech\/#website\",\"url\":\"https:\/\/conpleks.com\/robotech\/\",\"name\":\"Robotech\",\"description\":\"Outdoor Mobile Robots\",\"potentialAction\":[{\"@type\":\"SearchAction\",\"target\":{\"@type\":\"EntryPoint\",\"urlTemplate\":\"https:\/\/conpleks.com\/robotech\/?s={search_term_string}\"},\"query-input\":\"required name=search_term_string\"}],\"inLanguage\":\"da-DK\"}]}<\/script>\n<!-- \/ Yoast SEO plugin. -->","yoast_head_json":{"title":"Conpleks Clara App - Robotech","robots":{"index":"index","follow":"follow","max-snippet":"max-snippet:-1","max-image-preview":"max-image-preview:large","max-video-preview":"max-video-preview:-1"},"canonical":"https:\/\/conpleks.com\/robotech\/produkter\/clara-app-platform\/","og_locale":"da_DK","og_type":"article","og_title":"Conpleks Clara App - Robotech","og_description":"Conpleks Clara App er en fleksibel App-platform udviklet til Android tablets og smartphones, som g\u00f8r det nemt at styre og overv\u00e5ge alle funktioner p\u00e5 en Conpleks Robotech robotl\u00f8sning. App\u2019en sikrer en hurtig implementering af alle relevante styringsfunktioner p\u00e5 en udend\u00f8rs, mobil robot eller et tilsvarende, avanceret landbrugsredskab. Baggrunden for den brugervenlige App\u2019s brede funktionalitet skyldes [&hellip;]","og_url":"https:\/\/conpleks.com\/robotech\/produkter\/clara-app-platform\/","og_site_name":"Robotech","article_modified_time":"2019-07-24T08:27:14+00:00","og_image":[{"url":"https:\/\/conpleks.com\/robotech\/wp-content\/uploads\/sites\/2\/2016\/09\/Clara-1024x512.png"}],"twitter_card":"summary_large_image","twitter_misc":{"Est. reading time":"1 minut"},"schema":{"@context":"https:\/\/schema.org","@graph":[{"@type":"WebPage","@id":"https:\/\/conpleks.com\/robotech\/produkter\/clara-app-platform\/","url":"https:\/\/conpleks.com\/robotech\/produkter\/clara-app-platform\/","name":"Conpleks Clara App - Robotech","isPartOf":{"@id":"https:\/\/conpleks.com\/robotech\/#website"},"primaryImageOfPage":{"@id":"https:\/\/conpleks.com\/robotech\/produkter\/clara-app-platform\/#primaryimage"},"image":{"@id":"https:\/\/conpleks.com\/robotech\/produkter\/clara-app-platform\/#primaryimage"},"thumbnailUrl":"https:\/\/conpleks.com\/robotech\/wp-content\/uploads\/sites\/2\/2016\/09\/Clara-1024x512.png","datePublished":"2016-09-01T07:39:49+00:00","dateModified":"2019-07-24T08:27:14+00:00","breadcrumb":{"@id":"https:\/\/conpleks.com\/robotech\/produkter\/clara-app-platform\/#breadcrumb"},"inLanguage":"da-DK","potentialAction":[{"@type":"ReadAction","target":["https:\/\/conpleks.com\/robotech\/produkter\/clara-app-platform\/"]}]},{"@type":"ImageObject","inLanguage":"da-DK","@id":"https:\/\/conpleks.com\/robotech\/produkter\/clara-app-platform\/#primaryimage","url":"https:\/\/conpleks.com\/robotech\/wp-content\/uploads\/sites\/2\/2016\/09\/Clara.png","contentUrl":"https:\/\/conpleks.com\/robotech\/wp-content\/uploads\/sites\/2\/2016\/09\/Clara.png","width":1200,"height":600},{"@type":"BreadcrumbList","@id":"https:\/\/conpleks.com\/robotech\/produkter\/clara-app-platform\/#breadcrumb","itemListElement":[{"@type":"ListItem","position":1,"name":"Home","item":"https:\/\/conpleks.com\/robotech\/"},{"@type":"ListItem","position":2,"name":"Produkter","item":"https:\/\/conpleks.com\/robotech\/produkter\/"},{"@type":"ListItem","position":3,"name":"Conpleks Clara App"}]},{"@type":"WebSite","@id":"https:\/\/conpleks.com\/robotech\/#website","url":"https:\/\/conpleks.com\/robotech\/","name":"Robotech","description":"Outdoor Mobile Robots","potentialAction":[{"@type":"SearchAction","target":{"@type":"EntryPoint","urlTemplate":"https:\/\/conpleks.com\/robotech\/?s={search_term_string}"},"query-input":"required name=search_term_string"}],"inLanguage":"da-DK"}]}},"_links":{"self":[{"href":"https:\/\/conpleks.com\/robotech\/wp-json\/wp\/v2\/pages\/206"}],"collection":[{"href":"https:\/\/conpleks.com\/robotech\/wp-json\/wp\/v2\/pages"}],"about":[{"href":"https:\/\/conpleks.com\/robotech\/wp-json\/wp\/v2\/types\/page"}],"author":[{"embeddable":true,"href":"https:\/\/conpleks.com\/robotech\/wp-json\/wp\/v2\/users\/1"}],"replies":[{"embeddable":true,"href":"https:\/\/conpleks.com\/robotech\/wp-json\/wp\/v2\/comments?post=206"}],"version-history":[{"count":19,"href":"https:\/\/conpleks.com\/robotech\/wp-json\/wp\/v2\/pages\/206\/revisions"}],"predecessor-version":[{"id":1159,"href":"https:\/\/conpleks.com\/robotech\/wp-json\/wp\/v2\/pages\/206\/revisions\/1159"}],"up":[{"embeddable":true,"href":"https:\/\/conpleks.com\/robotech\/wp-json\/wp\/v2\/pages\/18"}],"wp:attachment":[{"href":"https:\/\/conpleks.com\/robotech\/wp-json\/wp\/v2\/media?parent=206"}],"curies":[{"name":"wp","href":"https:\/\/api.w.org\/{rel}","templated":true}]}}