{"id":377,"date":"2016-09-08T13:52:58","date_gmt":"2016-09-08T13:52:58","guid":{"rendered":"https:\/\/conpleks.com\/robotech\/?page_id=377"},"modified":"2020-08-19T14:05:44","modified_gmt":"2020-08-19T14:05:44","slug":"organisation","status":"publish","type":"page","link":"https:\/\/conpleks.com\/robotech\/om-conpleks\/organisation\/","title":{"rendered":"Organisation"},"content":{"rendered":"<div class=\"entry_content clear\">\n<h3><strong>Ledelse<\/strong><\/h3>\n<p><strong>Tom Simonsen\u00a0 <img loading=\"lazy\" decoding=\"async\" class=\"wp-image-1333 alignright\" src=\"https:\/\/conpleks.com\/robotech\/wp-content\/uploads\/sites\/2\/2020\/08\/Organisation_Conpleks-1024x598.png\" alt=\"Organization at Conpleks\" width=\"404\" height=\"236\" srcset=\"https:\/\/conpleks.com\/robotech\/wp-content\/uploads\/sites\/2\/2020\/08\/Organisation_Conpleks-1024x598.png 1024w, https:\/\/conpleks.com\/robotech\/wp-content\/uploads\/sites\/2\/2020\/08\/Organisation_Conpleks-300x175.png 300w, https:\/\/conpleks.com\/robotech\/wp-content\/uploads\/sites\/2\/2020\/08\/Organisation_Conpleks-768x449.png 768w, https:\/\/conpleks.com\/robotech\/wp-content\/uploads\/sites\/2\/2020\/08\/Organisation_Conpleks-700x409.png 700w, https:\/\/conpleks.com\/robotech\/wp-content\/uploads\/sites\/2\/2020\/08\/Organisation_Conpleks.png 1227w\" sizes=\"(max-width: 404px) 100vw, 404px\" \/><br \/>\n<\/strong>Administrerende direkt\u00f8r og grundl\u00e6gger<\/p>\n<p><strong>Allan Skovgaard<\/strong><br \/>\nBestyrelsesformand<\/p>\n<p><strong>Hans Knutsson<\/strong><br \/>\nSeniorkonsulent og grundl\u00e6gger<\/p>\n<h3><strong>Kontaktoplysninger<\/strong><\/h3>\n<p><strong>Conpleks Innovation ApS<\/strong><br \/>\nBusinessPark Struer<br \/>\nF\u00e6lledvej 17<br \/>\nDK-7600 Struer<\/p>\n<p><strong>Tlf.:<\/strong> +45 9663 0900<\/p>\n<p><strong>E-mail:<\/strong> <a href=\"mailto:contact@conpleks.com\" target=\"_blank\" rel=\"noopener noreferrer\">contact@conpleks.com<\/a><\/p>\n<p><strong>Beholderi:<\/strong> <a href=\"mailto:invoice@conpleks.com\" target=\"_blank\" rel=\"noopener noreferrer\">invoice@conpleks.com<\/a><\/p>\n<p><strong>CVR nr:<\/strong> 3316 4602<\/p>\n<p>&nbsp;<\/p>\n<p style=\"padding-left: 40px;\"><strong>Conpleks Innovation<\/strong> er en dynamisk arbejdsplads med en flad organisations-<br \/>\nstruktur. Det vil sige, vi har korte kommandoveje, hvilket g\u00f8r os fleksible<br \/>\nog kreative. Vi centrerer os i teams indenfor software, cloud, hardware<br \/>\nog mekanik og overlapper hinanden afh\u00e6ngig af projekt og opgave.<br \/>\nSoftwarem\u00e6ssigt arbejder vi endvidere agilt og i sprint af to ugers varighed.<\/p>\n<\/div>\n","protected":false},"excerpt":{"rendered":"<p>Ledelse Tom Simonsen\u00a0 Administrerende direkt\u00f8r og grundl\u00e6gger Allan Skovgaard Bestyrelsesformand Hans Knutsson Seniorkonsulent og grundl\u00e6gger Kontaktoplysninger Conpleks Innovation ApS BusinessPark Struer F\u00e6lledvej 17 DK-7600 Struer Tlf.: +45 9663 0900 E-mail: contact@conpleks.com Beholderi: invoice@conpleks.com CVR nr: 3316 4602 &nbsp; Conpleks Innovation er en dynamisk arbejdsplads med en flad organisations- struktur. Det vil sige, vi har korte [&hellip;]<\/p>\n","protected":false},"author":1,"featured_media":0,"parent":14,"menu_order":0,"comment_status":"closed","ping_status":"closed","template":"","meta":{"footnotes":""},"class_list":["post-377","page","type-page","status-publish","hentry"],"yoast_head":"<!-- This site is optimized with the Yoast SEO plugin v23.2 - https:\/\/yoast.com\/wordpress\/plugins\/seo\/ -->\n<title>Organisation - Robotech<\/title>\n<meta name=\"robots\" content=\"index, follow, max-snippet:-1, max-image-preview:large, max-video-preview:-1\" \/>\n<link rel=\"canonical\" href=\"https:\/\/conpleks.com\/robotech\/om-conpleks\/organisation\/\" \/>\n<meta property=\"og:locale\" content=\"da_DK\" \/>\n<meta property=\"og:type\" content=\"article\" \/>\n<meta property=\"og:title\" content=\"Organisation - Robotech\" \/>\n<meta property=\"og:description\" content=\"Ledelse Tom Simonsen\u00a0 Administrerende direkt\u00f8r og grundl\u00e6gger Allan Skovgaard Bestyrelsesformand Hans Knutsson Seniorkonsulent og grundl\u00e6gger Kontaktoplysninger Conpleks Innovation ApS BusinessPark Struer F\u00e6lledvej 17 DK-7600 Struer Tlf.: +45 9663 0900 E-mail: contact@conpleks.com Beholderi: invoice@conpleks.com CVR nr: 3316 4602 &nbsp; Conpleks Innovation er en dynamisk arbejdsplads med en flad organisations- struktur. Det vil sige, vi har korte [&hellip;]\" \/>\n<meta property=\"og:url\" content=\"https:\/\/conpleks.com\/robotech\/om-conpleks\/organisation\/\" \/>\n<meta property=\"og:site_name\" content=\"Robotech\" \/>\n<meta property=\"article:modified_time\" content=\"2020-08-19T14:05:44+00:00\" \/>\n<meta property=\"og:image\" content=\"https:\/\/conpleks.com\/robotech\/wp-content\/uploads\/sites\/2\/2020\/08\/Organisation_Conpleks-1024x598.png\" \/>\n<meta name=\"twitter:card\" content=\"summary_large_image\" \/>\n<script type=\"application\/ld+json\" class=\"yoast-schema-graph\">{\"@context\":\"https:\/\/schema.org\",\"@graph\":[{\"@type\":\"WebPage\",\"@id\":\"https:\/\/conpleks.com\/robotech\/om-conpleks\/organisation\/\",\"url\":\"https:\/\/conpleks.com\/robotech\/om-conpleks\/organisation\/\",\"name\":\"Organisation - Robotech\",\"isPartOf\":{\"@id\":\"https:\/\/conpleks.com\/robotech\/#website\"},\"primaryImageOfPage\":{\"@id\":\"https:\/\/conpleks.com\/robotech\/om-conpleks\/organisation\/#primaryimage\"},\"image\":{\"@id\":\"https:\/\/conpleks.com\/robotech\/om-conpleks\/organisation\/#primaryimage\"},\"thumbnailUrl\":\"https:\/\/conpleks.com\/robotech\/wp-content\/uploads\/sites\/2\/2020\/08\/Organisation_Conpleks-1024x598.png\",\"datePublished\":\"2016-09-08T13:52:58+00:00\",\"dateModified\":\"2020-08-19T14:05:44+00:00\",\"breadcrumb\":{\"@id\":\"https:\/\/conpleks.com\/robotech\/om-conpleks\/organisation\/#breadcrumb\"},\"inLanguage\":\"da-DK\",\"potentialAction\":[{\"@type\":\"ReadAction\",\"target\":[\"https:\/\/conpleks.com\/robotech\/om-conpleks\/organisation\/\"]}]},{\"@type\":\"ImageObject\",\"inLanguage\":\"da-DK\",\"@id\":\"https:\/\/conpleks.com\/robotech\/om-conpleks\/organisation\/#primaryimage\",\"url\":\"https:\/\/conpleks.com\/robotech\/wp-content\/uploads\/sites\/2\/2020\/08\/Organisation_Conpleks.png\",\"contentUrl\":\"https:\/\/conpleks.com\/robotech\/wp-content\/uploads\/sites\/2\/2020\/08\/Organisation_Conpleks.png\",\"width\":1227,\"height\":717,\"caption\":\"Organization at Conpleks\"},{\"@type\":\"BreadcrumbList\",\"@id\":\"https:\/\/conpleks.com\/robotech\/om-conpleks\/organisation\/#breadcrumb\",\"itemListElement\":[{\"@type\":\"ListItem\",\"position\":1,\"name\":\"Home\",\"item\":\"https:\/\/conpleks.com\/robotech\/\"},{\"@type\":\"ListItem\",\"position\":2,\"name\":\"Om Conpleks Robotech\",\"item\":\"https:\/\/conpleks.com\/robotech\/om-conpleks\/\"},{\"@type\":\"ListItem\",\"position\":3,\"name\":\"Organisation\"}]},{\"@type\":\"WebSite\",\"@id\":\"https:\/\/conpleks.com\/robotech\/#website\",\"url\":\"https:\/\/conpleks.com\/robotech\/\",\"name\":\"Robotech\",\"description\":\"Outdoor Mobile Robots\",\"potentialAction\":[{\"@type\":\"SearchAction\",\"target\":{\"@type\":\"EntryPoint\",\"urlTemplate\":\"https:\/\/conpleks.com\/robotech\/?s={search_term_string}\"},\"query-input\":\"required name=search_term_string\"}],\"inLanguage\":\"da-DK\"}]}<\/script>\n<!-- \/ Yoast SEO plugin. -->","yoast_head_json":{"title":"Organisation - Robotech","robots":{"index":"index","follow":"follow","max-snippet":"max-snippet:-1","max-image-preview":"max-image-preview:large","max-video-preview":"max-video-preview:-1"},"canonical":"https:\/\/conpleks.com\/robotech\/om-conpleks\/organisation\/","og_locale":"da_DK","og_type":"article","og_title":"Organisation - Robotech","og_description":"Ledelse Tom Simonsen\u00a0 Administrerende direkt\u00f8r og grundl\u00e6gger Allan Skovgaard Bestyrelsesformand Hans Knutsson Seniorkonsulent og grundl\u00e6gger Kontaktoplysninger Conpleks Innovation ApS BusinessPark Struer F\u00e6lledvej 17 DK-7600 Struer Tlf.: +45 9663 0900 E-mail: contact@conpleks.com Beholderi: invoice@conpleks.com CVR nr: 3316 4602 &nbsp; Conpleks Innovation er en dynamisk arbejdsplads med en flad organisations- struktur. Det vil sige, vi har korte [&hellip;]","og_url":"https:\/\/conpleks.com\/robotech\/om-conpleks\/organisation\/","og_site_name":"Robotech","article_modified_time":"2020-08-19T14:05:44+00:00","og_image":[{"url":"https:\/\/conpleks.com\/robotech\/wp-content\/uploads\/sites\/2\/2020\/08\/Organisation_Conpleks-1024x598.png"}],"twitter_card":"summary_large_image","schema":{"@context":"https:\/\/schema.org","@graph":[{"@type":"WebPage","@id":"https:\/\/conpleks.com\/robotech\/om-conpleks\/organisation\/","url":"https:\/\/conpleks.com\/robotech\/om-conpleks\/organisation\/","name":"Organisation - Robotech","isPartOf":{"@id":"https:\/\/conpleks.com\/robotech\/#website"},"primaryImageOfPage":{"@id":"https:\/\/conpleks.com\/robotech\/om-conpleks\/organisation\/#primaryimage"},"image":{"@id":"https:\/\/conpleks.com\/robotech\/om-conpleks\/organisation\/#primaryimage"},"thumbnailUrl":"https:\/\/conpleks.com\/robotech\/wp-content\/uploads\/sites\/2\/2020\/08\/Organisation_Conpleks-1024x598.png","datePublished":"2016-09-08T13:52:58+00:00","dateModified":"2020-08-19T14:05:44+00:00","breadcrumb":{"@id":"https:\/\/conpleks.com\/robotech\/om-conpleks\/organisation\/#breadcrumb"},"inLanguage":"da-DK","potentialAction":[{"@type":"ReadAction","target":["https:\/\/conpleks.com\/robotech\/om-conpleks\/organisation\/"]}]},{"@type":"ImageObject","inLanguage":"da-DK","@id":"https:\/\/conpleks.com\/robotech\/om-conpleks\/organisation\/#primaryimage","url":"https:\/\/conpleks.com\/robotech\/wp-content\/uploads\/sites\/2\/2020\/08\/Organisation_Conpleks.png","contentUrl":"https:\/\/conpleks.com\/robotech\/wp-content\/uploads\/sites\/2\/2020\/08\/Organisation_Conpleks.png","width":1227,"height":717,"caption":"Organization at Conpleks"},{"@type":"BreadcrumbList","@id":"https:\/\/conpleks.com\/robotech\/om-conpleks\/organisation\/#breadcrumb","itemListElement":[{"@type":"ListItem","position":1,"name":"Home","item":"https:\/\/conpleks.com\/robotech\/"},{"@type":"ListItem","position":2,"name":"Om Conpleks Robotech","item":"https:\/\/conpleks.com\/robotech\/om-conpleks\/"},{"@type":"ListItem","position":3,"name":"Organisation"}]},{"@type":"WebSite","@id":"https:\/\/conpleks.com\/robotech\/#website","url":"https:\/\/conpleks.com\/robotech\/","name":"Robotech","description":"Outdoor Mobile Robots","potentialAction":[{"@type":"SearchAction","target":{"@type":"EntryPoint","urlTemplate":"https:\/\/conpleks.com\/robotech\/?s={search_term_string}"},"query-input":"required name=search_term_string"}],"inLanguage":"da-DK"}]}},"_links":{"self":[{"href":"https:\/\/conpleks.com\/robotech\/wp-json\/wp\/v2\/pages\/377"}],"collection":[{"href":"https:\/\/conpleks.com\/robotech\/wp-json\/wp\/v2\/pages"}],"about":[{"href":"https:\/\/conpleks.com\/robotech\/wp-json\/wp\/v2\/types\/page"}],"author":[{"embeddable":true,"href":"https:\/\/conpleks.com\/robotech\/wp-json\/wp\/v2\/users\/1"}],"replies":[{"embeddable":true,"href":"https:\/\/conpleks.com\/robotech\/wp-json\/wp\/v2\/comments?post=377"}],"version-history":[{"count":41,"href":"https:\/\/conpleks.com\/robotech\/wp-json\/wp\/v2\/pages\/377\/revisions"}],"predecessor-version":[{"id":1338,"href":"https:\/\/conpleks.com\/robotech\/wp-json\/wp\/v2\/pages\/377\/revisions\/1338"}],"up":[{"embeddable":true,"href":"https:\/\/conpleks.com\/robotech\/wp-json\/wp\/v2\/pages\/14"}],"wp:attachment":[{"href":"https:\/\/conpleks.com\/robotech\/wp-json\/wp\/v2\/media?parent=377"}],"curies":[{"name":"wp","href":"https:\/\/api.w.org\/{rel}","templated":true}]}}