{"id":481,"date":"2016-09-15T08:03:08","date_gmt":"2016-09-15T08:03:08","guid":{"rendered":"https:\/\/conpleks.com\/robotech\/?page_id=481"},"modified":"2020-04-24T08:47:09","modified_gmt":"2020-04-24T08:47:09","slug":"clara-cloud","status":"publish","type":"page","link":"https:\/\/conpleks.com\/robotech\/produkter\/clara-cloud\/","title":{"rendered":"Conpleks Clara Cloud"},"content":{"rendered":"<div class=\"entry_content clear\">\n<p>Conpleks Clara Cloud er en moderne IoT cloudl\u00f8sning til tracking af k\u00f8rselsdata for udend\u00f8rs, mobile robotter. Clouden viser robottens livestatus for en r\u00e6kke funktioner, herunder position, str\u00f8mniveau og hastighed. Sammens\u00e6tningen af funktionerne kan tilpasses efter behov, hvormed den viste livestatus giver et hurtigt overblik over robottens tilstand. Derudover indeholder Clara Cloud ogs\u00e5 funktioner til robotfl\u00e5destyring, brugergruppegodkendelse og distribution af centralt kontrollerede softwareopgraderinger.<\/p>\n<p>Clara Cloud bygger p\u00e5 de f\u00f8lgende tre hovedfunktioner, indsamling af information, dataanalyse og sidst men ikke mindst muligheden for real-time beslutningstagen.<br \/>\nMens den f\u00f8rste hovedfunktion indsamler dataene, g\u00f8r den anden det nemt at anvende dem, idet brugeren blandt andet kan fasts\u00e6tte forskellige gr\u00e6nsev\u00e6rdier for de givne data og generere forskellige rapporter fra clouden. Den tredje og banebrydende hovedfunktion g\u00f8r det muligt for brugeren at tage beslutninger baseret p\u00e5 real-time data.<\/p>\n<p><strong>Indsamling af information<\/strong><\/p>\n<ul>\n<li>Positionsdata, som indsamler forskellige data fra placeringen og funktionaliteten af de tilsluttede robotter<\/li>\n<li>Aktivitetsdata, som logger aktiviteterne og viser de k\u00f8rte spor, hvilket g\u00f8r det muligt at vise omkreds- og d\u00e6kningskort samt k\u00f8rselsintensiteten p\u00e5 steder, hvor robotten har k\u00f8rt flere gange<\/li>\n<li>Vedligeholdelsesdata, som registrerer information om robotten til support- og vedligeholdelsesform\u00e5l<\/li>\n<\/ul>\n<p><strong>Dataanalyse<\/strong><\/p>\n<ul>\n<li>Rapporter omhandlende aktiviteter, fl\u00e5den og k\u00f8rselsomr\u00e5der<\/li>\n<li>Kort over og rapporter om anvendelsen<\/li>\n<li>Rapportering af afvigelser og begivenheder ud fra brugerdefinerede gr\u00e6nsev\u00e6rdier<\/li>\n<\/ul>\n<p><strong>Real-time beslutningstagen<\/strong><\/p>\n<ul>\n<li>Livestatus p\u00e5 alle online robotter, k\u00f8ret\u00f8jer, redskaber og v\u00e6rkt\u00f8jer<\/li>\n<li>Beskedsystem via e-mail eller push-beskeder, der aktiveres i tilf\u00e6lde af, at givne gr\u00e6nsev\u00e6rdier overskrides<\/li>\n<\/ul>\n<p><img loading=\"lazy\" decoding=\"async\" class=\"wp-image-1152 aligncenter\" src=\"https:\/\/conpleks.com\/robotech\/wp-content\/uploads\/sites\/2\/2019\/07\/CLARA_sort_paa_hvid-1024x637.jpg\" alt=\"\" width=\"200\" height=\"125\" srcset=\"https:\/\/conpleks.com\/robotech\/wp-content\/uploads\/sites\/2\/2019\/07\/CLARA_sort_paa_hvid-1024x637.jpg 1024w, https:\/\/conpleks.com\/robotech\/wp-content\/uploads\/sites\/2\/2019\/07\/CLARA_sort_paa_hvid-300x187.jpg 300w, https:\/\/conpleks.com\/robotech\/wp-content\/uploads\/sites\/2\/2019\/07\/CLARA_sort_paa_hvid-768x478.jpg 768w, https:\/\/conpleks.com\/robotech\/wp-content\/uploads\/sites\/2\/2019\/07\/CLARA_sort_paa_hvid-700x436.jpg 700w, https:\/\/conpleks.com\/robotech\/wp-content\/uploads\/sites\/2\/2019\/07\/CLARA_sort_paa_hvid.jpg 1070w\" sizes=\"(max-width: 200px) 100vw, 200px\" \/><\/div>\n","protected":false},"excerpt":{"rendered":"<p>Conpleks Clara Cloud er en moderne IoT cloudl\u00f8sning til tracking af k\u00f8rselsdata for udend\u00f8rs, mobile robotter. Clouden viser robottens livestatus for en r\u00e6kke funktioner, herunder position, str\u00f8mniveau og hastighed. Sammens\u00e6tningen af funktionerne kan tilpasses efter behov, hvormed den viste livestatus giver et hurtigt overblik over robottens tilstand. Derudover indeholder Clara Cloud ogs\u00e5 funktioner til robotfl\u00e5destyring, [&hellip;]<\/p>\n","protected":false},"author":1,"featured_media":0,"parent":18,"menu_order":0,"comment_status":"closed","ping_status":"closed","template":"","meta":{"footnotes":""},"class_list":["post-481","page","type-page","status-publish","hentry"],"yoast_head":"<!-- This site is optimized with the Yoast SEO plugin v23.2 - https:\/\/yoast.com\/wordpress\/plugins\/seo\/ -->\n<title>Conpleks Clara Cloud - Robotech<\/title>\n<meta name=\"robots\" content=\"index, follow, max-snippet:-1, max-image-preview:large, max-video-preview:-1\" \/>\n<link rel=\"canonical\" href=\"https:\/\/conpleks.com\/robotech\/produkter\/clara-cloud\/\" \/>\n<meta property=\"og:locale\" content=\"da_DK\" \/>\n<meta property=\"og:type\" content=\"article\" \/>\n<meta property=\"og:title\" content=\"Conpleks Clara Cloud - Robotech\" \/>\n<meta property=\"og:description\" content=\"Conpleks Clara Cloud er en moderne IoT cloudl\u00f8sning til tracking af k\u00f8rselsdata for udend\u00f8rs, mobile robotter. Clouden viser robottens livestatus for en r\u00e6kke funktioner, herunder position, str\u00f8mniveau og hastighed. Sammens\u00e6tningen af funktionerne kan tilpasses efter behov, hvormed den viste livestatus giver et hurtigt overblik over robottens tilstand. Derudover indeholder Clara Cloud ogs\u00e5 funktioner til robotfl\u00e5destyring, [&hellip;]\" \/>\n<meta property=\"og:url\" content=\"https:\/\/conpleks.com\/robotech\/produkter\/clara-cloud\/\" \/>\n<meta property=\"og:site_name\" content=\"Robotech\" \/>\n<meta property=\"article:modified_time\" content=\"2020-04-24T08:47:09+00:00\" \/>\n<meta property=\"og:image\" content=\"https:\/\/conpleks.com\/robotech\/wp-content\/uploads\/sites\/2\/2019\/07\/CLARA_sort_paa_hvid-1024x637.jpg\" \/>\n<meta name=\"twitter:card\" content=\"summary_large_image\" \/>\n<meta name=\"twitter:label1\" content=\"Est. reading time\" \/>\n\t<meta name=\"twitter:data1\" content=\"1 minut\" \/>\n<script type=\"application\/ld+json\" class=\"yoast-schema-graph\">{\"@context\":\"https:\/\/schema.org\",\"@graph\":[{\"@type\":\"WebPage\",\"@id\":\"https:\/\/conpleks.com\/robotech\/produkter\/clara-cloud\/\",\"url\":\"https:\/\/conpleks.com\/robotech\/produkter\/clara-cloud\/\",\"name\":\"Conpleks Clara Cloud - Robotech\",\"isPartOf\":{\"@id\":\"https:\/\/conpleks.com\/robotech\/#website\"},\"primaryImageOfPage\":{\"@id\":\"https:\/\/conpleks.com\/robotech\/produkter\/clara-cloud\/#primaryimage\"},\"image\":{\"@id\":\"https:\/\/conpleks.com\/robotech\/produkter\/clara-cloud\/#primaryimage\"},\"thumbnailUrl\":\"https:\/\/conpleks.com\/robotech\/wp-content\/uploads\/sites\/2\/2019\/07\/CLARA_sort_paa_hvid-1024x637.jpg\",\"datePublished\":\"2016-09-15T08:03:08+00:00\",\"dateModified\":\"2020-04-24T08:47:09+00:00\",\"breadcrumb\":{\"@id\":\"https:\/\/conpleks.com\/robotech\/produkter\/clara-cloud\/#breadcrumb\"},\"inLanguage\":\"da-DK\",\"potentialAction\":[{\"@type\":\"ReadAction\",\"target\":[\"https:\/\/conpleks.com\/robotech\/produkter\/clara-cloud\/\"]}]},{\"@type\":\"ImageObject\",\"inLanguage\":\"da-DK\",\"@id\":\"https:\/\/conpleks.com\/robotech\/produkter\/clara-cloud\/#primaryimage\",\"url\":\"https:\/\/conpleks.com\/robotech\/wp-content\/uploads\/sites\/2\/2019\/07\/CLARA_sort_paa_hvid.jpg\",\"contentUrl\":\"https:\/\/conpleks.com\/robotech\/wp-content\/uploads\/sites\/2\/2019\/07\/CLARA_sort_paa_hvid.jpg\",\"width\":1070,\"height\":666},{\"@type\":\"BreadcrumbList\",\"@id\":\"https:\/\/conpleks.com\/robotech\/produkter\/clara-cloud\/#breadcrumb\",\"itemListElement\":[{\"@type\":\"ListItem\",\"position\":1,\"name\":\"Home\",\"item\":\"https:\/\/conpleks.com\/robotech\/\"},{\"@type\":\"ListItem\",\"position\":2,\"name\":\"Produkter\",\"item\":\"https:\/\/conpleks.com\/robotech\/produkter\/\"},{\"@type\":\"ListItem\",\"position\":3,\"name\":\"Conpleks Clara Cloud\"}]},{\"@type\":\"WebSite\",\"@id\":\"https:\/\/conpleks.com\/robotech\/#website\",\"url\":\"https:\/\/conpleks.com\/robotech\/\",\"name\":\"Robotech\",\"description\":\"Outdoor Mobile Robots\",\"potentialAction\":[{\"@type\":\"SearchAction\",\"target\":{\"@type\":\"EntryPoint\",\"urlTemplate\":\"https:\/\/conpleks.com\/robotech\/?s={search_term_string}\"},\"query-input\":\"required name=search_term_string\"}],\"inLanguage\":\"da-DK\"}]}<\/script>\n<!-- \/ Yoast SEO plugin. -->","yoast_head_json":{"title":"Conpleks Clara Cloud - Robotech","robots":{"index":"index","follow":"follow","max-snippet":"max-snippet:-1","max-image-preview":"max-image-preview:large","max-video-preview":"max-video-preview:-1"},"canonical":"https:\/\/conpleks.com\/robotech\/produkter\/clara-cloud\/","og_locale":"da_DK","og_type":"article","og_title":"Conpleks Clara Cloud - Robotech","og_description":"Conpleks Clara Cloud er en moderne IoT cloudl\u00f8sning til tracking af k\u00f8rselsdata for udend\u00f8rs, mobile robotter. Clouden viser robottens livestatus for en r\u00e6kke funktioner, herunder position, str\u00f8mniveau og hastighed. Sammens\u00e6tningen af funktionerne kan tilpasses efter behov, hvormed den viste livestatus giver et hurtigt overblik over robottens tilstand. Derudover indeholder Clara Cloud ogs\u00e5 funktioner til robotfl\u00e5destyring, [&hellip;]","og_url":"https:\/\/conpleks.com\/robotech\/produkter\/clara-cloud\/","og_site_name":"Robotech","article_modified_time":"2020-04-24T08:47:09+00:00","og_image":[{"url":"https:\/\/conpleks.com\/robotech\/wp-content\/uploads\/sites\/2\/2019\/07\/CLARA_sort_paa_hvid-1024x637.jpg"}],"twitter_card":"summary_large_image","twitter_misc":{"Est. reading time":"1 minut"},"schema":{"@context":"https:\/\/schema.org","@graph":[{"@type":"WebPage","@id":"https:\/\/conpleks.com\/robotech\/produkter\/clara-cloud\/","url":"https:\/\/conpleks.com\/robotech\/produkter\/clara-cloud\/","name":"Conpleks Clara Cloud - Robotech","isPartOf":{"@id":"https:\/\/conpleks.com\/robotech\/#website"},"primaryImageOfPage":{"@id":"https:\/\/conpleks.com\/robotech\/produkter\/clara-cloud\/#primaryimage"},"image":{"@id":"https:\/\/conpleks.com\/robotech\/produkter\/clara-cloud\/#primaryimage"},"thumbnailUrl":"https:\/\/conpleks.com\/robotech\/wp-content\/uploads\/sites\/2\/2019\/07\/CLARA_sort_paa_hvid-1024x637.jpg","datePublished":"2016-09-15T08:03:08+00:00","dateModified":"2020-04-24T08:47:09+00:00","breadcrumb":{"@id":"https:\/\/conpleks.com\/robotech\/produkter\/clara-cloud\/#breadcrumb"},"inLanguage":"da-DK","potentialAction":[{"@type":"ReadAction","target":["https:\/\/conpleks.com\/robotech\/produkter\/clara-cloud\/"]}]},{"@type":"ImageObject","inLanguage":"da-DK","@id":"https:\/\/conpleks.com\/robotech\/produkter\/clara-cloud\/#primaryimage","url":"https:\/\/conpleks.com\/robotech\/wp-content\/uploads\/sites\/2\/2019\/07\/CLARA_sort_paa_hvid.jpg","contentUrl":"https:\/\/conpleks.com\/robotech\/wp-content\/uploads\/sites\/2\/2019\/07\/CLARA_sort_paa_hvid.jpg","width":1070,"height":666},{"@type":"BreadcrumbList","@id":"https:\/\/conpleks.com\/robotech\/produkter\/clara-cloud\/#breadcrumb","itemListElement":[{"@type":"ListItem","position":1,"name":"Home","item":"https:\/\/conpleks.com\/robotech\/"},{"@type":"ListItem","position":2,"name":"Produkter","item":"https:\/\/conpleks.com\/robotech\/produkter\/"},{"@type":"ListItem","position":3,"name":"Conpleks Clara Cloud"}]},{"@type":"WebSite","@id":"https:\/\/conpleks.com\/robotech\/#website","url":"https:\/\/conpleks.com\/robotech\/","name":"Robotech","description":"Outdoor Mobile Robots","potentialAction":[{"@type":"SearchAction","target":{"@type":"EntryPoint","urlTemplate":"https:\/\/conpleks.com\/robotech\/?s={search_term_string}"},"query-input":"required name=search_term_string"}],"inLanguage":"da-DK"}]}},"_links":{"self":[{"href":"https:\/\/conpleks.com\/robotech\/wp-json\/wp\/v2\/pages\/481"}],"collection":[{"href":"https:\/\/conpleks.com\/robotech\/wp-json\/wp\/v2\/pages"}],"about":[{"href":"https:\/\/conpleks.com\/robotech\/wp-json\/wp\/v2\/types\/page"}],"author":[{"embeddable":true,"href":"https:\/\/conpleks.com\/robotech\/wp-json\/wp\/v2\/users\/1"}],"replies":[{"embeddable":true,"href":"https:\/\/conpleks.com\/robotech\/wp-json\/wp\/v2\/comments?post=481"}],"version-history":[{"count":13,"href":"https:\/\/conpleks.com\/robotech\/wp-json\/wp\/v2\/pages\/481\/revisions"}],"predecessor-version":[{"id":1320,"href":"https:\/\/conpleks.com\/robotech\/wp-json\/wp\/v2\/pages\/481\/revisions\/1320"}],"up":[{"embeddable":true,"href":"https:\/\/conpleks.com\/robotech\/wp-json\/wp\/v2\/pages\/18"}],"wp:attachment":[{"href":"https:\/\/conpleks.com\/robotech\/wp-json\/wp\/v2\/media?parent=481"}],"curies":[{"name":"wp","href":"https:\/\/api.w.org\/{rel}","templated":true}]}}