{"id":498,"date":"2016-09-15T09:32:29","date_gmt":"2016-09-15T09:32:29","guid":{"rendered":"https:\/\/conpleks.com\/robotech\/?page_id=498"},"modified":"2020-08-20T09:44:48","modified_gmt":"2020-08-20T09:44:48","slug":"lidt-baggrund","status":"publish","type":"page","link":"https:\/\/conpleks.com\/robotech\/om-conpleks\/lidt-baggrund\/","title":{"rendered":"Historie"},"content":{"rendered":"<div class=\"entry_content clear\">\n<p>Conpleks best\u00e5r af de to virksomheder Conpleks Robotech og Conpleks Innovation. Conpleks Innovation blev grundlagt i 2010 af Hans Knutsson og Tom Simonsen, og i 2016 udvidede de Conpleks-forretningen med Conpleks Robotech.<\/p>\n<p>Conpleks Innovation tilbyder professionel r\u00e5dgivning indenfor software, hardware og mekanik til alle former for forsknings- og udviklingsprojekter. Conpleks Robotech arbejder prim\u00e6rt med salg og levering af robotsoftware p\u00e5 licens og controllerhardware til udend\u00f8rs, mobile robotter. P\u00e5 f\u00e5 \u00e5r er Conpleks Robotech vokset gevaldigt og repr\u00e6senterer omkring 80 % af den samlede Conpleks-forretning.<\/p>\n<p>Teknisk viden og knowhow er grundlaget for Conpleks, og med en gruppe dygtige og h\u00f8jtuddannede medarbejdere er Conpleks Innovation og Conpleks Robotech st\u00e6rke og solide samarbejdspartnere. Fra hovedkvarteret i BusinessPark Struer servicerer virksomhederne b\u00e5de danske og udenlandske virksomheder i alle st\u00f8rrelser.<\/p>\n<p>Det innovative virksomhedsf\u00e6llesskab, der hersker i BusinessPark Struer, passer godt til Conpleks. Samtidig er Struer generelt en by med mange m\u00e5lrettede og teknologisk funderede erhvervsdrivende, hvorfor iv\u00e6rks\u00e6tteri er en stor del af Struers DNA. Dette er en af grundene til, at Struer i dag g\u00e5r under navnet Lydens by.<\/p>\n<p><a href=\"http:\/\/businessparkstruer.dk\/\" target=\"_blank\" rel=\"noopener noreferrer\"><img loading=\"lazy\" decoding=\"async\" class=\"alignnone size-full wp-image-971\" src=\"https:\/\/conpleks.com\/robotech\/wp-content\/uploads\/sites\/2\/2018\/10\/BPS_logo_CI-web.png\" alt=\"\" width=\"363\" height=\"150\" srcset=\"https:\/\/conpleks.com\/robotech\/wp-content\/uploads\/sites\/2\/2018\/10\/BPS_logo_CI-web.png 363w, https:\/\/conpleks.com\/robotech\/wp-content\/uploads\/sites\/2\/2018\/10\/BPS_logo_CI-web-300x124.png 300w\" sizes=\"(max-width: 363px) 100vw, 363px\" \/><\/a>\u00a0 \u00a0 \u00a0 \u00a0 \u00a0<img loading=\"lazy\" decoding=\"async\" class=\"alignnone wp-image-1339 size-full\" src=\"https:\/\/conpleks.com\/robotech\/wp-content\/uploads\/sites\/2\/2020\/08\/Lydens-by_logo.jpg\" alt=\"Struer - Lydens by\" width=\"260\" height=\"145\" \/><\/div>\n","protected":false},"excerpt":{"rendered":"<p>Conpleks best\u00e5r af de to virksomheder Conpleks Robotech og Conpleks Innovation. Conpleks Innovation blev grundlagt i 2010 af Hans Knutsson og Tom Simonsen, og i 2016 udvidede de Conpleks-forretningen med Conpleks Robotech. Conpleks Innovation tilbyder professionel r\u00e5dgivning indenfor software, hardware og mekanik til alle former for forsknings- og udviklingsprojekter. Conpleks Robotech arbejder prim\u00e6rt med salg [&hellip;]<\/p>\n","protected":false},"author":1,"featured_media":0,"parent":14,"menu_order":0,"comment_status":"closed","ping_status":"closed","template":"","meta":{"footnotes":""},"class_list":["post-498","page","type-page","status-publish","hentry"],"yoast_head":"<!-- This site is optimized with the Yoast SEO plugin v23.2 - https:\/\/yoast.com\/wordpress\/plugins\/seo\/ -->\n<title>Historie - Robotech<\/title>\n<meta name=\"robots\" content=\"index, follow, max-snippet:-1, max-image-preview:large, max-video-preview:-1\" \/>\n<link rel=\"canonical\" href=\"https:\/\/conpleks.com\/robotech\/om-conpleks\/lidt-baggrund\/\" \/>\n<meta property=\"og:locale\" content=\"da_DK\" \/>\n<meta property=\"og:type\" content=\"article\" \/>\n<meta property=\"og:title\" content=\"Historie - Robotech\" \/>\n<meta property=\"og:description\" content=\"Conpleks best\u00e5r af de to virksomheder Conpleks Robotech og Conpleks Innovation. Conpleks Innovation blev grundlagt i 2010 af Hans Knutsson og Tom Simonsen, og i 2016 udvidede de Conpleks-forretningen med Conpleks Robotech. Conpleks Innovation tilbyder professionel r\u00e5dgivning indenfor software, hardware og mekanik til alle former for forsknings- og udviklingsprojekter. Conpleks Robotech arbejder prim\u00e6rt med salg [&hellip;]\" \/>\n<meta property=\"og:url\" content=\"https:\/\/conpleks.com\/robotech\/om-conpleks\/lidt-baggrund\/\" \/>\n<meta property=\"og:site_name\" content=\"Robotech\" \/>\n<meta property=\"article:modified_time\" content=\"2020-08-20T09:44:48+00:00\" \/>\n<meta property=\"og:image\" content=\"https:\/\/conpleks.com\/robotech\/wp-content\/uploads\/sites\/2\/2018\/10\/BPS_logo_CI-web.png\" \/>\n<meta name=\"twitter:card\" content=\"summary_large_image\" \/>\n<meta name=\"twitter:label1\" content=\"Est. reading time\" \/>\n\t<meta name=\"twitter:data1\" content=\"1 minut\" \/>\n<script type=\"application\/ld+json\" class=\"yoast-schema-graph\">{\"@context\":\"https:\/\/schema.org\",\"@graph\":[{\"@type\":\"WebPage\",\"@id\":\"https:\/\/conpleks.com\/robotech\/om-conpleks\/lidt-baggrund\/\",\"url\":\"https:\/\/conpleks.com\/robotech\/om-conpleks\/lidt-baggrund\/\",\"name\":\"Historie - Robotech\",\"isPartOf\":{\"@id\":\"https:\/\/conpleks.com\/robotech\/#website\"},\"primaryImageOfPage\":{\"@id\":\"https:\/\/conpleks.com\/robotech\/om-conpleks\/lidt-baggrund\/#primaryimage\"},\"image\":{\"@id\":\"https:\/\/conpleks.com\/robotech\/om-conpleks\/lidt-baggrund\/#primaryimage\"},\"thumbnailUrl\":\"https:\/\/conpleks.com\/robotech\/wp-content\/uploads\/sites\/2\/2018\/10\/BPS_logo_CI-web.png\",\"datePublished\":\"2016-09-15T09:32:29+00:00\",\"dateModified\":\"2020-08-20T09:44:48+00:00\",\"breadcrumb\":{\"@id\":\"https:\/\/conpleks.com\/robotech\/om-conpleks\/lidt-baggrund\/#breadcrumb\"},\"inLanguage\":\"da-DK\",\"potentialAction\":[{\"@type\":\"ReadAction\",\"target\":[\"https:\/\/conpleks.com\/robotech\/om-conpleks\/lidt-baggrund\/\"]}]},{\"@type\":\"ImageObject\",\"inLanguage\":\"da-DK\",\"@id\":\"https:\/\/conpleks.com\/robotech\/om-conpleks\/lidt-baggrund\/#primaryimage\",\"url\":\"https:\/\/conpleks.com\/robotech\/wp-content\/uploads\/sites\/2\/2018\/10\/BPS_logo_CI-web.png\",\"contentUrl\":\"https:\/\/conpleks.com\/robotech\/wp-content\/uploads\/sites\/2\/2018\/10\/BPS_logo_CI-web.png\",\"width\":363,\"height\":150},{\"@type\":\"BreadcrumbList\",\"@id\":\"https:\/\/conpleks.com\/robotech\/om-conpleks\/lidt-baggrund\/#breadcrumb\",\"itemListElement\":[{\"@type\":\"ListItem\",\"position\":1,\"name\":\"Home\",\"item\":\"https:\/\/conpleks.com\/robotech\/\"},{\"@type\":\"ListItem\",\"position\":2,\"name\":\"Om Conpleks Robotech\",\"item\":\"https:\/\/conpleks.com\/robotech\/om-conpleks\/\"},{\"@type\":\"ListItem\",\"position\":3,\"name\":\"Historie\"}]},{\"@type\":\"WebSite\",\"@id\":\"https:\/\/conpleks.com\/robotech\/#website\",\"url\":\"https:\/\/conpleks.com\/robotech\/\",\"name\":\"Robotech\",\"description\":\"Outdoor Mobile Robots\",\"potentialAction\":[{\"@type\":\"SearchAction\",\"target\":{\"@type\":\"EntryPoint\",\"urlTemplate\":\"https:\/\/conpleks.com\/robotech\/?s={search_term_string}\"},\"query-input\":\"required name=search_term_string\"}],\"inLanguage\":\"da-DK\"}]}<\/script>\n<!-- \/ Yoast SEO plugin. -->","yoast_head_json":{"title":"Historie - Robotech","robots":{"index":"index","follow":"follow","max-snippet":"max-snippet:-1","max-image-preview":"max-image-preview:large","max-video-preview":"max-video-preview:-1"},"canonical":"https:\/\/conpleks.com\/robotech\/om-conpleks\/lidt-baggrund\/","og_locale":"da_DK","og_type":"article","og_title":"Historie - Robotech","og_description":"Conpleks best\u00e5r af de to virksomheder Conpleks Robotech og Conpleks Innovation. Conpleks Innovation blev grundlagt i 2010 af Hans Knutsson og Tom Simonsen, og i 2016 udvidede de Conpleks-forretningen med Conpleks Robotech. Conpleks Innovation tilbyder professionel r\u00e5dgivning indenfor software, hardware og mekanik til alle former for forsknings- og udviklingsprojekter. Conpleks Robotech arbejder prim\u00e6rt med salg [&hellip;]","og_url":"https:\/\/conpleks.com\/robotech\/om-conpleks\/lidt-baggrund\/","og_site_name":"Robotech","article_modified_time":"2020-08-20T09:44:48+00:00","og_image":[{"url":"https:\/\/conpleks.com\/robotech\/wp-content\/uploads\/sites\/2\/2018\/10\/BPS_logo_CI-web.png"}],"twitter_card":"summary_large_image","twitter_misc":{"Est. reading time":"1 minut"},"schema":{"@context":"https:\/\/schema.org","@graph":[{"@type":"WebPage","@id":"https:\/\/conpleks.com\/robotech\/om-conpleks\/lidt-baggrund\/","url":"https:\/\/conpleks.com\/robotech\/om-conpleks\/lidt-baggrund\/","name":"Historie - Robotech","isPartOf":{"@id":"https:\/\/conpleks.com\/robotech\/#website"},"primaryImageOfPage":{"@id":"https:\/\/conpleks.com\/robotech\/om-conpleks\/lidt-baggrund\/#primaryimage"},"image":{"@id":"https:\/\/conpleks.com\/robotech\/om-conpleks\/lidt-baggrund\/#primaryimage"},"thumbnailUrl":"https:\/\/conpleks.com\/robotech\/wp-content\/uploads\/sites\/2\/2018\/10\/BPS_logo_CI-web.png","datePublished":"2016-09-15T09:32:29+00:00","dateModified":"2020-08-20T09:44:48+00:00","breadcrumb":{"@id":"https:\/\/conpleks.com\/robotech\/om-conpleks\/lidt-baggrund\/#breadcrumb"},"inLanguage":"da-DK","potentialAction":[{"@type":"ReadAction","target":["https:\/\/conpleks.com\/robotech\/om-conpleks\/lidt-baggrund\/"]}]},{"@type":"ImageObject","inLanguage":"da-DK","@id":"https:\/\/conpleks.com\/robotech\/om-conpleks\/lidt-baggrund\/#primaryimage","url":"https:\/\/conpleks.com\/robotech\/wp-content\/uploads\/sites\/2\/2018\/10\/BPS_logo_CI-web.png","contentUrl":"https:\/\/conpleks.com\/robotech\/wp-content\/uploads\/sites\/2\/2018\/10\/BPS_logo_CI-web.png","width":363,"height":150},{"@type":"BreadcrumbList","@id":"https:\/\/conpleks.com\/robotech\/om-conpleks\/lidt-baggrund\/#breadcrumb","itemListElement":[{"@type":"ListItem","position":1,"name":"Home","item":"https:\/\/conpleks.com\/robotech\/"},{"@type":"ListItem","position":2,"name":"Om Conpleks Robotech","item":"https:\/\/conpleks.com\/robotech\/om-conpleks\/"},{"@type":"ListItem","position":3,"name":"Historie"}]},{"@type":"WebSite","@id":"https:\/\/conpleks.com\/robotech\/#website","url":"https:\/\/conpleks.com\/robotech\/","name":"Robotech","description":"Outdoor Mobile Robots","potentialAction":[{"@type":"SearchAction","target":{"@type":"EntryPoint","urlTemplate":"https:\/\/conpleks.com\/robotech\/?s={search_term_string}"},"query-input":"required name=search_term_string"}],"inLanguage":"da-DK"}]}},"_links":{"self":[{"href":"https:\/\/conpleks.com\/robotech\/wp-json\/wp\/v2\/pages\/498"}],"collection":[{"href":"https:\/\/conpleks.com\/robotech\/wp-json\/wp\/v2\/pages"}],"about":[{"href":"https:\/\/conpleks.com\/robotech\/wp-json\/wp\/v2\/types\/page"}],"author":[{"embeddable":true,"href":"https:\/\/conpleks.com\/robotech\/wp-json\/wp\/v2\/users\/1"}],"replies":[{"embeddable":true,"href":"https:\/\/conpleks.com\/robotech\/wp-json\/wp\/v2\/comments?post=498"}],"version-history":[{"count":9,"href":"https:\/\/conpleks.com\/robotech\/wp-json\/wp\/v2\/pages\/498\/revisions"}],"predecessor-version":[{"id":1341,"href":"https:\/\/conpleks.com\/robotech\/wp-json\/wp\/v2\/pages\/498\/revisions\/1341"}],"up":[{"embeddable":true,"href":"https:\/\/conpleks.com\/robotech\/wp-json\/wp\/v2\/pages\/14"}],"wp:attachment":[{"href":"https:\/\/conpleks.com\/robotech\/wp-json\/wp\/v2\/media?parent=498"}],"curies":[{"name":"wp","href":"https:\/\/api.w.org\/{rel}","templated":true}]}}