{"id":615,"date":"2016-09-17T07:11:29","date_gmt":"2016-09-17T07:11:29","guid":{"rendered":"https:\/\/conpleks.com\/robotech\/?page_id=615"},"modified":"2016-09-19T11:20:28","modified_gmt":"2016-09-19T11:20:28","slug":"conpleks-faar-ny-hjemmeside","status":"publish","type":"page","link":"https:\/\/conpleks.com\/robotech\/conpleks-faar-ny-hjemmeside\/","title":{"rendered":"Conpleks f\u00e5r ny hjemmeside"},"content":{"rendered":"<div class=\"entry_content clear\">\n<p>Struer, 16 september 2016<br \/>\nVi er meget glade for i dag at kunne pr\u00e6sentere jer for vores helt nye hjemmeside.Hjemmesiden er blevet totalt moderniseret og opdateret indholdsm\u00e6ssigt, og vi synes ogs\u00e5 vi har f\u00e5et et nyt brugervenligt design. Den nye hjemmeside afspejler vores st\u00e6rke fokus p\u00e5 robotteknologi. Conpleks Innovations s\u00f8sterselskab Conpleks Robotech er nu langt mere fremtr\u00e6dende.<\/p>\n<p>Ligeledes er Conpleks ogs\u00e5 mere synligt tilstede p\u00e5 flere sociale medier, Facebook, YouTube og LinkedIn.<\/p>\n<p>Vi h\u00e5ber I kan li\u2019 hjemmesiden.<\/p><\/div>\n","protected":false},"excerpt":{"rendered":"<p>Struer, 16 september 2016 Vi er meget glade for i dag at kunne pr\u00e6sentere jer for vores helt nye hjemmeside.Hjemmesiden er blevet totalt moderniseret og opdateret indholdsm\u00e6ssigt, og vi synes ogs\u00e5 vi har f\u00e5et et nyt brugervenligt design. Den nye hjemmeside afspejler vores st\u00e6rke fokus p\u00e5 robotteknologi. Conpleks Innovations s\u00f8sterselskab Conpleks Robotech er nu langt [&hellip;]<\/p>\n","protected":false},"author":2,"featured_media":0,"parent":0,"menu_order":0,"comment_status":"closed","ping_status":"closed","template":"","meta":{"footnotes":""},"class_list":["post-615","page","type-page","status-publish","hentry"],"yoast_head":"<!-- This site is optimized with the Yoast SEO plugin v23.2 - https:\/\/yoast.com\/wordpress\/plugins\/seo\/ -->\n<title>Conpleks f\u00e5r ny hjemmeside - Robotech<\/title>\n<meta name=\"robots\" content=\"index, follow, max-snippet:-1, max-image-preview:large, max-video-preview:-1\" \/>\n<link rel=\"canonical\" href=\"https:\/\/conpleks.com\/robotech\/conpleks-faar-ny-hjemmeside\/\" \/>\n<meta property=\"og:locale\" content=\"da_DK\" \/>\n<meta property=\"og:type\" content=\"article\" \/>\n<meta property=\"og:title\" content=\"Conpleks f\u00e5r ny hjemmeside - Robotech\" \/>\n<meta property=\"og:description\" content=\"Struer, 16 september 2016 Vi er meget glade for i dag at kunne pr\u00e6sentere jer for vores helt nye hjemmeside.Hjemmesiden er blevet totalt moderniseret og opdateret indholdsm\u00e6ssigt, og vi synes ogs\u00e5 vi har f\u00e5et et nyt brugervenligt design. Den nye hjemmeside afspejler vores st\u00e6rke fokus p\u00e5 robotteknologi. Conpleks Innovations s\u00f8sterselskab Conpleks Robotech er nu langt [&hellip;]\" \/>\n<meta property=\"og:url\" content=\"https:\/\/conpleks.com\/robotech\/conpleks-faar-ny-hjemmeside\/\" \/>\n<meta property=\"og:site_name\" content=\"Robotech\" \/>\n<meta property=\"article:modified_time\" content=\"2016-09-19T11:20:28+00:00\" \/>\n<meta name=\"twitter:card\" content=\"summary_large_image\" \/>\n<script type=\"application\/ld+json\" class=\"yoast-schema-graph\">{\"@context\":\"https:\/\/schema.org\",\"@graph\":[{\"@type\":\"WebPage\",\"@id\":\"https:\/\/conpleks.com\/robotech\/conpleks-faar-ny-hjemmeside\/\",\"url\":\"https:\/\/conpleks.com\/robotech\/conpleks-faar-ny-hjemmeside\/\",\"name\":\"Conpleks f\u00e5r ny hjemmeside - Robotech\",\"isPartOf\":{\"@id\":\"https:\/\/conpleks.com\/robotech\/#website\"},\"datePublished\":\"2016-09-17T07:11:29+00:00\",\"dateModified\":\"2016-09-19T11:20:28+00:00\",\"breadcrumb\":{\"@id\":\"https:\/\/conpleks.com\/robotech\/conpleks-faar-ny-hjemmeside\/#breadcrumb\"},\"inLanguage\":\"da-DK\",\"potentialAction\":[{\"@type\":\"ReadAction\",\"target\":[\"https:\/\/conpleks.com\/robotech\/conpleks-faar-ny-hjemmeside\/\"]}]},{\"@type\":\"BreadcrumbList\",\"@id\":\"https:\/\/conpleks.com\/robotech\/conpleks-faar-ny-hjemmeside\/#breadcrumb\",\"itemListElement\":[{\"@type\":\"ListItem\",\"position\":1,\"name\":\"Home\",\"item\":\"https:\/\/conpleks.com\/robotech\/\"},{\"@type\":\"ListItem\",\"position\":2,\"name\":\"Conpleks f\u00e5r ny hjemmeside\"}]},{\"@type\":\"WebSite\",\"@id\":\"https:\/\/conpleks.com\/robotech\/#website\",\"url\":\"https:\/\/conpleks.com\/robotech\/\",\"name\":\"Robotech\",\"description\":\"Outdoor Mobile Robots\",\"potentialAction\":[{\"@type\":\"SearchAction\",\"target\":{\"@type\":\"EntryPoint\",\"urlTemplate\":\"https:\/\/conpleks.com\/robotech\/?s={search_term_string}\"},\"query-input\":\"required name=search_term_string\"}],\"inLanguage\":\"da-DK\"}]}<\/script>\n<!-- \/ Yoast SEO plugin. -->","yoast_head_json":{"title":"Conpleks f\u00e5r ny hjemmeside - Robotech","robots":{"index":"index","follow":"follow","max-snippet":"max-snippet:-1","max-image-preview":"max-image-preview:large","max-video-preview":"max-video-preview:-1"},"canonical":"https:\/\/conpleks.com\/robotech\/conpleks-faar-ny-hjemmeside\/","og_locale":"da_DK","og_type":"article","og_title":"Conpleks f\u00e5r ny hjemmeside - Robotech","og_description":"Struer, 16 september 2016 Vi er meget glade for i dag at kunne pr\u00e6sentere jer for vores helt nye hjemmeside.Hjemmesiden er blevet totalt moderniseret og opdateret indholdsm\u00e6ssigt, og vi synes ogs\u00e5 vi har f\u00e5et et nyt brugervenligt design. Den nye hjemmeside afspejler vores st\u00e6rke fokus p\u00e5 robotteknologi. Conpleks Innovations s\u00f8sterselskab Conpleks Robotech er nu langt [&hellip;]","og_url":"https:\/\/conpleks.com\/robotech\/conpleks-faar-ny-hjemmeside\/","og_site_name":"Robotech","article_modified_time":"2016-09-19T11:20:28+00:00","twitter_card":"summary_large_image","schema":{"@context":"https:\/\/schema.org","@graph":[{"@type":"WebPage","@id":"https:\/\/conpleks.com\/robotech\/conpleks-faar-ny-hjemmeside\/","url":"https:\/\/conpleks.com\/robotech\/conpleks-faar-ny-hjemmeside\/","name":"Conpleks f\u00e5r ny hjemmeside - Robotech","isPartOf":{"@id":"https:\/\/conpleks.com\/robotech\/#website"},"datePublished":"2016-09-17T07:11:29+00:00","dateModified":"2016-09-19T11:20:28+00:00","breadcrumb":{"@id":"https:\/\/conpleks.com\/robotech\/conpleks-faar-ny-hjemmeside\/#breadcrumb"},"inLanguage":"da-DK","potentialAction":[{"@type":"ReadAction","target":["https:\/\/conpleks.com\/robotech\/conpleks-faar-ny-hjemmeside\/"]}]},{"@type":"BreadcrumbList","@id":"https:\/\/conpleks.com\/robotech\/conpleks-faar-ny-hjemmeside\/#breadcrumb","itemListElement":[{"@type":"ListItem","position":1,"name":"Home","item":"https:\/\/conpleks.com\/robotech\/"},{"@type":"ListItem","position":2,"name":"Conpleks f\u00e5r ny hjemmeside"}]},{"@type":"WebSite","@id":"https:\/\/conpleks.com\/robotech\/#website","url":"https:\/\/conpleks.com\/robotech\/","name":"Robotech","description":"Outdoor Mobile Robots","potentialAction":[{"@type":"SearchAction","target":{"@type":"EntryPoint","urlTemplate":"https:\/\/conpleks.com\/robotech\/?s={search_term_string}"},"query-input":"required name=search_term_string"}],"inLanguage":"da-DK"}]}},"_links":{"self":[{"href":"https:\/\/conpleks.com\/robotech\/wp-json\/wp\/v2\/pages\/615"}],"collection":[{"href":"https:\/\/conpleks.com\/robotech\/wp-json\/wp\/v2\/pages"}],"about":[{"href":"https:\/\/conpleks.com\/robotech\/wp-json\/wp\/v2\/types\/page"}],"author":[{"embeddable":true,"href":"https:\/\/conpleks.com\/robotech\/wp-json\/wp\/v2\/users\/2"}],"replies":[{"embeddable":true,"href":"https:\/\/conpleks.com\/robotech\/wp-json\/wp\/v2\/comments?post=615"}],"version-history":[{"count":2,"href":"https:\/\/conpleks.com\/robotech\/wp-json\/wp\/v2\/pages\/615\/revisions"}],"predecessor-version":[{"id":645,"href":"https:\/\/conpleks.com\/robotech\/wp-json\/wp\/v2\/pages\/615\/revisions\/645"}],"wp:attachment":[{"href":"https:\/\/conpleks.com\/robotech\/wp-json\/wp\/v2\/media?parent=615"}],"curies":[{"name":"wp","href":"https:\/\/api.w.org\/{rel}","templated":true}]}}